{"id":2591,"date":"2022-10-08T23:39:59","date_gmt":"2022-10-08T20:14:15","guid":{"rendered":"https:\/\/sepehrcharity.com\/hafez\/?page_id=2591"},"modified":"2024-05-22T16:11:46","modified_gmt":"2024-05-22T14:11:46","slug":"council","status":"publish","type":"page","link":"https:\/\/charity-hafez.com\/de\/council\/","title":{"rendered":"Beirat"},"content":{"rendered":"\t\t<div data-elementor-type=\"wp-page\" data-elementor-id=\"2591\" class=\"elementor elementor-2591\">\n\t\t\t\t\t\t<section class=\"elementor-section elementor-top-section elementor-element elementor-element-42a85b6a elementor-section-boxed elementor-section-height-default elementor-section-height-default\" data-id=\"42a85b6a\" data-element_type=\"section\">\n\t\t\t\t\t\t<div class=\"elementor-container elementor-column-gap-default\">\n\t\t\t\t\t<div class=\"elementor-column elementor-col-100 elementor-top-column elementor-element elementor-element-e939730\" data-id=\"e939730\" data-element_type=\"column\">\n\t\t\t<div class=\"elementor-widget-wrap elementor-element-populated\">\n\t\t\t\t\t\t<div class=\"elementor-element elementor-element-f066710 elementor-widget elementor-widget-text-editor\" data-id=\"f066710\" data-element_type=\"widget\" data-widget_type=\"text-editor.default\">\n\t\t\t\t<div class=\"elementor-widget-container\">\n\t\t\t\t\t\t\t\t\t<p style=\"text-align: left;\">Seit Beginn der Wohlt\u00e4tigkeitsaktivit\u00e4ten wurden neun M\u00fctter von iranischen Hafez-Sch\u00fclern, die sich stets f\u00fcr die Schule eingesetzt hatten, in den Beirat gew\u00e4hlt. Die Mitglieder des Vorstandes werden aus den Reihen des Beirats gew\u00e4hlt<\/p>\t\t\t\t\t\t\t\t<\/div>\n\t\t\t\t<\/div>\n\t\t\t\t\t<\/div>\n\t\t<\/div>\n\t\t\t\t\t<\/div>\n\t\t<\/section>\n\t\t\t\t<\/div>\n\t\t","protected":false},"excerpt":{"rendered":"<p>Seit Beginn der Wohlt\u00e4tigkeitsaktivit\u00e4ten wurden neun M\u00fctter von iranischen Hafez-Sch\u00fclern, die sich stets f\u00fcr die Schule eingesetzt hatten, in den [&hellip;]<\/p>\n","protected":false},"author":1,"featured_media":0,"parent":0,"menu_order":0,"comment_status":"closed","ping_status":"closed","template":"elementor_header_footer","meta":{"footnotes":""},"categories":[2],"tags":[],"class_list":["post-2591","page","type-page","status-publish","hentry","category-uber-den-charity-hafez-e-v"],"_links":{"self":[{"href":"https:\/\/charity-hafez.com\/de\/wp-json\/wp\/v2\/pages\/2591","targetHints":{"allow":["GET"]}}],"collection":[{"href":"https:\/\/charity-hafez.com\/de\/wp-json\/wp\/v2\/pages"}],"about":[{"href":"https:\/\/charity-hafez.com\/de\/wp-json\/wp\/v2\/types\/page"}],"author":[{"embeddable":true,"href":"https:\/\/charity-hafez.com\/de\/wp-json\/wp\/v2\/users\/1"}],"replies":[{"embeddable":true,"href":"https:\/\/charity-hafez.com\/de\/wp-json\/wp\/v2\/comments?post=2591"}],"version-history":[{"count":11,"href":"https:\/\/charity-hafez.com\/de\/wp-json\/wp\/v2\/pages\/2591\/revisions"}],"predecessor-version":[{"id":3921,"href":"https:\/\/charity-hafez.com\/de\/wp-json\/wp\/v2\/pages\/2591\/revisions\/3921"}],"wp:attachment":[{"href":"https:\/\/charity-hafez.com\/de\/wp-json\/wp\/v2\/media?parent=2591"}],"wp:term":[{"taxonomy":"category","embeddable":true,"href":"https:\/\/charity-hafez.com\/de\/wp-json\/wp\/v2\/categories?post=2591"},{"taxonomy":"post_tag","embeddable":true,"href":"https:\/\/charity-hafez.com\/de\/wp-json\/wp\/v2\/tags?post=2591"}],"curies":[{"name":"wp","href":"https:\/\/api.w.org\/{rel}","templated":true}]}}