{"id":2819,"date":"2022-11-09T10:56:11","date_gmt":"2022-11-09T07:26:11","guid":{"rendered":"https:\/\/sepehrcharity.com\/hafez\/?page_id=2819"},"modified":"2024-07-06T17:44:48","modified_gmt":"2024-07-06T15:44:48","slug":"financing","status":"publish","type":"page","link":"https:\/\/charity-hafez.com\/de\/financing\/","title":{"rendered":"Bem\u00fchungen zur Beschaffung finanzieller Mittel"},"content":{"rendered":"\t\t<div data-elementor-type=\"wp-page\" data-elementor-id=\"2819\" class=\"elementor elementor-2819\">\n\t\t\t\t\t\t<section class=\"elementor-section elementor-top-section elementor-element elementor-element-dacffaa elementor-section-boxed elementor-section-height-default elementor-section-height-default\" data-id=\"dacffaa\" data-element_type=\"section\">\n\t\t\t\t\t\t<div class=\"elementor-container elementor-column-gap-default\">\n\t\t\t\t\t<div class=\"elementor-column elementor-col-100 elementor-top-column elementor-element elementor-element-65100f6e\" data-id=\"65100f6e\" data-element_type=\"column\">\n\t\t\t<div class=\"elementor-widget-wrap elementor-element-populated\">\n\t\t\t\t\t\t<div class=\"elementor-element elementor-element-427743b9 elementor-widget elementor-widget-text-editor\" data-id=\"427743b9\" data-element_type=\"widget\" data-widget_type=\"text-editor.default\">\n\t\t\t\t<div class=\"elementor-widget-container\">\n\t\t\t\t\t\t\t\t\t<p style=\"text-align: left;\">Mit der Gr\u00fcndung des Vereins wurden nat\u00fcrliche und juristische Personen der Stadt Hamburg sowie anderen St\u00e4dten und L\u00e4ndern eingeladen, sich mit finanziellen Mitteln an der guten Sache zu beteiligen und die Ziele des Vereins zu f\u00f6rdern. Denjenigen, die dem Verein durch Spenden bei der Realisierung der Ziele geholfen haben, w\u00fcnschen wir Gesundheit und alles erdenklich Gute.<\/p>\t\t\t\t\t\t\t\t<\/div>\n\t\t\t\t<\/div>\n\t\t\t\t<div class=\"elementor-element elementor-element-7246933 elementor-widget elementor-widget-heading\" data-id=\"7246933\" data-element_type=\"widget\" data-widget_type=\"heading.default\">\n\t\t\t\t<div class=\"elementor-widget-container\">\n\t\t\t\t\t<h2 class=\"elementor-heading-title elementor-size-default\">Die in den vergangenen Jahren eingegangenen Spenden wurden f\u00fcr folgende Zwecke verwendet:<\/h2>\t\t\t\t<\/div>\n\t\t\t\t<\/div>\n\t\t\t\t<div class=\"elementor-element elementor-element-c8c3fb8 elementor-widget elementor-widget-text-editor\" data-id=\"c8c3fb8\" data-element_type=\"widget\" data-widget_type=\"text-editor.default\">\n\t\t\t\t<div class=\"elementor-widget-container\">\n\t\t\t\t\t\t\t\t\t<p>Ausstattung von Betreuungseinrichtungen f\u00fcr k\u00f6rperlich\/ geistig behinderte Kinder und Jugendliche<\/p><p>Ausstattung von Bildungs- und Rehabilitationszentren sowie Berufsausbildung f\u00fcr Behinderte, Adoptionen, Patenschaften<\/p><p>Finanzielle Unterst\u00fctzung f\u00fcr die Versorgung mit Cochlea-Implantaten f\u00fcr geh\u00f6rlose Kinder<\/p><p>Unterst\u00fctzung von Mikrokreditfonds f\u00fcr Frauen in l\u00e4ndlichen Gebieten<\/p><p>Bereitstellung von medizinischen Ger\u00e4ten und Medikamenten<\/p><p>Wiederaufbau und Renovierung eines Schulgeb\u00e4udes im \u00dcberschwemmungsgebiet in der Provinz Lorestan<\/p>\t\t\t\t\t\t\t\t<\/div>\n\t\t\t\t<\/div>\n\t\t\t\t\t<\/div>\n\t\t<\/div>\n\t\t\t\t\t<\/div>\n\t\t<\/section>\n\t\t\t\t<\/div>\n\t\t","protected":false},"excerpt":{"rendered":"<p>Mit der Gr\u00fcndung des Vereins wurden nat\u00fcrliche und juristische Personen der Stadt Hamburg sowie anderen St\u00e4dten und L\u00e4ndern eingeladen, sich [&hellip;]<\/p>\n","protected":false},"author":1,"featured_media":3722,"parent":0,"menu_order":0,"comment_status":"closed","ping_status":"closed","template":"elementor_header_footer","meta":{"footnotes":""},"categories":[2],"tags":[],"class_list":["post-2819","page","type-page","status-publish","has-post-thumbnail","hentry","category-uber-den-charity-hafez-e-v"],"_links":{"self":[{"href":"https:\/\/charity-hafez.com\/de\/wp-json\/wp\/v2\/pages\/2819","targetHints":{"allow":["GET"]}}],"collection":[{"href":"https:\/\/charity-hafez.com\/de\/wp-json\/wp\/v2\/pages"}],"about":[{"href":"https:\/\/charity-hafez.com\/de\/wp-json\/wp\/v2\/types\/page"}],"author":[{"embeddable":true,"href":"https:\/\/charity-hafez.com\/de\/wp-json\/wp\/v2\/users\/1"}],"replies":[{"embeddable":true,"href":"https:\/\/charity-hafez.com\/de\/wp-json\/wp\/v2\/comments?post=2819"}],"version-history":[{"count":20,"href":"https:\/\/charity-hafez.com\/de\/wp-json\/wp\/v2\/pages\/2819\/revisions"}],"predecessor-version":[{"id":4090,"href":"https:\/\/charity-hafez.com\/de\/wp-json\/wp\/v2\/pages\/2819\/revisions\/4090"}],"wp:featuredmedia":[{"embeddable":true,"href":"https:\/\/charity-hafez.com\/de\/wp-json\/wp\/v2\/media\/3722"}],"wp:attachment":[{"href":"https:\/\/charity-hafez.com\/de\/wp-json\/wp\/v2\/media?parent=2819"}],"wp:term":[{"taxonomy":"category","embeddable":true,"href":"https:\/\/charity-hafez.com\/de\/wp-json\/wp\/v2\/categories?post=2819"},{"taxonomy":"post_tag","embeddable":true,"href":"https:\/\/charity-hafez.com\/de\/wp-json\/wp\/v2\/tags?post=2819"}],"curies":[{"name":"wp","href":"https:\/\/api.w.org\/{rel}","templated":true}]}}