{"id":2825,"date":"2022-11-09T11:07:03","date_gmt":"2022-11-09T07:37:03","guid":{"rendered":"https:\/\/sepehrcharity.com\/hafez\/?page_id=2825"},"modified":"2024-07-09T16:18:31","modified_gmt":"2024-07-09T14:18:31","slug":"cooperation-with-sepehr-charity","status":"publish","type":"page","link":"https:\/\/charity-hafez.com\/de\/cooperation-with-sepehr-charity\/","title":{"rendered":"Zusammenarbeit mit der Sepehr Charity"},"content":{"rendered":"\t\t<div data-elementor-type=\"wp-page\" data-elementor-id=\"2825\" class=\"elementor elementor-2825\">\n\t\t\t\t\t\t<section class=\"elementor-section elementor-top-section elementor-element elementor-element-fc1edee elementor-section-boxed elementor-section-height-default elementor-section-height-default\" data-id=\"fc1edee\" data-element_type=\"section\">\n\t\t\t\t\t\t<div class=\"elementor-container elementor-column-gap-default\">\n\t\t\t\t\t<div class=\"elementor-column elementor-col-100 elementor-top-column elementor-element elementor-element-76e0a12\" data-id=\"76e0a12\" data-element_type=\"column\">\n\t\t\t<div class=\"elementor-widget-wrap elementor-element-populated\">\n\t\t\t\t\t\t<div class=\"elementor-element elementor-element-56b86cb activity-row elementor-widget elementor-widget-loveicon_features\" data-id=\"56b86cb\" data-element_type=\"widget\" data-widget_type=\"loveicon_features.default\">\n\t\t\t\t<div class=\"elementor-widget-container\">\n\t\t\t\t\t\t  <section class=\"features-style1-area\">\r\n\t\t<div class=\"container\">\r\n\t\t  <div class=\"sec-title text-center\">\r\n\t\t\t<div class=\"sub-title\">\r\n\t\t\t  <div class=\"inner\">\r\n\t\t\t\t<h3>Sepehr Charity <\/h3>\r\n\t\t\t  <\/div>\r\n\t\t\t  <div class=\"outer\"><img decoding=\"async\" src=\"\" alt=\"loveicon\"><\/div>\r\n\t\t\t<\/div>\r\n\t\t\t<h2>Liste der erbrachten Leistungen und Ma\u00dfnahmen<\/h2>\r\n\t\t  <\/div>\r\n\t\t  <div class=\"row\">\r\n\t\t\t<!--Start Features Style1 Single-->\r\n\t\t\t<div class=\"col-xl-12\">\r\n\t\t\t  <div class=\"features-style1_box\">\r\n\t\t\t\t<div class=\"thm-shape1 wow slideInRight\" data-wow-delay=\"0ms\" data-wow-duration=\"3500ms\">\r\n\t\t\t\t  <img decoding=\"async\" class=\"rotate-me\" src=\"\" alt=\"loveicon\">\r\n\t\t\t\t<\/div>\r\n\t\t\t\t<div class=\"row\">\r\n\t\t\t\t  <!--Start Features Style1 Single-->\r\n\t\t\t\t  \t\t\t\t\t<div class=\"col-xl-3 col-lg-4 text-center\" data-aos=\"fade-up\" data-aos-easing=\"linear\" data-aos-duration=\"500\">\r\n\r\n\t\t\t\t\t  <div class=\"features-style1_single\">\r\n\t\t\t\t\t\t<div class=\"icon-holder\">\r\n\t\t\t\t\t\t  <div class=\"inner\">\r\n\t\t\t\t\t\t\t\t\t\t\t\t\t\t  <img decoding=\"async\" data-src=\"https:\/\/charity-hafez.com\/de\/wp-content\/uploads\/2022\/12\/building2.png\" alt=\"\" src=\"data:image\/svg+xml;base64,PHN2ZyB3aWR0aD0iMSIgaGVpZ2h0PSIxIiB4bWxucz0iaHR0cDovL3d3dy53My5vcmcvMjAwMC9zdmciPjwvc3ZnPg==\" class=\"lazyload\" style=\"--smush-placeholder-width: 110px; --smush-placeholder-aspect-ratio: 110\/110;\">\r\n\t\t\t\t\t\t\t\t\t\t\t\t\t\t  <\/div>\r\n\t\t\t\t\t\t  <div class=\"shape1 zoominout\">\r\n\t\t\t\t\t\t\t\t\t\t\t\t\t\t  <img decoding=\"async\" data-src=\"https:\/\/charity-hafez.com\/de\/wp-content\/uploads\/2022\/09\/slide-shape-3.png\" alt=\"\" src=\"data:image\/svg+xml;base64,PHN2ZyB3aWR0aD0iMSIgaGVpZ2h0PSIxIiB4bWxucz0iaHR0cDovL3d3dy53My5vcmcvMjAwMC9zdmciPjwvc3ZnPg==\" class=\"lazyload\" style=\"--smush-placeholder-width: 50px; --smush-placeholder-aspect-ratio: 50\/39;\">\r\n\t\t\t\t\t\t\t\t\t\t\t\t\t\t  <\/div>\r\n\t\t\t\t\t\t  <div class=\"shape-bg\">\r\n\t\t\t\t\t\t\t\t\t\t\t\t\t\t  <img decoding=\"async\" data-src=\"https:\/\/charity-hafez.com\/de\/wp-content\/uploads\/2022\/12\/shape4.png\" alt=\"\" src=\"data:image\/svg+xml;base64,PHN2ZyB3aWR0aD0iMSIgaGVpZ2h0PSIxIiB4bWxucz0iaHR0cDovL3d3dy53My5vcmcvMjAwMC9zdmciPjwvc3ZnPg==\" class=\"lazyload\" style=\"--smush-placeholder-width: 170px; --smush-placeholder-aspect-ratio: 170\/170;\">\r\n\t\t\t\t\t\t\t\t\t\t\t\t\t\t  <\/div>\r\n\t\t\t\t\t\t<\/div>\r\n\t\t\t\t\t\t<div class=\"text-holder\">\r\n\t\t\t\t\t\t  <h3>Hilfe beim Bau eines Geb\u00e4udes f\u00fcr die Bed\u00fcrftigen<\/h3>\r\n\t\t\t\t\t\t\t\t\t\t\t\t\t  <div class=\"btns-box\">\r\n\t\t\t\t\t\t\t<a class=\"btn-one\" href=\" \/de\/help-to-build-a-building\/\"  ><span class=\"txt\"><i class=\"arrow1 fa fa-check-circle\"><\/i>Weitere Informationen<\/span><\/a>\r\n\t\t\t\t\t\t  <\/div>\r\n\t\t\t\t\t\t<\/div>\r\n\t\t\t\t\t  <\/div>\r\n\t\t\t\t\t<\/div>\r\n\t\t\t\t\t\t\t\t\t\t\t<div class=\"col-xl-3 col-lg-4 text-center\" data-aos=\"fade-up\" data-aos-easing=\"linear\" data-aos-duration=\"500\">\r\n\r\n\t\t\t\t\t  <div class=\"features-style1_single style2\">\r\n\t\t\t\t\t\t<div class=\"icon-holder\">\r\n\t\t\t\t\t\t  <div class=\"inner\">\r\n\t\t\t\t\t\t\t\t\t\t\t\t\t\t  <img decoding=\"async\" data-src=\"https:\/\/charity-hafez.com\/de\/wp-content\/uploads\/2022\/12\/medical-team.png\" alt=\"\" src=\"data:image\/svg+xml;base64,PHN2ZyB3aWR0aD0iMSIgaGVpZ2h0PSIxIiB4bWxucz0iaHR0cDovL3d3dy53My5vcmcvMjAwMC9zdmciPjwvc3ZnPg==\" class=\"lazyload\" style=\"--smush-placeholder-width: 110px; --smush-placeholder-aspect-ratio: 110\/110;\">\r\n\t\t\t\t\t\t\t\t\t\t\t\t\t\t  <\/div>\r\n\t\t\t\t\t\t  <div class=\"shape1 zoominout\">\r\n\t\t\t\t\t\t\t\t\t\t\t\t\t\t  <img decoding=\"async\" data-src=\"https:\/\/charity-hafez.com\/de\/wp-content\/uploads\/2022\/09\/slide-shape-3.png\" alt=\"\" src=\"data:image\/svg+xml;base64,PHN2ZyB3aWR0aD0iMSIgaGVpZ2h0PSIxIiB4bWxucz0iaHR0cDovL3d3dy53My5vcmcvMjAwMC9zdmciPjwvc3ZnPg==\" class=\"lazyload\" style=\"--smush-placeholder-width: 50px; --smush-placeholder-aspect-ratio: 50\/39;\">\r\n\t\t\t\t\t\t\t\t\t\t\t\t\t\t  <\/div>\r\n\t\t\t\t\t\t  <div class=\"shape-bg\">\r\n\t\t\t\t\t\t\t\t\t\t\t\t\t\t  <img decoding=\"async\" data-src=\"https:\/\/charity-hafez.com\/de\/wp-content\/uploads\/2022\/12\/shape4.png\" alt=\"\" src=\"data:image\/svg+xml;base64,PHN2ZyB3aWR0aD0iMSIgaGVpZ2h0PSIxIiB4bWxucz0iaHR0cDovL3d3dy53My5vcmcvMjAwMC9zdmciPjwvc3ZnPg==\" class=\"lazyload\" style=\"--smush-placeholder-width: 170px; --smush-placeholder-aspect-ratio: 170\/170;\">\r\n\t\t\t\t\t\t\t\t\t\t\t\t\t\t  <\/div>\r\n\t\t\t\t\t\t<\/div>\r\n\t\t\t\t\t\t<div class=\"text-holder\">\r\n\t\t\t\t\t\t  <h3>Hilfe zur Rehabilitation und Behandlung<\/h3>\r\n\t\t\t\t\t\t\t\t\t\t\t\t\t  <div class=\"btns-box\">\r\n\t\t\t\t\t\t\t<a class=\"btn-one\" href=\" \/de\/rehabilitation-and-treatment\/\"  ><span class=\"txt\"><i class=\"arrow1 fa fa-check-circle\"><\/i>Weitere Informationen<\/span><\/a>\r\n\t\t\t\t\t\t  <\/div>\r\n\t\t\t\t\t\t<\/div>\r\n\t\t\t\t\t  <\/div>\r\n\t\t\t\t\t<\/div>\r\n\t\t\t\t\t\t\t\t\t\t\t<div class=\"col-xl-3 col-lg-4 text-center\" data-aos=\"fade-up\" data-aos-easing=\"linear\" data-aos-duration=\"500\">\r\n\r\n\t\t\t\t\t  <div class=\"features-style1_single style3\">\r\n\t\t\t\t\t\t<div class=\"icon-holder\">\r\n\t\t\t\t\t\t  <div class=\"inner\">\r\n\t\t\t\t\t\t\t\t\t\t\t\t\t\t  <img decoding=\"async\" data-src=\"https:\/\/charity-hafez.com\/de\/wp-content\/uploads\/2022\/12\/index.png\" alt=\"\" src=\"data:image\/svg+xml;base64,PHN2ZyB3aWR0aD0iMSIgaGVpZ2h0PSIxIiB4bWxucz0iaHR0cDovL3d3dy53My5vcmcvMjAwMC9zdmciPjwvc3ZnPg==\" class=\"lazyload\" style=\"--smush-placeholder-width: 110px; --smush-placeholder-aspect-ratio: 110\/110;\">\r\n\t\t\t\t\t\t\t\t\t\t\t\t\t\t  <\/div>\r\n\t\t\t\t\t\t  <div class=\"shape1 zoominout\">\r\n\t\t\t\t\t\t\t\t\t\t\t\t\t\t  <img decoding=\"async\" data-src=\"https:\/\/charity-hafez.com\/de\/wp-content\/uploads\/2022\/09\/slide-shape-3.png\" alt=\"\" src=\"data:image\/svg+xml;base64,PHN2ZyB3aWR0aD0iMSIgaGVpZ2h0PSIxIiB4bWxucz0iaHR0cDovL3d3dy53My5vcmcvMjAwMC9zdmciPjwvc3ZnPg==\" class=\"lazyload\" style=\"--smush-placeholder-width: 50px; --smush-placeholder-aspect-ratio: 50\/39;\">\r\n\t\t\t\t\t\t\t\t\t\t\t\t\t\t  <\/div>\r\n\t\t\t\t\t\t  <div class=\"shape-bg\">\r\n\t\t\t\t\t\t\t\t\t\t\t\t\t\t  <img decoding=\"async\" data-src=\"https:\/\/charity-hafez.com\/de\/wp-content\/uploads\/2022\/12\/shape4.png\" alt=\"\" src=\"data:image\/svg+xml;base64,PHN2ZyB3aWR0aD0iMSIgaGVpZ2h0PSIxIiB4bWxucz0iaHR0cDovL3d3dy53My5vcmcvMjAwMC9zdmciPjwvc3ZnPg==\" class=\"lazyload\" style=\"--smush-placeholder-width: 170px; --smush-placeholder-aspect-ratio: 170\/170;\">\r\n\t\t\t\t\t\t\t\t\t\t\t\t\t\t  <\/div>\r\n\t\t\t\t\t\t<\/div>\r\n\t\t\t\t\t\t<div class=\"text-holder\">\r\n\t\t\t\t\t\t  <h3>Unterst\u00fctzung von geistig behinderten Kindern<\/h3>\r\n\t\t\t\t\t\t\t\t\t\t\t\t\t  <div class=\"btns-box\">\r\n\t\t\t\t\t\t\t<a class=\"btn-one\" href=\" \/de\/mentally-disabled-children\/\"  ><span class=\"txt\"><i class=\"arrow1 fa fa-check-circle\"><\/i>Weitere Informationen<\/span><\/a>\r\n\t\t\t\t\t\t  <\/div>\r\n\t\t\t\t\t\t<\/div>\r\n\t\t\t\t\t  <\/div>\r\n\t\t\t\t\t<\/div>\r\n\t\t\t\t\t\t\t\t\t\t\t<div class=\"col-xl-3 col-lg-4 text-center\" data-aos=\"fade-up\" data-aos-easing=\"linear\" data-aos-duration=\"500\">\r\n\r\n\t\t\t\t\t  <div class=\"features-style1_single style4\">\r\n\t\t\t\t\t\t<div class=\"icon-holder\">\r\n\t\t\t\t\t\t  <div class=\"inner\">\r\n\t\t\t\t\t\t\t\t\t\t\t\t\t\t  <img decoding=\"async\" data-src=\"https:\/\/charity-hafez.com\/de\/wp-content\/uploads\/2022\/12\/bed.png\" alt=\"\" src=\"data:image\/svg+xml;base64,PHN2ZyB3aWR0aD0iMSIgaGVpZ2h0PSIxIiB4bWxucz0iaHR0cDovL3d3dy53My5vcmcvMjAwMC9zdmciPjwvc3ZnPg==\" class=\"lazyload\" style=\"--smush-placeholder-width: 110px; --smush-placeholder-aspect-ratio: 110\/110;\">\r\n\t\t\t\t\t\t\t\t\t\t\t\t\t\t  <\/div>\r\n\t\t\t\t\t\t  <div class=\"shape1 zoominout\">\r\n\t\t\t\t\t\t\t\t\t\t\t\t\t\t  <img decoding=\"async\" data-src=\"https:\/\/charity-hafez.com\/de\/wp-content\/uploads\/2022\/09\/slide-shape-3.png\" alt=\"\" src=\"data:image\/svg+xml;base64,PHN2ZyB3aWR0aD0iMSIgaGVpZ2h0PSIxIiB4bWxucz0iaHR0cDovL3d3dy53My5vcmcvMjAwMC9zdmciPjwvc3ZnPg==\" class=\"lazyload\" style=\"--smush-placeholder-width: 50px; --smush-placeholder-aspect-ratio: 50\/39;\">\r\n\t\t\t\t\t\t\t\t\t\t\t\t\t\t  <\/div>\r\n\t\t\t\t\t\t  <div class=\"shape-bg\">\r\n\t\t\t\t\t\t\t\t\t\t\t\t\t\t  <img decoding=\"async\" data-src=\"https:\/\/charity-hafez.com\/de\/wp-content\/uploads\/2022\/12\/shape4.png\" alt=\"\" src=\"data:image\/svg+xml;base64,PHN2ZyB3aWR0aD0iMSIgaGVpZ2h0PSIxIiB4bWxucz0iaHR0cDovL3d3dy53My5vcmcvMjAwMC9zdmciPjwvc3ZnPg==\" class=\"lazyload\" style=\"--smush-placeholder-width: 170px; --smush-placeholder-aspect-ratio: 170\/170;\">\r\n\t\t\t\t\t\t\t\t\t\t\t\t\t\t  <\/div>\r\n\t\t\t\t\t\t<\/div>\r\n\t\t\t\t\t\t<div class=\"text-holder\">\r\n\t\t\t\t\t\t  <h3>Unterst\u00fctzung f\u00fcr Patienten mit spezifischen Krankheiten<\/h3>\r\n\t\t\t\t\t\t\t\t\t\t\t\t\t  <div class=\"btns-box\">\r\n\t\t\t\t\t\t\t<a class=\"btn-one\" href=\" \/de\/special-patients\/\"  ><span class=\"txt\"><i class=\"arrow1 fa fa-check-circle\"><\/i>Weitere Informationen<\/span><\/a>\r\n\t\t\t\t\t\t  <\/div>\r\n\t\t\t\t\t\t<\/div>\r\n\t\t\t\t\t  <\/div>\r\n\t\t\t\t\t<\/div>\r\n\t\t\t\t\t\t\t\t\t\t\t<div class=\"col-xl-3 col-lg-4 text-center\" data-aos=\"fade-up\" data-aos-easing=\"linear\" data-aos-duration=\"500\">\r\n\r\n\t\t\t\t\t  <div class=\"features-style1_single style5\">\r\n\t\t\t\t\t\t<div class=\"icon-holder\">\r\n\t\t\t\t\t\t  <div class=\"inner\">\r\n\t\t\t\t\t\t\t\t\t\t\t\t\t\t  <img decoding=\"async\" data-src=\"https:\/\/charity-hafez.com\/de\/wp-content\/uploads\/2022\/12\/maternity.png\" alt=\"\" src=\"data:image\/svg+xml;base64,PHN2ZyB3aWR0aD0iMSIgaGVpZ2h0PSIxIiB4bWxucz0iaHR0cDovL3d3dy53My5vcmcvMjAwMC9zdmciPjwvc3ZnPg==\" class=\"lazyload\" style=\"--smush-placeholder-width: 110px; --smush-placeholder-aspect-ratio: 110\/110;\">\r\n\t\t\t\t\t\t\t\t\t\t\t\t\t\t  <\/div>\r\n\t\t\t\t\t\t  <div class=\"shape1 zoominout\">\r\n\t\t\t\t\t\t\t\t\t\t\t\t\t\t  <img decoding=\"async\" data-src=\"https:\/\/charity-hafez.com\/de\/wp-content\/uploads\/2022\/09\/slide-shape-3.png\" alt=\"\" src=\"data:image\/svg+xml;base64,PHN2ZyB3aWR0aD0iMSIgaGVpZ2h0PSIxIiB4bWxucz0iaHR0cDovL3d3dy53My5vcmcvMjAwMC9zdmciPjwvc3ZnPg==\" class=\"lazyload\" style=\"--smush-placeholder-width: 50px; --smush-placeholder-aspect-ratio: 50\/39;\">\r\n\t\t\t\t\t\t\t\t\t\t\t\t\t\t  <\/div>\r\n\t\t\t\t\t\t  <div class=\"shape-bg\">\r\n\t\t\t\t\t\t\t\t\t\t\t\t\t\t  <img decoding=\"async\" data-src=\"https:\/\/charity-hafez.com\/de\/wp-content\/uploads\/2022\/12\/shape4.png\" alt=\"\" src=\"data:image\/svg+xml;base64,PHN2ZyB3aWR0aD0iMSIgaGVpZ2h0PSIxIiB4bWxucz0iaHR0cDovL3d3dy53My5vcmcvMjAwMC9zdmciPjwvc3ZnPg==\" class=\"lazyload\" style=\"--smush-placeholder-width: 170px; --smush-placeholder-aspect-ratio: 170\/170;\">\r\n\t\t\t\t\t\t\t\t\t\t\t\t\t\t  <\/div>\r\n\t\t\t\t\t\t<\/div>\r\n\t\t\t\t\t\t<div class=\"text-holder\">\r\n\t\t\t\t\t\t  <h3>Unterst\u00fctzung von Waisenkindern<\/h3>\r\n\t\t\t\t\t\t\t\t\t\t\t\t\t  <div class=\"btns-box\">\r\n\t\t\t\t\t\t\t<a class=\"btn-one\" href=\" \/de\/support-for-orphaned-children\/\"  ><span class=\"txt\"><i class=\"arrow1 fa fa-check-circle\"><\/i>Weitere Informationen<\/span><\/a>\r\n\t\t\t\t\t\t  <\/div>\r\n\t\t\t\t\t\t<\/div>\r\n\t\t\t\t\t  <\/div>\r\n\t\t\t\t\t<\/div>\r\n\t\t\t\t\t\t\t\t\t\t\t<div class=\"col-xl-3 col-lg-4 text-center\" data-aos=\"fade-up\" data-aos-easing=\"linear\" data-aos-duration=\"500\">\r\n\r\n\t\t\t\t\t  <div class=\"features-style1_single style6\">\r\n\t\t\t\t\t\t<div class=\"icon-holder\">\r\n\t\t\t\t\t\t  <div class=\"inner\">\r\n\t\t\t\t\t\t\t\t\t\t\t\t\t\t  <img decoding=\"async\" data-src=\"https:\/\/charity-hafez.com\/de\/wp-content\/uploads\/2022\/12\/picnic-basket.png\" alt=\"\" src=\"data:image\/svg+xml;base64,PHN2ZyB3aWR0aD0iMSIgaGVpZ2h0PSIxIiB4bWxucz0iaHR0cDovL3d3dy53My5vcmcvMjAwMC9zdmciPjwvc3ZnPg==\" class=\"lazyload\" style=\"--smush-placeholder-width: 110px; --smush-placeholder-aspect-ratio: 110\/110;\">\r\n\t\t\t\t\t\t\t\t\t\t\t\t\t\t  <\/div>\r\n\t\t\t\t\t\t  <div class=\"shape1 zoominout\">\r\n\t\t\t\t\t\t\t\t\t\t\t\t\t\t  <img decoding=\"async\" data-src=\"https:\/\/charity-hafez.com\/de\/wp-content\/uploads\/2022\/09\/slide-shape-3.png\" alt=\"\" src=\"data:image\/svg+xml;base64,PHN2ZyB3aWR0aD0iMSIgaGVpZ2h0PSIxIiB4bWxucz0iaHR0cDovL3d3dy53My5vcmcvMjAwMC9zdmciPjwvc3ZnPg==\" class=\"lazyload\" style=\"--smush-placeholder-width: 50px; --smush-placeholder-aspect-ratio: 50\/39;\">\r\n\t\t\t\t\t\t\t\t\t\t\t\t\t\t  <\/div>\r\n\t\t\t\t\t\t  <div class=\"shape-bg\">\r\n\t\t\t\t\t\t\t\t\t\t\t\t\t\t  <img decoding=\"async\" data-src=\"https:\/\/charity-hafez.com\/de\/wp-content\/uploads\/2022\/12\/shape4.png\" alt=\"\" src=\"data:image\/svg+xml;base64,PHN2ZyB3aWR0aD0iMSIgaGVpZ2h0PSIxIiB4bWxucz0iaHR0cDovL3d3dy53My5vcmcvMjAwMC9zdmciPjwvc3ZnPg==\" class=\"lazyload\" style=\"--smush-placeholder-width: 170px; --smush-placeholder-aspect-ratio: 170\/170;\">\r\n\t\t\t\t\t\t\t\t\t\t\t\t\t\t  <\/div>\r\n\t\t\t\t\t\t<\/div>\r\n\t\t\t\t\t\t<div class=\"text-holder\">\r\n\t\t\t\t\t\t  <h3>Zusammenstellung von Lebensmittelpaketen f\u00fcr Bed\u00fcrftige<\/h3>\r\n\t\t\t\t\t\t\t\t\t\t\t\t\t  <div class=\"btns-box\">\r\n\t\t\t\t\t\t\t<a class=\"btn-one\" href=\" \/de\/provision-of-subsistence-allowance\"  ><span class=\"txt\"><i class=\"arrow1 fa fa-check-circle\"><\/i>Weitere Informationen<\/span><\/a>\r\n\t\t\t\t\t\t  <\/div>\r\n\t\t\t\t\t\t<\/div>\r\n\t\t\t\t\t  <\/div>\r\n\t\t\t\t\t<\/div>\r\n\t\t\t\t\t\t\t\t\t\t\t<div class=\"col-xl-3 col-lg-4 text-center\" data-aos=\"fade-up\" data-aos-easing=\"linear\" data-aos-duration=\"500\">\r\n\r\n\t\t\t\t\t  <div class=\"features-style1_single style7\">\r\n\t\t\t\t\t\t<div class=\"icon-holder\">\r\n\t\t\t\t\t\t  <div class=\"inner\">\r\n\t\t\t\t\t\t\t\t\t\t\t\t\t\t  <img decoding=\"async\" data-src=\"https:\/\/charity-hafez.com\/de\/wp-content\/uploads\/2022\/12\/bank.png\" alt=\"\" src=\"data:image\/svg+xml;base64,PHN2ZyB3aWR0aD0iMSIgaGVpZ2h0PSIxIiB4bWxucz0iaHR0cDovL3d3dy53My5vcmcvMjAwMC9zdmciPjwvc3ZnPg==\" class=\"lazyload\" style=\"--smush-placeholder-width: 110px; --smush-placeholder-aspect-ratio: 110\/110;\">\r\n\t\t\t\t\t\t\t\t\t\t\t\t\t\t  <\/div>\r\n\t\t\t\t\t\t  <div class=\"shape1 zoominout\">\r\n\t\t\t\t\t\t\t\t\t\t\t\t\t\t  <img decoding=\"async\" data-src=\"https:\/\/charity-hafez.com\/de\/wp-content\/uploads\/2022\/09\/slide-shape-3.png\" alt=\"\" src=\"data:image\/svg+xml;base64,PHN2ZyB3aWR0aD0iMSIgaGVpZ2h0PSIxIiB4bWxucz0iaHR0cDovL3d3dy53My5vcmcvMjAwMC9zdmciPjwvc3ZnPg==\" class=\"lazyload\" style=\"--smush-placeholder-width: 50px; --smush-placeholder-aspect-ratio: 50\/39;\">\r\n\t\t\t\t\t\t\t\t\t\t\t\t\t\t  <\/div>\r\n\t\t\t\t\t\t  <div class=\"shape-bg\">\r\n\t\t\t\t\t\t\t\t\t\t\t\t\t\t  <img decoding=\"async\" data-src=\"https:\/\/charity-hafez.com\/de\/wp-content\/uploads\/2022\/12\/shape4.png\" alt=\"\" src=\"data:image\/svg+xml;base64,PHN2ZyB3aWR0aD0iMSIgaGVpZ2h0PSIxIiB4bWxucz0iaHR0cDovL3d3dy53My5vcmcvMjAwMC9zdmciPjwvc3ZnPg==\" class=\"lazyload\" style=\"--smush-placeholder-width: 170px; --smush-placeholder-aspect-ratio: 170\/170;\">\r\n\t\t\t\t\t\t\t\t\t\t\t\t\t\t  <\/div>\r\n\t\t\t\t\t\t<\/div>\r\n\t\t\t\t\t\t<div class=\"text-holder\">\r\n\t\t\t\t\t\t  <h3>Unterst\u00fctzung des Fonds f\u00fcr Kleinstunternehmen f\u00fcr alleinversorgende Frauen im l\u00e4ndlichen Raum<\/h3>\r\n\t\t\t\t\t\t\t\t\t\t\t\t\t  <div class=\"btns-box\">\r\n\t\t\t\t\t\t\t<a class=\"btn-one\" href=\" https:\/\/charity-hafez.com\/de\/contribute-facility-fund\/\"  ><span class=\"txt\"><i class=\"arrow1 fa fa-check-circle\"><\/i>Weitere Informationen<\/span><\/a>\r\n\t\t\t\t\t\t  <\/div>\r\n\t\t\t\t\t\t<\/div>\r\n\t\t\t\t\t  <\/div>\r\n\t\t\t\t\t<\/div>\r\n\t\t\t\t\t\t\t\t\t\t\t<div class=\"col-xl-3 col-lg-4 text-center\" data-aos=\"fade-up\" data-aos-easing=\"linear\" data-aos-duration=\"500\">\r\n\r\n\t\t\t\t\t  <div class=\"features-style1_single style8\">\r\n\t\t\t\t\t\t<div class=\"icon-holder\">\r\n\t\t\t\t\t\t  <div class=\"inner\">\r\n\t\t\t\t\t\t\t\t\t\t\t\t\t\t  <img decoding=\"async\" data-src=\"https:\/\/charity-hafez.com\/de\/wp-content\/uploads\/2022\/12\/social-care.png\" alt=\"\" src=\"data:image\/svg+xml;base64,PHN2ZyB3aWR0aD0iMSIgaGVpZ2h0PSIxIiB4bWxucz0iaHR0cDovL3d3dy53My5vcmcvMjAwMC9zdmciPjwvc3ZnPg==\" class=\"lazyload\" style=\"--smush-placeholder-width: 110px; --smush-placeholder-aspect-ratio: 110\/110;\">\r\n\t\t\t\t\t\t\t\t\t\t\t\t\t\t  <\/div>\r\n\t\t\t\t\t\t  <div class=\"shape1 zoominout\">\r\n\t\t\t\t\t\t\t\t\t\t\t\t\t\t  <img decoding=\"async\" data-src=\"https:\/\/charity-hafez.com\/de\/wp-content\/uploads\/2022\/09\/slide-shape-3.png\" alt=\"\" src=\"data:image\/svg+xml;base64,PHN2ZyB3aWR0aD0iMSIgaGVpZ2h0PSIxIiB4bWxucz0iaHR0cDovL3d3dy53My5vcmcvMjAwMC9zdmciPjwvc3ZnPg==\" class=\"lazyload\" style=\"--smush-placeholder-width: 50px; --smush-placeholder-aspect-ratio: 50\/39;\">\r\n\t\t\t\t\t\t\t\t\t\t\t\t\t\t  <\/div>\r\n\t\t\t\t\t\t  <div class=\"shape-bg\">\r\n\t\t\t\t\t\t\t\t\t\t\t\t\t\t  <img decoding=\"async\" data-src=\"https:\/\/charity-hafez.com\/de\/wp-content\/uploads\/2022\/12\/shape4.png\" alt=\"\" src=\"data:image\/svg+xml;base64,PHN2ZyB3aWR0aD0iMSIgaGVpZ2h0PSIxIiB4bWxucz0iaHR0cDovL3d3dy53My5vcmcvMjAwMC9zdmciPjwvc3ZnPg==\" class=\"lazyload\" style=\"--smush-placeholder-width: 170px; --smush-placeholder-aspect-ratio: 170\/170;\">\r\n\t\t\t\t\t\t\t\t\t\t\t\t\t\t  <\/div>\r\n\t\t\t\t\t\t<\/div>\r\n\t\t\t\t\t\t<div class=\"text-holder\">\r\n\t\t\t\t\t\t  <h3>Weitere Hilfen<\/h3>\r\n\t\t\t\t\t\t\t\t\t\t\t\t\t  <div class=\"btns-box\">\r\n\t\t\t\t\t\t\t<a class=\"btn-one\" href=\" https:\/\/charity-hafez.com\/de\/sepehr-other-help\/\"  ><span class=\"txt\"><i class=\"arrow1 fa fa-check-circle\"><\/i>Weitere Informationen<\/span><\/a>\r\n\t\t\t\t\t\t  <\/div>\r\n\t\t\t\t\t\t<\/div>\r\n\t\t\t\t\t  <\/div>\r\n\t\t\t\t\t<\/div>\r\n\t\t\t\t\t\t\t\t\t\t  <!--End Features Style1 Single-->\r\n\t\t\t\t<\/div>\r\n\t\t\t  <\/div>\r\n\t\t\t<\/div>\r\n\t\t  <\/div>\r\n\t\t<\/div>\r\n\t  <\/section>\r\n\t\t\t\t\t\t\t<\/div>\n\t\t\t\t<\/div>\n\t\t\t\t\t<\/div>\n\t\t<\/div>\n\t\t\t\t\t<\/div>\n\t\t<\/section>\n\t\t\t\t<\/div>\n\t\t","protected":false},"excerpt":{"rendered":"<p>Sepehr Charity Liste der erbrachten Leistungen und Ma\u00dfnahmen Hilfe beim Bau eines Geb\u00e4udes f\u00fcr die Bed\u00fcrftigen Weitere Informationen Hilfe zur [&hellip;]<\/p>\n","protected":false},"author":1,"featured_media":3104,"parent":0,"menu_order":0,"comment_status":"closed","ping_status":"closed","template":"elementor_header_footer","meta":{"footnotes":""},"categories":[22],"tags":[],"class_list":["post-2825","page","type-page","status-publish","has-post-thumbnail","hentry","category-projekte"],"_links":{"self":[{"href":"https:\/\/charity-hafez.com\/de\/wp-json\/wp\/v2\/pages\/2825","targetHints":{"allow":["GET"]}}],"collection":[{"href":"https:\/\/charity-hafez.com\/de\/wp-json\/wp\/v2\/pages"}],"about":[{"href":"https:\/\/charity-hafez.com\/de\/wp-json\/wp\/v2\/types\/page"}],"author":[{"embeddable":true,"href":"https:\/\/charity-hafez.com\/de\/wp-json\/wp\/v2\/users\/1"}],"replies":[{"embeddable":true,"href":"https:\/\/charity-hafez.com\/de\/wp-json\/wp\/v2\/comments?post=2825"}],"version-history":[{"count":172,"href":"https:\/\/charity-hafez.com\/de\/wp-json\/wp\/v2\/pages\/2825\/revisions"}],"predecessor-version":[{"id":4094,"href":"https:\/\/charity-hafez.com\/de\/wp-json\/wp\/v2\/pages\/2825\/revisions\/4094"}],"wp:featuredmedia":[{"embeddable":true,"href":"https:\/\/charity-hafez.com\/de\/wp-json\/wp\/v2\/media\/3104"}],"wp:attachment":[{"href":"https:\/\/charity-hafez.com\/de\/wp-json\/wp\/v2\/media?parent=2825"}],"wp:term":[{"taxonomy":"category","embeddable":true,"href":"https:\/\/charity-hafez.com\/de\/wp-json\/wp\/v2\/categories?post=2825"},{"taxonomy":"post_tag","embeddable":true,"href":"https:\/\/charity-hafez.com\/de\/wp-json\/wp\/v2\/tags?post=2825"}],"curies":[{"name":"wp","href":"https:\/\/api.w.org\/{rel}","templated":true}]}}