{"id":2994,"date":"2022-11-21T10:40:16","date_gmt":"2022-11-21T07:10:16","guid":{"rendered":"http:\/\/ha3ani.ir\/fa\/?page_id=2994"},"modified":"2024-11-07T08:26:52","modified_gmt":"2024-11-07T07:26:52","slug":"%da%a9%d9%85%da%a9-%d9%86%d9%82%d8%af%db%8c","status":"publish","type":"page","link":"https:\/\/charity-hafez.com\/de\/%da%a9%d9%85%da%a9-%d9%86%d9%82%d8%af%db%8c\/","title":{"rendered":"Finanzielle Unterst\u00fctzung"},"content":{"rendered":"\t\t<div data-elementor-type=\"wp-page\" data-elementor-id=\"2994\" class=\"elementor elementor-2994\">\n\t\t\t\t\t\t<section class=\"elementor-section elementor-top-section elementor-element elementor-element-39dbe46 elementor-section-boxed elementor-section-height-default elementor-section-height-default\" data-id=\"39dbe46\" data-element_type=\"section\">\n\t\t\t\t\t\t<div class=\"elementor-container elementor-column-gap-default\">\n\t\t\t\t\t<div class=\"elementor-column elementor-col-100 elementor-top-column elementor-element elementor-element-f41e558\" data-id=\"f41e558\" data-element_type=\"column\">\n\t\t\t<div class=\"elementor-widget-wrap elementor-element-populated\">\n\t\t\t\t\t\t<div class=\"elementor-element elementor-element-bf0c272 elementor-widget elementor-widget-text-editor\" data-id=\"bf0c272\" data-element_type=\"widget\" data-widget_type=\"text-editor.default\">\n\t\t\t\t<div class=\"elementor-widget-container\">\n\t\t\t\t\t\t\t\t\t<p>Sehr geehrte Leser, Sie k\u00f6nnen f\u00fcr den Charity Hafez auf eine der folgenden Arten spenden: Geldspenden, \u00dcberweisungen, Sachspenden..\u00a0<\/p><p>Um die wohlt\u00e4tigen Ziele zu erreichen, ist jede Art von Unterst\u00fctzung wertvoll. Die finanzielle Unterst\u00fctzung der Spender wird entsprechend dem angegebenen Zweck verwendet.<\/p><p><strong>Die gr\u00f6\u00dfte St\u00fctze des Charity Hafez ist das Vertrauen seiner Wohlt\u00e4ter. Auf diese Weise kommen wir in unseren Zielen voran und sorgen f\u00fcr die Zufriedenheit der Mitmenschen.<\/strong><\/p>\t\t\t\t\t\t\t\t<\/div>\n\t\t\t\t<\/div>\n\t\t\t\t<section class=\"elementor-section elementor-inner-section elementor-element elementor-element-88ffce4 elementor-section-boxed elementor-section-height-default elementor-section-height-default\" data-id=\"88ffce4\" data-element_type=\"section\">\n\t\t\t\t\t\t<div class=\"elementor-container elementor-column-gap-default\">\n\t\t\t\t\t<div class=\"elementor-column elementor-col-50 elementor-inner-column elementor-element elementor-element-af65a75\" data-id=\"af65a75\" data-element_type=\"column\">\n\t\t\t<div class=\"elementor-widget-wrap elementor-element-populated\">\n\t\t\t\t\t\t<div class=\"elementor-element elementor-element-6635cfc elementor-widget elementor-widget-heading\" data-id=\"6635cfc\" data-element_type=\"widget\" data-widget_type=\"heading.default\">\n\t\t\t\t<div class=\"elementor-widget-container\">\n\t\t\t\t\t<h2 class=\"elementor-heading-title elementor-size-default\">\u00dcberweisung auf Bankkonten:<\/h2>\t\t\t\t<\/div>\n\t\t\t\t<\/div>\n\t\t\t\t<div class=\"elementor-element elementor-element-41b2d68 en-text elementor-widget elementor-widget-text-editor\" data-id=\"41b2d68\" data-element_type=\"widget\" data-widget_type=\"text-editor.default\">\n\t\t\t\t<div class=\"elementor-widget-container\">\n\t\t\t\t\t\t\t\t\t<p style=\"text-align: left;\">Charity Hafez e.V.<\/p><p style=\"text-align: left;\">Hamburger Sparkasse<\/p><p style=\"text-align: left;\">IBAN : DE20 2005 0550 1261 1780 55<\/p><p style=\"text-align: left;\">BIC : HASPDEHHXXX<\/p>\t\t\t\t\t\t\t\t<\/div>\n\t\t\t\t<\/div>\n\t\t\t\t\t<\/div>\n\t\t<\/div>\n\t\t\t\t<div class=\"elementor-column elementor-col-50 elementor-inner-column elementor-element elementor-element-dc52f3f\" data-id=\"dc52f3f\" data-element_type=\"column\">\n\t\t\t<div class=\"elementor-widget-wrap elementor-element-populated\">\n\t\t\t\t\t\t<div class=\"elementor-element elementor-element-fdc5699 elementor-widget elementor-widget-heading\" data-id=\"fdc5699\" data-element_type=\"widget\" data-widget_type=\"heading.default\">\n\t\t\t\t<div class=\"elementor-widget-container\">\n\t\t\t\t\t<h2 class=\"elementor-heading-title elementor-size-default\">\u00dcberweisung auf Bankkonten:<\/h2>\t\t\t\t<\/div>\n\t\t\t\t<\/div>\n\t\t\t\t<div class=\"elementor-element elementor-element-9544966 elementor-widget elementor-widget-text-editor\" data-id=\"9544966\" data-element_type=\"widget\" data-widget_type=\"text-editor.default\">\n\t\t\t\t<div class=\"elementor-widget-container\">\n\t\t\t\t\t\t\t\t\t<p style=\"text-align: left;\">Einzahlung auf Riyal-Konto in Teheran:<\/p><p style=\"text-align: left;\">Sepehr Charity Foundation (Hafez)<\/p><p style=\"text-align: left;\">Bank Day<\/p><p style=\"text-align: left;\"><strong>Shaba number:<\/strong><\/p><p style=\"text-align: left;\">IR57 0660 0000 0020 4425 780 09<\/p>\t\t\t\t\t\t\t\t<\/div>\n\t\t\t\t<\/div>\n\t\t\t\t\t<\/div>\n\t\t<\/div>\n\t\t\t\t\t<\/div>\n\t\t<\/section>\n\t\t\t\t<section class=\"elementor-section elementor-inner-section elementor-element elementor-element-5c1ebb9 elementor-section-boxed elementor-section-height-default elementor-section-height-default\" data-id=\"5c1ebb9\" data-element_type=\"section\">\n\t\t\t\t\t\t<div class=\"elementor-container elementor-column-gap-default\">\n\t\t\t\t\t<div class=\"elementor-column elementor-col-50 elementor-inner-column elementor-element elementor-element-d29b006\" data-id=\"d29b006\" data-element_type=\"column\">\n\t\t\t<div class=\"elementor-widget-wrap elementor-element-populated\">\n\t\t\t\t\t\t<div class=\"elementor-element elementor-element-19d9ccb elementor-widget elementor-widget-heading\" data-id=\"19d9ccb\" data-element_type=\"widget\" data-widget_type=\"heading.default\">\n\t\t\t\t<div class=\"elementor-widget-container\">\n\t\t\t\t\t<h2 class=\"elementor-heading-title elementor-size-default\">Barzahlung:<\/h2>\t\t\t\t<\/div>\n\t\t\t\t<\/div>\n\t\t\t\t<div class=\"elementor-element elementor-element-17dbcb3 elementor-widget elementor-widget-text-editor\" data-id=\"17dbcb3\" data-element_type=\"widget\" data-widget_type=\"text-editor.default\">\n\t\t\t\t<div class=\"elementor-widget-container\">\n\t\t\t\t\t\t\t\t\t<p>Diejenigen, die eine Spendenbescheinigung zur Vorlage beim Finanzamt w\u00fcnschen, setzen sich bitte mit der Leitung des Charity Hafez in Verbindung. Um eine E-Mail an Charity Hafez zu senden, ist es w\u00fcnschenswert, das Datum, den Einzahlungsbetrag und die Adresse anzugeben.<\/p>\t\t\t\t\t\t\t\t<\/div>\n\t\t\t\t<\/div>\n\t\t\t\t\t<\/div>\n\t\t<\/div>\n\t\t\t\t<div class=\"elementor-column elementor-col-50 elementor-inner-column elementor-element elementor-element-ce431b7\" data-id=\"ce431b7\" data-element_type=\"column\">\n\t\t\t<div class=\"elementor-widget-wrap elementor-element-populated\">\n\t\t\t\t\t\t<div class=\"elementor-element elementor-element-87f2e80 elementor-widget elementor-widget-heading\" data-id=\"87f2e80\" data-element_type=\"widget\" data-widget_type=\"heading.default\">\n\t\t\t\t<div class=\"elementor-widget-container\">\n\t\t\t\t\t<h2 class=\"elementor-heading-title elementor-size-default\">Online Zahlungen<\/h2>\t\t\t\t<\/div>\n\t\t\t\t<\/div>\n\t\t\t\t<div class=\"elementor-element elementor-element-6a8b7f1 elementor-widget elementor-widget-text-editor\" data-id=\"6a8b7f1\" data-element_type=\"widget\" data-widget_type=\"text-editor.default\">\n\t\t\t\t<div class=\"elementor-widget-container\">\n\t\t\t\t\t\t\t\t\t<p style=\"text-align: left;\"><strong>Besuchen Sie die Website des Charity Hafez und w\u00e4hlen Sie die Option &#8220;Online-Hilfe&#8221; im oberen Bereich (Men\u00fc der Website)<\/strong><\/p>\t\t\t\t\t\t\t\t<\/div>\n\t\t\t\t<\/div>\n\t\t\t\t\t<\/div>\n\t\t<\/div>\n\t\t\t\t\t<\/div>\n\t\t<\/section>\n\t\t\t\t\t<\/div>\n\t\t<\/div>\n\t\t\t\t\t<\/div>\n\t\t<\/section>\n\t\t\t\t<\/div>\n\t\t","protected":false},"excerpt":{"rendered":"<p>Sehr geehrte Leser, Sie k\u00f6nnen f\u00fcr den Charity Hafez auf eine der folgenden Arten spenden: Geldspenden, \u00dcberweisungen, Sachspenden..\u00a0 Um die [&hellip;]<\/p>\n","protected":false},"author":1,"featured_media":3718,"parent":0,"menu_order":0,"comment_status":"closed","ping_status":"closed","template":"elementor_header_footer","meta":{"footnotes":""},"categories":[24],"tags":[],"class_list":["post-2994","page","type-page","status-publish","has-post-thumbnail","hentry","category-unterstutzungsmoglichkeiten"],"_links":{"self":[{"href":"https:\/\/charity-hafez.com\/de\/wp-json\/wp\/v2\/pages\/2994","targetHints":{"allow":["GET"]}}],"collection":[{"href":"https:\/\/charity-hafez.com\/de\/wp-json\/wp\/v2\/pages"}],"about":[{"href":"https:\/\/charity-hafez.com\/de\/wp-json\/wp\/v2\/types\/page"}],"author":[{"embeddable":true,"href":"https:\/\/charity-hafez.com\/de\/wp-json\/wp\/v2\/users\/1"}],"replies":[{"embeddable":true,"href":"https:\/\/charity-hafez.com\/de\/wp-json\/wp\/v2\/comments?post=2994"}],"version-history":[{"count":49,"href":"https:\/\/charity-hafez.com\/de\/wp-json\/wp\/v2\/pages\/2994\/revisions"}],"predecessor-version":[{"id":4251,"href":"https:\/\/charity-hafez.com\/de\/wp-json\/wp\/v2\/pages\/2994\/revisions\/4251"}],"wp:featuredmedia":[{"embeddable":true,"href":"https:\/\/charity-hafez.com\/de\/wp-json\/wp\/v2\/media\/3718"}],"wp:attachment":[{"href":"https:\/\/charity-hafez.com\/de\/wp-json\/wp\/v2\/media?parent=2994"}],"wp:term":[{"taxonomy":"category","embeddable":true,"href":"https:\/\/charity-hafez.com\/de\/wp-json\/wp\/v2\/categories?post=2994"},{"taxonomy":"post_tag","embeddable":true,"href":"https:\/\/charity-hafez.com\/de\/wp-json\/wp\/v2\/tags?post=2994"}],"curies":[{"name":"wp","href":"https:\/\/api.w.org\/{rel}","templated":true}]}}