{"id":3030,"date":"2022-12-04T00:11:44","date_gmt":"2022-12-03T20:46:00","guid":{"rendered":"http:\/\/ha3ani.ir\/fa\/?page_id=3030"},"modified":"2025-01-16T09:35:16","modified_gmt":"2025-01-16T08:35:16","slug":"annual-meeting-news","status":"publish","type":"page","link":"https:\/\/charity-hafez.com\/de\/annual-meeting-news\/","title":{"rendered":"Aktuelles zur Jahrestagung"},"content":{"rendered":"\t\t<div data-elementor-type=\"wp-page\" data-elementor-id=\"3030\" class=\"elementor elementor-3030\">\n\t\t\t\t\t\t<section class=\"elementor-section elementor-top-section elementor-element elementor-element-8e95d40 elementor-section-boxed elementor-section-height-default elementor-section-height-default\" data-id=\"8e95d40\" data-element_type=\"section\">\n\t\t\t\t\t\t<div class=\"elementor-container elementor-column-gap-default\">\n\t\t\t\t\t<div class=\"elementor-column elementor-col-100 elementor-top-column elementor-element elementor-element-20650e9\" data-id=\"20650e9\" data-element_type=\"column\">\n\t\t\t<div class=\"elementor-widget-wrap elementor-element-populated\">\n\t\t\t\t\t\t<div class=\"elementor-element elementor-element-924ddbd elementor-widget elementor-widget-heading\" data-id=\"924ddbd\" data-element_type=\"widget\" data-widget_type=\"heading.default\">\n\t\t\t\t<div class=\"elementor-widget-container\">\n\t\t\t\t\t<h2 class=\"elementor-heading-title elementor-size-default\">Jahresversammlung 2024<\/h2>\t\t\t\t<\/div>\n\t\t\t\t<\/div>\n\t\t\t\t<div class=\"elementor-element elementor-element-4423a05 elementor-widget elementor-widget-text-editor\" data-id=\"4423a05\" data-element_type=\"widget\" data-widget_type=\"text-editor.default\">\n\t\t\t\t<div class=\"elementor-widget-container\">\n\t\t\t\t\t\t\t\t\t<p>Die j\u00e4hrliche Versammlung des Charity Hafez e.V. fand wie in den vergangenen Jahren auch diesmal im Dezember 2024 statt. Nach einem Wiedersehen der Mitglieder und einer Bewirtung begann die Sitzung mit der Pr\u00e4sentation des Finanzberichts des Vereins f\u00fcr das Jahr 2024. Anschlie\u00dfend gaben zwei gesch\u00e4tzte Mitglieder des Charity Hafez e.V., die im Sommer 1403 die Sepahr-Charity Foundation in der Stadt Bam besucht hatten, einen Bericht ab. Dieser umfasste Erkl\u00e4rungen, begleitet von Fotos, Filmen und einf\u00fchlsamen Gespr\u00e4chen.<\/p><p>Der n\u00e4chste Abschnitt war dem Ehrengast der Versammlung, Herrn Dr. Navab, dem Vorstandsvorsitzenden der Sepahr-Charity Foudation, gewidmet. Wie jedes Jahr bereicherte er die Veranstaltung mit seiner wertvollen Anwesenheit, indem er seine Erfahrungen und Motivation teilte sowie die Berichte \u00fcber die im vergangenen Jahr durchgef\u00fchrten Projekte und die Pl\u00e4ne f\u00fcr das kommende Jahr vorstellte. Seine Ausf\u00fchrungen hatten nicht nur eine beeindruckende Wirkung auf die Anwesenden, sondern f\u00fchrten auch zu Ermutigung und einer st\u00e4rkeren Motivation f\u00fcr die weitere Zusammenarbeit und Unterst\u00fctzung auf diesem wertvollen Weg.<\/p><p>In dieser Sitzung wurde der Film zur Er\u00f6ffnung des Geb\u00e4udes \u201eHafez\u201c in der Geb\u00e4udereihe der Sepehr-Charity Foundation in der Stadt Pakdasht gezeigt. Das Geb\u00e4ude \u201eHafez\u201c wurde mit Engagement, Unterst\u00fctzung und Zusammenarbeit der Wohlt\u00e4ter und F\u00f6rderer des Charity Hafez sowie mit Hilfe der Sepehr-Charity errichtet, um verwaiste und benachteiligte Kinder zu betreuen und auszubilden. Zwei Mitglieder des Charity Hafez, die an der Er\u00f6ffnungszeremonie des Geb\u00e4udes in Pakdasht teilnahmen, teilten ihre Eindr\u00fccke mit und ermutigten andere Wohlt\u00e4ter zu weiterem Engagement und Unterst\u00fctzung.<\/p><p>Ein weiterer Film wurde ebenfalls \u00fcber die Fortschritte der Kinder der Sepehr-Charity gezeigt. Dieser Film pr\u00e4sentierte die Bem\u00fchungen der Charity in den Bereichen Entwicklung und Erziehung ihrer Kinder, einschlie\u00dflich der F\u00f6rderung in Bildung sowie der Vermittlung pers\u00f6nlicher und sozialer Lebenskompetenzen. Ebenso wurden die Erfolge dieser Kinder, die mittlerweile eigene Familien gegr\u00fcndet haben, an renommierten Universit\u00e4ten studieren oder als Universit\u00e4tsdozentin, leitende Berater angesehener Institutionen, Kunsttrainer und in anderen bedeutenden Positionen t\u00e4tig sind, vom Publikum mit Bewunderung aufgenommen.<\/p><p>Im abschlie\u00dfenden Teil lud eine wohlt\u00e4tige Dame, Mitglied des Charity Hafez, mit einer inspirierenden Rede gro\u00dfz\u00fcgige Unterst\u00fctzer zur verst\u00e4rkten Zusammenarbeit und F\u00f6rderung ein.<\/p>\t\t\t\t\t\t\t\t<\/div>\n\t\t\t\t<\/div>\n\t\t\t\t\t<\/div>\n\t\t<\/div>\n\t\t\t\t\t<\/div>\n\t\t<\/section>\n\t\t\t\t<section class=\"elementor-section elementor-top-section elementor-element elementor-element-221ff9d elementor-section-boxed elementor-section-height-default elementor-section-height-default\" data-id=\"221ff9d\" data-element_type=\"section\">\n\t\t\t\t\t\t<div class=\"elementor-container elementor-column-gap-default\">\n\t\t\t\t\t<div class=\"elementor-column elementor-col-66 elementor-top-column elementor-element elementor-element-3c39f5e\" data-id=\"3c39f5e\" data-element_type=\"column\">\n\t\t\t<div class=\"elementor-widget-wrap elementor-element-populated\">\n\t\t\t\t\t\t<div class=\"elementor-element elementor-element-ae56a34 elementor-widget elementor-widget-heading\" data-id=\"ae56a34\" data-element_type=\"widget\" data-widget_type=\"heading.default\">\n\t\t\t\t<div class=\"elementor-widget-container\">\n\t\t\t\t\t<h2 class=\"elementor-heading-title elementor-size-default\">Bilder zur Jahresversammlung 2024<\/h2>\t\t\t\t<\/div>\n\t\t\t\t<\/div>\n\t\t\t\t<div class=\"elementor-element elementor-element-1d1eacc elementor-widget elementor-widget-gallery\" data-id=\"1d1eacc\" data-element_type=\"widget\" data-settings=\"{&quot;columns&quot;:3,&quot;lazyload&quot;:&quot;yes&quot;,&quot;gallery_layout&quot;:&quot;grid&quot;,&quot;columns_tablet&quot;:2,&quot;columns_mobile&quot;:1,&quot;gap&quot;:{&quot;unit&quot;:&quot;px&quot;,&quot;size&quot;:10,&quot;sizes&quot;:[]},&quot;gap_tablet&quot;:{&quot;unit&quot;:&quot;px&quot;,&quot;size&quot;:10,&quot;sizes&quot;:[]},&quot;gap_mobile&quot;:{&quot;unit&quot;:&quot;px&quot;,&quot;size&quot;:10,&quot;sizes&quot;:[]},&quot;link_to&quot;:&quot;file&quot;,&quot;aspect_ratio&quot;:&quot;3:2&quot;,&quot;overlay_background&quot;:&quot;yes&quot;,&quot;content_hover_animation&quot;:&quot;fade-in&quot;}\" data-widget_type=\"gallery.default\">\n\t\t\t\t<div class=\"elementor-widget-container\">\n\t\t\t\t\t\t\t<div class=\"elementor-gallery__container\">\n\t\t\t\t\t\t\t<a class=\"e-gallery-item elementor-gallery-item elementor-animated-content\" href=\"https:\/\/charity-hafez.com\/de\/wp-content\/uploads\/2025\/01\/2.jpg\" data-elementor-open-lightbox=\"yes\" data-elementor-lightbox-slideshow=\"all-1d1eacc\" data-elementor-lightbox-title=\"2.jpg\" data-e-action-hash=\"#elementor-action%3Aaction%3Dlightbox%26settings%3DeyJpZCI6NDI1OSwidXJsIjoiaHR0cHM6XC9cL2NoYXJpdHktaGFmZXouY29tXC9kZVwvd3AtY29udGVudFwvdXBsb2Fkc1wvMjAyNVwvMDFcLzIuanBnIiwic2xpZGVzaG93IjoiYWxsLTFkMWVhY2MifQ%3D%3D\">\n\t\t\t\t\t<div class=\"e-gallery-image elementor-gallery-item__image\" data-thumbnail=\"https:\/\/charity-hafez.com\/de\/wp-content\/uploads\/2025\/01\/2-165x300.jpg\" data-width=\"165\" data-height=\"300\" alt=\"\" ><\/div>\n\t\t\t\t\t\t\t\t\t\t\t<div class=\"elementor-gallery-item__overlay\"><\/div>\n\t\t\t\t\t\t\t\t\t\t\t\t\t\t<\/a>\n\t\t\t\t\t\t\t<a class=\"e-gallery-item elementor-gallery-item elementor-animated-content\" href=\"https:\/\/charity-hafez.com\/de\/wp-content\/uploads\/2025\/01\/3.jpg\" data-elementor-open-lightbox=\"yes\" data-elementor-lightbox-slideshow=\"all-1d1eacc\" data-elementor-lightbox-title=\"3.jpg\" data-e-action-hash=\"#elementor-action%3Aaction%3Dlightbox%26settings%3DeyJpZCI6NDI2MCwidXJsIjoiaHR0cHM6XC9cL2NoYXJpdHktaGFmZXouY29tXC9kZVwvd3AtY29udGVudFwvdXBsb2Fkc1wvMjAyNVwvMDFcLzMuanBnIiwic2xpZGVzaG93IjoiYWxsLTFkMWVhY2MifQ%3D%3D\">\n\t\t\t\t\t<div class=\"e-gallery-image elementor-gallery-item__image\" data-thumbnail=\"https:\/\/charity-hafez.com\/de\/wp-content\/uploads\/2025\/01\/3-190x300.jpg\" data-width=\"190\" data-height=\"300\" alt=\"\" ><\/div>\n\t\t\t\t\t\t\t\t\t\t\t<div class=\"elementor-gallery-item__overlay\"><\/div>\n\t\t\t\t\t\t\t\t\t\t\t\t\t\t<\/a>\n\t\t\t\t\t\t\t<a class=\"e-gallery-item elementor-gallery-item elementor-animated-content\" href=\"https:\/\/charity-hafez.com\/de\/wp-content\/uploads\/2025\/01\/4.jpg\" data-elementor-open-lightbox=\"yes\" data-elementor-lightbox-slideshow=\"all-1d1eacc\" data-elementor-lightbox-title=\"4.jpg\" data-e-action-hash=\"#elementor-action%3Aaction%3Dlightbox%26settings%3DeyJpZCI6NDI2MSwidXJsIjoiaHR0cHM6XC9cL2NoYXJpdHktaGFmZXouY29tXC9kZVwvd3AtY29udGVudFwvdXBsb2Fkc1wvMjAyNVwvMDFcLzQuanBnIiwic2xpZGVzaG93IjoiYWxsLTFkMWVhY2MifQ%3D%3D\">\n\t\t\t\t\t<div class=\"e-gallery-image elementor-gallery-item__image\" data-thumbnail=\"https:\/\/charity-hafez.com\/de\/wp-content\/uploads\/2025\/01\/4-300x225.jpg\" data-width=\"300\" data-height=\"225\" alt=\"\" ><\/div>\n\t\t\t\t\t\t\t\t\t\t\t<div class=\"elementor-gallery-item__overlay\"><\/div>\n\t\t\t\t\t\t\t\t\t\t\t\t\t\t<\/a>\n\t\t\t\t\t\t\t<a class=\"e-gallery-item elementor-gallery-item elementor-animated-content\" href=\"https:\/\/charity-hafez.com\/de\/wp-content\/uploads\/2025\/01\/5.jpg\" data-elementor-open-lightbox=\"yes\" data-elementor-lightbox-slideshow=\"all-1d1eacc\" data-elementor-lightbox-title=\"5.jpg\" data-e-action-hash=\"#elementor-action%3Aaction%3Dlightbox%26settings%3DeyJpZCI6NDI2MiwidXJsIjoiaHR0cHM6XC9cL2NoYXJpdHktaGFmZXouY29tXC9kZVwvd3AtY29udGVudFwvdXBsb2Fkc1wvMjAyNVwvMDFcLzUuanBnIiwic2xpZGVzaG93IjoiYWxsLTFkMWVhY2MifQ%3D%3D\">\n\t\t\t\t\t<div class=\"e-gallery-image elementor-gallery-item__image\" data-thumbnail=\"https:\/\/charity-hafez.com\/de\/wp-content\/uploads\/2025\/01\/5-169x300.jpg\" data-width=\"169\" data-height=\"300\" alt=\"\" ><\/div>\n\t\t\t\t\t\t\t\t\t\t\t<div class=\"elementor-gallery-item__overlay\"><\/div>\n\t\t\t\t\t\t\t\t\t\t\t\t\t\t<\/a>\n\t\t\t\t\t\t\t<a class=\"e-gallery-item elementor-gallery-item elementor-animated-content\" href=\"https:\/\/charity-hafez.com\/de\/wp-content\/uploads\/2025\/01\/6.jpg\" data-elementor-open-lightbox=\"yes\" data-elementor-lightbox-slideshow=\"all-1d1eacc\" data-elementor-lightbox-title=\"6.jpg\" data-e-action-hash=\"#elementor-action%3Aaction%3Dlightbox%26settings%3DeyJpZCI6NDI2MywidXJsIjoiaHR0cHM6XC9cL2NoYXJpdHktaGFmZXouY29tXC9kZVwvd3AtY29udGVudFwvdXBsb2Fkc1wvMjAyNVwvMDFcLzYuanBnIiwic2xpZGVzaG93IjoiYWxsLTFkMWVhY2MifQ%3D%3D\">\n\t\t\t\t\t<div class=\"e-gallery-image elementor-gallery-item__image\" data-thumbnail=\"https:\/\/charity-hafez.com\/de\/wp-content\/uploads\/2025\/01\/6-188x300.jpg\" data-width=\"188\" data-height=\"300\" alt=\"\" ><\/div>\n\t\t\t\t\t\t\t\t\t\t\t<div class=\"elementor-gallery-item__overlay\"><\/div>\n\t\t\t\t\t\t\t\t\t\t\t\t\t\t<\/a>\n\t\t\t\t\t\t\t<a class=\"e-gallery-item elementor-gallery-item elementor-animated-content\" href=\"https:\/\/charity-hafez.com\/de\/wp-content\/uploads\/2025\/01\/8.jpg\" data-elementor-open-lightbox=\"yes\" data-elementor-lightbox-slideshow=\"all-1d1eacc\" data-elementor-lightbox-title=\"8.jpg\" data-e-action-hash=\"#elementor-action%3Aaction%3Dlightbox%26settings%3DeyJpZCI6NDI2NCwidXJsIjoiaHR0cHM6XC9cL2NoYXJpdHktaGFmZXouY29tXC9kZVwvd3AtY29udGVudFwvdXBsb2Fkc1wvMjAyNVwvMDFcLzguanBnIiwic2xpZGVzaG93IjoiYWxsLTFkMWVhY2MifQ%3D%3D\">\n\t\t\t\t\t<div class=\"e-gallery-image elementor-gallery-item__image\" data-thumbnail=\"https:\/\/charity-hafez.com\/de\/wp-content\/uploads\/2025\/01\/8-189x300.jpg\" data-width=\"189\" data-height=\"300\" alt=\"\" ><\/div>\n\t\t\t\t\t\t\t\t\t\t\t<div class=\"elementor-gallery-item__overlay\"><\/div>\n\t\t\t\t\t\t\t\t\t\t\t\t\t\t<\/a>\n\t\t\t\t\t\t\t<a class=\"e-gallery-item elementor-gallery-item elementor-animated-content\" href=\"https:\/\/charity-hafez.com\/de\/wp-content\/uploads\/2025\/01\/9.jpg\" data-elementor-open-lightbox=\"yes\" data-elementor-lightbox-slideshow=\"all-1d1eacc\" data-elementor-lightbox-title=\"9.jpg\" data-e-action-hash=\"#elementor-action%3Aaction%3Dlightbox%26settings%3DeyJpZCI6NDI2NSwidXJsIjoiaHR0cHM6XC9cL2NoYXJpdHktaGFmZXouY29tXC9kZVwvd3AtY29udGVudFwvdXBsb2Fkc1wvMjAyNVwvMDFcLzkuanBnIiwic2xpZGVzaG93IjoiYWxsLTFkMWVhY2MifQ%3D%3D\">\n\t\t\t\t\t<div class=\"e-gallery-image elementor-gallery-item__image\" data-thumbnail=\"https:\/\/charity-hafez.com\/de\/wp-content\/uploads\/2025\/01\/9-300x253.jpg\" data-width=\"300\" data-height=\"253\" alt=\"\" ><\/div>\n\t\t\t\t\t\t\t\t\t\t\t<div class=\"elementor-gallery-item__overlay\"><\/div>\n\t\t\t\t\t\t\t\t\t\t\t\t\t\t<\/a>\n\t\t\t\t\t\t\t<a class=\"e-gallery-item elementor-gallery-item elementor-animated-content\" href=\"https:\/\/charity-hafez.com\/de\/wp-content\/uploads\/2025\/01\/1.jpg\" data-elementor-open-lightbox=\"yes\" data-elementor-lightbox-slideshow=\"all-1d1eacc\" data-elementor-lightbox-title=\"1.jpg\" data-e-action-hash=\"#elementor-action%3Aaction%3Dlightbox%26settings%3DeyJpZCI6NDI2NiwidXJsIjoiaHR0cHM6XC9cL2NoYXJpdHktaGFmZXouY29tXC9kZVwvd3AtY29udGVudFwvdXBsb2Fkc1wvMjAyNVwvMDFcLzEuanBnIiwic2xpZGVzaG93IjoiYWxsLTFkMWVhY2MifQ%3D%3D\">\n\t\t\t\t\t<div class=\"e-gallery-image elementor-gallery-item__image\" data-thumbnail=\"https:\/\/charity-hafez.com\/de\/wp-content\/uploads\/2025\/01\/1-190x300.jpg\" data-width=\"190\" data-height=\"300\" alt=\"\" ><\/div>\n\t\t\t\t\t\t\t\t\t\t\t<div class=\"elementor-gallery-item__overlay\"><\/div>\n\t\t\t\t\t\t\t\t\t\t\t\t\t\t<\/a>\n\t\t\t\t\t\t\t<a class=\"e-gallery-item elementor-gallery-item elementor-animated-content\" href=\"https:\/\/charity-hafez.com\/de\/wp-content\/uploads\/2025\/01\/p22.jpg\" data-elementor-open-lightbox=\"yes\" data-elementor-lightbox-slideshow=\"all-1d1eacc\" data-elementor-lightbox-title=\"p22.jpg\" data-e-action-hash=\"#elementor-action%3Aaction%3Dlightbox%26settings%3DeyJpZCI6NDI2NywidXJsIjoiaHR0cHM6XC9cL2NoYXJpdHktaGFmZXouY29tXC9kZVwvd3AtY29udGVudFwvdXBsb2Fkc1wvMjAyNVwvMDFcL3AyMi5qcGciLCJzbGlkZXNob3ciOiJhbGwtMWQxZWFjYyJ9\">\n\t\t\t\t\t<div class=\"e-gallery-image elementor-gallery-item__image\" data-thumbnail=\"https:\/\/charity-hafez.com\/de\/wp-content\/uploads\/2025\/01\/p22-300x225.jpg\" data-width=\"300\" data-height=\"225\" alt=\"\" ><\/div>\n\t\t\t\t\t\t\t\t\t\t\t<div class=\"elementor-gallery-item__overlay\"><\/div>\n\t\t\t\t\t\t\t\t\t\t\t\t\t\t<\/a>\n\t\t\t\t\t\t\t<a class=\"e-gallery-item elementor-gallery-item elementor-animated-content\" href=\"https:\/\/charity-hafez.com\/de\/wp-content\/uploads\/2025\/01\/1A.jpg\" data-elementor-open-lightbox=\"yes\" data-elementor-lightbox-slideshow=\"all-1d1eacc\" data-elementor-lightbox-title=\"1A.jpg\" data-e-action-hash=\"#elementor-action%3Aaction%3Dlightbox%26settings%3DeyJpZCI6NDI2OCwidXJsIjoiaHR0cHM6XC9cL2NoYXJpdHktaGFmZXouY29tXC9kZVwvd3AtY29udGVudFwvdXBsb2Fkc1wvMjAyNVwvMDFcLzFBLmpwZyIsInNsaWRlc2hvdyI6ImFsbC0xZDFlYWNjIn0%3D\">\n\t\t\t\t\t<div class=\"e-gallery-image elementor-gallery-item__image\" data-thumbnail=\"https:\/\/charity-hafez.com\/de\/wp-content\/uploads\/2025\/01\/1A-300x154.jpg\" data-width=\"300\" data-height=\"154\" alt=\"\" ><\/div>\n\t\t\t\t\t\t\t\t\t\t\t<div class=\"elementor-gallery-item__overlay\"><\/div>\n\t\t\t\t\t\t\t\t\t\t\t\t\t\t<\/a>\n\t\t\t\t\t\t\t<a class=\"e-gallery-item elementor-gallery-item elementor-animated-content\" href=\"https:\/\/charity-hafez.com\/de\/wp-content\/uploads\/2025\/01\/2A.jpg\" data-elementor-open-lightbox=\"yes\" data-elementor-lightbox-slideshow=\"all-1d1eacc\" data-elementor-lightbox-title=\"2A.jpg\" data-e-action-hash=\"#elementor-action%3Aaction%3Dlightbox%26settings%3DeyJpZCI6NDI2OSwidXJsIjoiaHR0cHM6XC9cL2NoYXJpdHktaGFmZXouY29tXC9kZVwvd3AtY29udGVudFwvdXBsb2Fkc1wvMjAyNVwvMDFcLzJBLmpwZyIsInNsaWRlc2hvdyI6ImFsbC0xZDFlYWNjIn0%3D\">\n\t\t\t\t\t<div class=\"e-gallery-image elementor-gallery-item__image\" data-thumbnail=\"https:\/\/charity-hafez.com\/de\/wp-content\/uploads\/2025\/01\/2A-300x170.jpg\" data-width=\"300\" data-height=\"170\" alt=\"\" ><\/div>\n\t\t\t\t\t\t\t\t\t\t\t<div class=\"elementor-gallery-item__overlay\"><\/div>\n\t\t\t\t\t\t\t\t\t\t\t\t\t\t<\/a>\n\t\t\t\t\t\t\t<a class=\"e-gallery-item elementor-gallery-item elementor-animated-content\" href=\"https:\/\/charity-hafez.com\/de\/wp-content\/uploads\/2025\/01\/3A.jpg\" data-elementor-open-lightbox=\"yes\" data-elementor-lightbox-slideshow=\"all-1d1eacc\" data-elementor-lightbox-title=\"3A.jpg\" data-e-action-hash=\"#elementor-action%3Aaction%3Dlightbox%26settings%3DeyJpZCI6NDI3MCwidXJsIjoiaHR0cHM6XC9cL2NoYXJpdHktaGFmZXouY29tXC9kZVwvd3AtY29udGVudFwvdXBsb2Fkc1wvMjAyNVwvMDFcLzNBLmpwZyIsInNsaWRlc2hvdyI6ImFsbC0xZDFlYWNjIn0%3D\">\n\t\t\t\t\t<div class=\"e-gallery-image elementor-gallery-item__image\" data-thumbnail=\"https:\/\/charity-hafez.com\/de\/wp-content\/uploads\/2025\/01\/3A-300x158.jpg\" data-width=\"300\" data-height=\"158\" alt=\"\" ><\/div>\n\t\t\t\t\t\t\t\t\t\t\t<div class=\"elementor-gallery-item__overlay\"><\/div>\n\t\t\t\t\t\t\t\t\t\t\t\t\t\t<\/a>\n\t\t\t\t\t<\/div>\n\t\t\t\t\t<\/div>\n\t\t\t\t<\/div>\n\t\t\t\t\t<\/div>\n\t\t<\/div>\n\t\t\t\t<div class=\"elementor-column elementor-col-33 elementor-top-column elementor-element elementor-element-0a17b51\" data-id=\"0a17b51\" data-element_type=\"column\">\n\t\t\t<div class=\"elementor-widget-wrap elementor-element-populated\">\n\t\t\t\t\t\t<div class=\"elementor-element elementor-element-8e3f925 elementor-widget elementor-widget-heading\" data-id=\"8e3f925\" data-element_type=\"widget\" data-widget_type=\"heading.default\">\n\t\t\t\t<div class=\"elementor-widget-container\">\n\t\t\t\t\t<h2 class=\"elementor-heading-title elementor-size-default\">Video zur Jahresversammlung 2024<\/h2>\t\t\t\t<\/div>\n\t\t\t\t<\/div>\n\t\t\t\t<div class=\"elementor-element elementor-element-1502f4a elementor-widget elementor-widget-video\" data-id=\"1502f4a\" data-element_type=\"widget\" data-settings=\"{&quot;video_type&quot;:&quot;hosted&quot;,&quot;controls&quot;:&quot;yes&quot;}\" data-widget_type=\"video.default\">\n\t\t\t\t<div class=\"elementor-widget-container\">\n\t\t\t\t\t\t\t<div class=\"e-hosted-video elementor-wrapper elementor-open-inline\">\n\t\t\t\t\t<video class=\"elementor-video\" src=\"https:\/\/charity-hafez.com\/de\/wp-content\/uploads\/2025\/01\/\u0641\u06cc\u0644\u0645.mp4\" controls=\"\" preload=\"metadata\" controlsList=\"nodownload\"><\/video>\n\t\t\t\t<\/div>\n\t\t\t\t\t\t<\/div>\n\t\t\t\t<\/div>\n\t\t\t\t\t<\/div>\n\t\t<\/div>\n\t\t\t\t\t<\/div>\n\t\t<\/section>\n\t\t\t\t<section class=\"elementor-section elementor-top-section elementor-element elementor-element-fca72f9 elementor-section-boxed elementor-section-height-default elementor-section-height-default\" data-id=\"fca72f9\" data-element_type=\"section\">\n\t\t\t\t\t\t<div class=\"elementor-container elementor-column-gap-default\">\n\t\t\t\t\t<div class=\"elementor-column elementor-col-100 elementor-top-column elementor-element elementor-element-dfd8e18\" data-id=\"dfd8e18\" data-element_type=\"column\">\n\t\t\t<div class=\"elementor-widget-wrap elementor-element-populated\">\n\t\t\t\t\t\t<div class=\"elementor-element elementor-element-69e6dde elementor-widget-divider--view-line elementor-widget elementor-widget-divider\" data-id=\"69e6dde\" data-element_type=\"widget\" data-widget_type=\"divider.default\">\n\t\t\t\t<div class=\"elementor-widget-container\">\n\t\t\t\t\t\t\t<div class=\"elementor-divider\">\n\t\t\t<span class=\"elementor-divider-separator\">\n\t\t\t\t\t\t<\/span>\n\t\t<\/div>\n\t\t\t\t\t\t<\/div>\n\t\t\t\t<\/div>\n\t\t\t\t<div class=\"elementor-element elementor-element-45378ce elementor-widget elementor-widget-heading\" data-id=\"45378ce\" data-element_type=\"widget\" data-widget_type=\"heading.default\">\n\t\t\t\t<div class=\"elementor-widget-container\">\n\t\t\t\t\t<h2 class=\"elementor-heading-title elementor-size-default\">Jahresversammlung 2022<\/h2>\t\t\t\t<\/div>\n\t\t\t\t<\/div>\n\t\t\t\t<div class=\"elementor-element elementor-element-6c0cfd6 elementor-widget elementor-widget-text-editor\" data-id=\"6c0cfd6\" data-element_type=\"widget\" data-widget_type=\"text-editor.default\">\n\t\t\t\t<div class=\"elementor-widget-container\">\n\t\t\t\t\t\t\t\t\t<p>Mitte Dezember 2022 fand die Jahrestagung des Charity Hafez mit 80 offiziellen und unterst\u00fctzenden Mitgliedern statt. Zur Begr\u00fc\u00dfung wurde ein wundersch\u00f6nes Gedicht zur Erinnerung an Mojtaba Kashani vorgetragen, bei dem es um Liebe, Wohlwollen und Visionen geht. Danach wurde der Jahresrechenschaftsbericht vorgestellt.<\/p><p>Im Anschluss gab es vom Vorstandsvorsitzenden der Sepehr Charity Foundation eine Powerpointpr\u00e4sentation samt Videos \u00fcber ihre Aktivit\u00e4ten der letzten Jahre in der Stadt Bam-Kerman, in den D\u00f6rfern um Kerman sowie in der Stadt Pakdasht, 30 km s\u00fcdlich von Teheran.<\/p><p>In diesem Bericht wurden die Beitr\u00e4ge des <strong>Charity Hafez e.V.<\/strong> in verschiedenen Bereichen beschrieben, wie z. B. die Bereitstellung medizinischer Ger\u00e4te f\u00fcr Patienten mit spezifischen Krankheiten, die finanzielle Unterst\u00fctzung von Cochlea-Implantaten f\u00fcr geh\u00f6rlose Kinder, die Bereitstellung von Physiotherapieger\u00e4ten und die Unterst\u00fctzung von Mikrofonds f\u00fcr arme und alleinversorgende Frauen in l\u00e4ndlichen Gebieten sowie die Patenschaften mit Waisen und vernachl\u00e4ssigten Kindern.<\/p><p>Nach der Pr\u00e4sentation, die das Publikum in die Welt der N\u00f6te, der Entbehrungen und des Elends der Mitmenschen eintauchen lie\u00df, gab es eine rege Diskussionsrunde. Ein Konsens bestand dar\u00fcber, dass der Charity Hafez seine Kooperation mit der Sepehr Charity Foundation ausbauen solle und es kontinuierliche und nachhaltige wirtschaftliche L\u00f6sungen zu schaffen gebe, um die finanziellen Ressourcen mit mehr Hilfe von Spendern zu erh\u00f6hen. Dazu wurden realisierbare Vorschl\u00e4ge gemacht.<\/p><p><span class=\"HwtZe\" lang=\"en\"><span class=\"jCAhz ChMk0b\"><span class=\"ryNqvb\">Abschlie\u00dfend sprach ein weiteres Vorstandsmitglied des Charity Hafez \u00fcber den Unterschied zwischen Sehen und Betrachten und forderte alle auf, die Sch\u00f6nheiten zu betrachten. Denn dieses st\u00e4rke das Gef\u00fchl f\u00fcr N\u00e4chstenliebe.<\/span><\/span><\/span><\/p>\t\t\t\t\t\t\t\t<\/div>\n\t\t\t\t<\/div>\n\t\t\t\t\t<\/div>\n\t\t<\/div>\n\t\t\t\t\t<\/div>\n\t\t<\/section>\n\t\t\t\t<\/div>\n\t\t","protected":false},"excerpt":{"rendered":"<p>Jahresversammlung 2024 Die j\u00e4hrliche Versammlung des Charity Hafez e.V. fand wie in den vergangenen Jahren auch diesmal im Dezember 2024 [&hellip;]<\/p>\n","protected":false},"author":1,"featured_media":3779,"parent":0,"menu_order":0,"comment_status":"closed","ping_status":"closed","template":"elementor_header_footer","meta":{"footnotes":""},"categories":[25],"tags":[],"class_list":["post-3030","page","type-page","status-publish","has-post-thumbnail","hentry","category-aktuelles"],"_links":{"self":[{"href":"https:\/\/charity-hafez.com\/de\/wp-json\/wp\/v2\/pages\/3030","targetHints":{"allow":["GET"]}}],"collection":[{"href":"https:\/\/charity-hafez.com\/de\/wp-json\/wp\/v2\/pages"}],"about":[{"href":"https:\/\/charity-hafez.com\/de\/wp-json\/wp\/v2\/types\/page"}],"author":[{"embeddable":true,"href":"https:\/\/charity-hafez.com\/de\/wp-json\/wp\/v2\/users\/1"}],"replies":[{"embeddable":true,"href":"https:\/\/charity-hafez.com\/de\/wp-json\/wp\/v2\/comments?post=3030"}],"version-history":[{"count":23,"href":"https:\/\/charity-hafez.com\/de\/wp-json\/wp\/v2\/pages\/3030\/revisions"}],"predecessor-version":[{"id":4278,"href":"https:\/\/charity-hafez.com\/de\/wp-json\/wp\/v2\/pages\/3030\/revisions\/4278"}],"wp:featuredmedia":[{"embeddable":true,"href":"https:\/\/charity-hafez.com\/de\/wp-json\/wp\/v2\/media\/3779"}],"wp:attachment":[{"href":"https:\/\/charity-hafez.com\/de\/wp-json\/wp\/v2\/media?parent=3030"}],"wp:term":[{"taxonomy":"category","embeddable":true,"href":"https:\/\/charity-hafez.com\/de\/wp-json\/wp\/v2\/categories?post=3030"},{"taxonomy":"post_tag","embeddable":true,"href":"https:\/\/charity-hafez.com\/de\/wp-json\/wp\/v2\/tags?post=3030"}],"curies":[{"name":"wp","href":"https:\/\/api.w.org\/{rel}","templated":true}]}}