{"id":3038,"date":"2022-12-04T23:31:00","date_gmt":"2022-12-04T20:01:00","guid":{"rendered":"http:\/\/ha3ani.ir\/fa\/?page_id=3038"},"modified":"2024-10-25T23:08:30","modified_gmt":"2024-10-25T21:08:30","slug":"other-activities","status":"publish","type":"page","link":"https:\/\/charity-hafez.com\/de\/other-activities\/","title":{"rendered":"Sonstige Aktivit\u00e4ten"},"content":{"rendered":"\t\t<div data-elementor-type=\"wp-page\" data-elementor-id=\"3038\" class=\"elementor elementor-3038\">\n\t\t\t\t\t\t<section class=\"elementor-section elementor-top-section elementor-element elementor-element-3690a163 elementor-section-boxed elementor-section-height-default elementor-section-height-default\" data-id=\"3690a163\" data-element_type=\"section\">\n\t\t\t\t\t\t<div class=\"elementor-container elementor-column-gap-default\">\n\t\t\t\t\t<div class=\"elementor-column elementor-col-100 elementor-top-column elementor-element elementor-element-18097507\" data-id=\"18097507\" data-element_type=\"column\">\n\t\t\t<div class=\"elementor-widget-wrap elementor-element-populated\">\n\t\t\t\t\t\t<div class=\"elementor-element elementor-element-f5cd77b elementor-widget elementor-widget-heading\" data-id=\"f5cd77b\" data-element_type=\"widget\" data-widget_type=\"heading.default\">\n\t\t\t\t<div class=\"elementor-widget-container\">\n\t\t\t\t\t<h2 class=\"elementor-heading-title elementor-size-default\">Internationale Ausstellung Domotex<\/h2>\t\t\t\t<\/div>\n\t\t\t\t<\/div>\n\t\t\t\t<div class=\"elementor-element elementor-element-e54518e dir-ltr elementor-widget elementor-widget-text-editor\" data-id=\"e54518e\" data-element_type=\"widget\" data-widget_type=\"text-editor.default\">\n\t\t\t\t<div class=\"elementor-widget-container\">\n\t\t\t\t\t\t\t\t\t<p>Die internationale Teppichausstellung Domotex findet allj\u00e4hrlich in Hannover statt und ist eine der renommiertesten Ausstellungen f\u00fcr traditionelle und moderne Arten von handgefertigten und maschinell gewebten Bodenbel\u00e4gen und Teppichen. Angesichts der bedeutenden Beteiligung iranischer H\u00e4ndler von handgewebten und maschinell gefertigten Teppichen an dieser Ausstellung, hat der Charity Hafez versucht, durch die Pr\u00e4senz mit einem Stand, Interessierten seine Ziele vorzustellen und die Aufmerksamkeit der Spender auf die unternommenen Anstrengungen zu lenken sowie finanzielle Unterst\u00fctzung von Spendewilligen zu erhalten.<\/p>\t\t\t\t\t\t\t\t<\/div>\n\t\t\t\t<\/div>\n\t\t\t\t\t<\/div>\n\t\t<\/div>\n\t\t\t\t\t<\/div>\n\t\t<\/section>\n\t\t\t\t<\/div>\n\t\t","protected":false},"excerpt":{"rendered":"<p>Internationale Ausstellung Domotex Die internationale Teppichausstellung Domotex findet allj\u00e4hrlich in Hannover statt und ist eine der renommiertesten Ausstellungen f\u00fcr traditionelle [&hellip;]<\/p>\n","protected":false},"author":1,"featured_media":3765,"parent":0,"menu_order":0,"comment_status":"closed","ping_status":"closed","template":"elementor_header_footer","meta":{"footnotes":""},"categories":[25],"tags":[],"class_list":["post-3038","page","type-page","status-publish","has-post-thumbnail","hentry","category-aktuelles"],"_links":{"self":[{"href":"https:\/\/charity-hafez.com\/de\/wp-json\/wp\/v2\/pages\/3038","targetHints":{"allow":["GET"]}}],"collection":[{"href":"https:\/\/charity-hafez.com\/de\/wp-json\/wp\/v2\/pages"}],"about":[{"href":"https:\/\/charity-hafez.com\/de\/wp-json\/wp\/v2\/types\/page"}],"author":[{"embeddable":true,"href":"https:\/\/charity-hafez.com\/de\/wp-json\/wp\/v2\/users\/1"}],"replies":[{"embeddable":true,"href":"https:\/\/charity-hafez.com\/de\/wp-json\/wp\/v2\/comments?post=3038"}],"version-history":[{"count":17,"href":"https:\/\/charity-hafez.com\/de\/wp-json\/wp\/v2\/pages\/3038\/revisions"}],"predecessor-version":[{"id":4214,"href":"https:\/\/charity-hafez.com\/de\/wp-json\/wp\/v2\/pages\/3038\/revisions\/4214"}],"wp:featuredmedia":[{"embeddable":true,"href":"https:\/\/charity-hafez.com\/de\/wp-json\/wp\/v2\/media\/3765"}],"wp:attachment":[{"href":"https:\/\/charity-hafez.com\/de\/wp-json\/wp\/v2\/media?parent=3038"}],"wp:term":[{"taxonomy":"category","embeddable":true,"href":"https:\/\/charity-hafez.com\/de\/wp-json\/wp\/v2\/categories?post=3038"},{"taxonomy":"post_tag","embeddable":true,"href":"https:\/\/charity-hafez.com\/de\/wp-json\/wp\/v2\/tags?post=3038"}],"curies":[{"name":"wp","href":"https:\/\/api.w.org\/{rel}","templated":true}]}}