{"id":3040,"date":"2022-12-04T23:33:55","date_gmt":"2022-12-04T20:03:55","guid":{"rendered":"http:\/\/ha3ani.ir\/fa\/?page_id=3040"},"modified":"2024-07-11T11:53:45","modified_gmt":"2024-07-11T09:53:45","slug":"membership-group-of-helpers","status":"publish","type":"page","link":"https:\/\/charity-hafez.com\/de\/membership-group-of-helpers\/","title":{"rendered":"Unterst\u00fctzende Mitgliedschaft im Charity Hafez e.V."},"content":{"rendered":"\t\t<div data-elementor-type=\"wp-page\" data-elementor-id=\"3040\" class=\"elementor elementor-3040\">\n\t\t\t\t\t\t<section class=\"elementor-section elementor-top-section elementor-element elementor-element-3840bcce elementor-section-boxed elementor-section-height-default elementor-section-height-default\" data-id=\"3840bcce\" data-element_type=\"section\">\n\t\t\t\t\t\t<div class=\"elementor-container elementor-column-gap-default\">\n\t\t\t\t\t<div class=\"elementor-column elementor-col-100 elementor-top-column elementor-element elementor-element-c0ed87\" data-id=\"c0ed87\" data-element_type=\"column\">\n\t\t\t<div class=\"elementor-widget-wrap elementor-element-populated\">\n\t\t\t\t\t\t<div class=\"elementor-element elementor-element-2f8c22c5 elementor-widget elementor-widget-text-editor\" data-id=\"2f8c22c5\" data-element_type=\"widget\" data-widget_type=\"text-editor.default\">\n\t\t\t\t<div class=\"elementor-widget-container\">\n\t\t\t\t\t\t\t\t\t<p><strong>&#8220;Ihr werdet G\u00fcte und Reinheit nicht erlangen, solange Ihr nicht von dem spendet, was Ihr liebt. Und was immer Ihr spendet, Gott wei\u00df dar\u00fcber Bescheid.&#8221;<\/strong><\/p><p>Den Menschen zu dienen, vor allem denjenigen, die in Schwierigkeiten sind, ist sicherlich einer der besonderen Momente und Situationen im Leben. Der Moment, in dem sie dich um Hilfe bitten, ist eine Gelegenheit, Gutes zu tun und einen Knoten zu l\u00f6sen. Das ist das Gl\u00fcck, das Gott dir geschenkt hat.<\/p><p>Nat\u00fcrliche und juristische Personen, die der <strong>Charity Hafez e.V.<\/strong> bei der Verwirklichung ihrer Ziele unterst\u00fctzen, k\u00f6nnen Mitglieder des Vereins werden.<\/p><p><strong>Die Mitgliedschaft im Verein ist auf zwei Arten m\u00f6glich:<\/strong><\/p><p>A &#8211; Offizielle Mitglieder<\/p><p>B &#8211; Unterst\u00fctzende Mitglieder<\/p><p>Offizielle Mitglieder sind Personen, die sich kontinuierlich f\u00fcr wohlt\u00e4tige Zwecke einsetzen und regelm\u00e4\u00dfig ihre Mitgliedsbeitr\u00e4ge zahlen. Diese Mitglieder haben alle Mitgliedsrechte gem\u00e4\u00df der Vereinssatzung und sind verpflichtet, die ihnen \u00fcbertragenen Aufgaben zu erf\u00fcllen. Sie haben das Recht, den Vorstand zu w\u00e4hlen und in diesen gew\u00e4hlt zu werden.<\/p><p>Unterst\u00fctzende Mitglieder sind Personen, die den Verein auf verschiedene Weise, insbesondere durch finanzielle Zuwendungen, unterst\u00fctzen, um seine Ziele zu erreichen. Sie k\u00f6nnen den Vorstand nicht w\u00e4hlen oder in ihn gew\u00e4hlt werden.<\/p><p style=\"text-align: center;\"><strong>Weitere Informationen finden Sie in der Satzung des Charity Hafez e.V.<\/strong><\/p>\t\t\t\t\t\t\t\t<\/div>\n\t\t\t\t<\/div>\n\t\t\t\t\t<\/div>\n\t\t<\/div>\n\t\t\t\t\t<\/div>\n\t\t<\/section>\n\t\t\t\t<\/div>\n\t\t","protected":false},"excerpt":{"rendered":"<p>&#8220;Ihr werdet G\u00fcte und Reinheit nicht erlangen, solange Ihr nicht von dem spendet, was Ihr liebt. Und was immer Ihr [&hellip;]<\/p>\n","protected":false},"author":1,"featured_media":3835,"parent":0,"menu_order":0,"comment_status":"closed","ping_status":"closed","template":"elementor_header_footer","meta":{"footnotes":""},"categories":[24],"tags":[],"class_list":["post-3040","page","type-page","status-publish","has-post-thumbnail","hentry","category-unterstutzungsmoglichkeiten"],"_links":{"self":[{"href":"https:\/\/charity-hafez.com\/de\/wp-json\/wp\/v2\/pages\/3040","targetHints":{"allow":["GET"]}}],"collection":[{"href":"https:\/\/charity-hafez.com\/de\/wp-json\/wp\/v2\/pages"}],"about":[{"href":"https:\/\/charity-hafez.com\/de\/wp-json\/wp\/v2\/types\/page"}],"author":[{"embeddable":true,"href":"https:\/\/charity-hafez.com\/de\/wp-json\/wp\/v2\/users\/1"}],"replies":[{"embeddable":true,"href":"https:\/\/charity-hafez.com\/de\/wp-json\/wp\/v2\/comments?post=3040"}],"version-history":[{"count":23,"href":"https:\/\/charity-hafez.com\/de\/wp-json\/wp\/v2\/pages\/3040\/revisions"}],"predecessor-version":[{"id":4139,"href":"https:\/\/charity-hafez.com\/de\/wp-json\/wp\/v2\/pages\/3040\/revisions\/4139"}],"wp:featuredmedia":[{"embeddable":true,"href":"https:\/\/charity-hafez.com\/de\/wp-json\/wp\/v2\/media\/3835"}],"wp:attachment":[{"href":"https:\/\/charity-hafez.com\/de\/wp-json\/wp\/v2\/media?parent=3040"}],"wp:term":[{"taxonomy":"category","embeddable":true,"href":"https:\/\/charity-hafez.com\/de\/wp-json\/wp\/v2\/categories?post=3040"},{"taxonomy":"post_tag","embeddable":true,"href":"https:\/\/charity-hafez.com\/de\/wp-json\/wp\/v2\/tags?post=3040"}],"curies":[{"name":"wp","href":"https:\/\/api.w.org\/{rel}","templated":true}]}}