{"id":3042,"date":"2022-12-04T23:34:55","date_gmt":"2022-12-04T20:04:55","guid":{"rendered":"http:\/\/ha3ani.ir\/fa\/?page_id=3042"},"modified":"2024-05-25T14:08:51","modified_gmt":"2024-05-25T12:08:51","slug":"greeting-card","status":"publish","type":"page","link":"https:\/\/charity-hafez.com\/de\/greeting-card\/","title":{"rendered":"Gl\u00fcckwunschkarte"},"content":{"rendered":"\t\t<div data-elementor-type=\"wp-page\" data-elementor-id=\"3042\" class=\"elementor elementor-3042\">\n\t\t\t\t\t\t<section class=\"elementor-section elementor-top-section elementor-element elementor-element-3a9d83a9 elementor-section-boxed elementor-section-height-default elementor-section-height-default\" data-id=\"3a9d83a9\" data-element_type=\"section\">\n\t\t\t\t\t\t<div class=\"elementor-container elementor-column-gap-default\">\n\t\t\t\t\t<div class=\"elementor-column elementor-col-100 elementor-top-column elementor-element elementor-element-20cc75c5\" data-id=\"20cc75c5\" data-element_type=\"column\">\n\t\t\t<div class=\"elementor-widget-wrap elementor-element-populated\">\n\t\t\t\t\t\t<div class=\"elementor-element elementor-element-26f6f32b elementor-widget elementor-widget-text-editor\" data-id=\"26f6f32b\" data-element_type=\"widget\" data-widget_type=\"text-editor.default\">\n\t\t\t\t<div class=\"elementor-widget-container\">\n\t\t\t\t\t\t\t\t\t<p><span lang=\"FA\">Um einen Beitrag zur guten Tat zu leisten, hat der Charity Hafez mit dem Druck von Gru\u00dfkarten begonnen. Sie k\u00f6nnen sich dazu entscheiden, anstelle von Blumen oder Geschenken zu freudigen Anl\u00e4ssen wie der Geburt eines Babys, einem Geburtstag, einem Jubil\u00e4um etc. mit einer Gl\u00fcckwunschkarte und der Spende eines Betrags an den Charity Hafez zu gratulieren. Somit bekunden Sie einerseits der beschenkten Person Ihren Gl\u00fcckwunsch und teilen andererseits mit ihr Gutes, indem sie Bed\u00fcrftigen helfen.<\/span><\/p><p><span lang=\"FA\">Nach Erhalt Ihrer Hilfe wird der Charity Hafez einen Brief an die beschenkte Person senden und sie neben der Gratulation \u00fcber Ihre Spende in Kenntnis setzen.<\/span><\/p><p><strong><span lang=\"FA\">Ihr Einsatz f\u00fcr den Charity Hafez ist h\u00f6chst dankenswert.<\/span><\/strong><\/p>\t\t\t\t\t\t\t\t<\/div>\n\t\t\t\t<\/div>\n\t\t\t\t<div class=\"elementor-element elementor-element-46e1740 elementor-widget elementor-widget-image\" data-id=\"46e1740\" data-element_type=\"widget\" data-widget_type=\"image.default\">\n\t\t\t\t<div class=\"elementor-widget-container\">\n\t\t\t\t\t\t\t\t\t\t\t\t\t\t\t<img fetchpriority=\"high\" decoding=\"async\" width=\"640\" height=\"319\" src=\"https:\/\/charity-hafez.com\/de\/wp-content\/uploads\/2023\/01\/Gescannte-Dokumente-1.jpg\" class=\"attachment-large size-large wp-image-3852\" alt=\"\" srcset=\"https:\/\/charity-hafez.com\/de\/wp-content\/uploads\/2023\/01\/Gescannte-Dokumente-1.jpg 1000w, https:\/\/charity-hafez.com\/de\/wp-content\/uploads\/2023\/01\/Gescannte-Dokumente-1-300x150.jpg 300w, https:\/\/charity-hafez.com\/de\/wp-content\/uploads\/2023\/01\/Gescannte-Dokumente-1-768x383.jpg 768w\" sizes=\"(max-width: 640px) 100vw, 640px\" \/>\t\t\t\t\t\t\t\t\t\t\t\t\t\t\t<\/div>\n\t\t\t\t<\/div>\n\t\t\t\t\t<\/div>\n\t\t<\/div>\n\t\t\t\t\t<\/div>\n\t\t<\/section>\n\t\t\t\t<\/div>\n\t\t","protected":false},"excerpt":{"rendered":"<p>Um einen Beitrag zur guten Tat zu leisten, hat der Charity Hafez mit dem Druck von Gru\u00dfkarten begonnen. Sie k\u00f6nnen [&hellip;]<\/p>\n","protected":false},"author":1,"featured_media":3864,"parent":0,"menu_order":0,"comment_status":"closed","ping_status":"closed","template":"elementor_header_footer","meta":{"footnotes":""},"categories":[24],"tags":[],"class_list":["post-3042","page","type-page","status-publish","has-post-thumbnail","hentry","category-unterstutzungsmoglichkeiten"],"_links":{"self":[{"href":"https:\/\/charity-hafez.com\/de\/wp-json\/wp\/v2\/pages\/3042","targetHints":{"allow":["GET"]}}],"collection":[{"href":"https:\/\/charity-hafez.com\/de\/wp-json\/wp\/v2\/pages"}],"about":[{"href":"https:\/\/charity-hafez.com\/de\/wp-json\/wp\/v2\/types\/page"}],"author":[{"embeddable":true,"href":"https:\/\/charity-hafez.com\/de\/wp-json\/wp\/v2\/users\/1"}],"replies":[{"embeddable":true,"href":"https:\/\/charity-hafez.com\/de\/wp-json\/wp\/v2\/comments?post=3042"}],"version-history":[{"count":14,"href":"https:\/\/charity-hafez.com\/de\/wp-json\/wp\/v2\/pages\/3042\/revisions"}],"predecessor-version":[{"id":4017,"href":"https:\/\/charity-hafez.com\/de\/wp-json\/wp\/v2\/pages\/3042\/revisions\/4017"}],"wp:featuredmedia":[{"embeddable":true,"href":"https:\/\/charity-hafez.com\/de\/wp-json\/wp\/v2\/media\/3864"}],"wp:attachment":[{"href":"https:\/\/charity-hafez.com\/de\/wp-json\/wp\/v2\/media?parent=3042"}],"wp:term":[{"taxonomy":"category","embeddable":true,"href":"https:\/\/charity-hafez.com\/de\/wp-json\/wp\/v2\/categories?post=3042"},{"taxonomy":"post_tag","embeddable":true,"href":"https:\/\/charity-hafez.com\/de\/wp-json\/wp\/v2\/tags?post=3042"}],"curies":[{"name":"wp","href":"https:\/\/api.w.org\/{rel}","templated":true}]}}