{"id":3044,"date":"2022-12-04T23:36:07","date_gmt":"2022-12-04T20:06:07","guid":{"rendered":"http:\/\/ha3ani.ir\/fa\/?page_id=3044"},"modified":"2024-05-25T14:10:44","modified_gmt":"2024-05-25T12:10:44","slug":"condolence-card","status":"publish","type":"page","link":"https:\/\/charity-hafez.com\/de\/condolence-card\/","title":{"rendered":"Beileidskarten"},"content":{"rendered":"\t\t<div data-elementor-type=\"wp-page\" data-elementor-id=\"3044\" class=\"elementor elementor-3044\">\n\t\t\t\t\t\t<section class=\"elementor-section elementor-top-section elementor-element elementor-element-281fd6a elementor-section-boxed elementor-section-height-default elementor-section-height-default\" data-id=\"281fd6a\" data-element_type=\"section\">\n\t\t\t\t\t\t<div class=\"elementor-container elementor-column-gap-default\">\n\t\t\t\t\t<div class=\"elementor-column elementor-col-100 elementor-top-column elementor-element elementor-element-6d512010\" data-id=\"6d512010\" data-element_type=\"column\">\n\t\t\t<div class=\"elementor-widget-wrap elementor-element-populated\">\n\t\t\t\t\t\t<div class=\"elementor-element elementor-element-48b51341 elementor-widget elementor-widget-text-editor\" data-id=\"48b51341\" data-element_type=\"widget\" data-widget_type=\"text-editor.default\">\n\t\t\t\t<div class=\"elementor-widget-container\">\n\t\t\t\t\t\t\t\t\t<p><span lang=\"FA\">Der Charity Hafez e.V. \u00fcbernimmt es gerne, eine Beileidskarte in ihrem Namen zu erstellen. Auf diese Weise k\u00f6nnen Sie den Angeh\u00f6rigen Ihr Mitgef\u00fchl ausdr\u00fccken und Bed\u00fcrftigen helfen. Mag sein, dass Ihre wohlwollende Spende und die empfundene Freude der Bed\u00fcrftigen den Hinterbliebenen Trost und Freude spendet.<\/span><\/p><p>Anstelle von Blumen f\u00fcr Trauer Anl\u00e4sse zu verschenken, k\u00f6nnen Sie sich f\u00fcr eine Spende an den Charity Hafez entscheiden. Der Charity Hafez wird in Ihrem Namen eine spezielle Kondolenztafel samt einer Beileidskarte an die betreffende Person versenden. Auf diese Weise k\u00f6nnen Sie Ihre Anteilnahme zum Ausdruck bringen und durch Ihre wohlwollende Tat Trost spenden und das Herz der trauernden Person erw\u00e4rmen.<\/p><p><span lang=\"FA\">Rufen Sie uns an, um eine Kondolenztafel zu bestellen und eine Kondolenzkarte vorzubereiten.<\/span><\/p><p><strong><span lang=\"FA\">Wir sind allen Helfenden, die uns durch ihre stetige Unterst\u00fctzung f\u00f6rdern, \u00e4u\u00dferst dankbar.<\/span><\/strong><\/p>\t\t\t\t\t\t\t\t<\/div>\n\t\t\t\t<\/div>\n\t\t\t\t<div class=\"elementor-element elementor-element-6b0c6d5 elementor-widget elementor-widget-image\" data-id=\"6b0c6d5\" data-element_type=\"widget\" data-widget_type=\"image.default\">\n\t\t\t\t<div class=\"elementor-widget-container\">\n\t\t\t\t\t\t\t\t\t\t\t\t\t\t\t<img fetchpriority=\"high\" decoding=\"async\" width=\"640\" height=\"303\" src=\"https:\/\/charity-hafez.com\/de\/wp-content\/uploads\/2023\/01\/Charity-Hafez-e.-V.jpg\" class=\"attachment-large size-large wp-image-3856\" alt=\"\" srcset=\"https:\/\/charity-hafez.com\/de\/wp-content\/uploads\/2023\/01\/Charity-Hafez-e.-V.jpg 1000w, https:\/\/charity-hafez.com\/de\/wp-content\/uploads\/2023\/01\/Charity-Hafez-e.-V-300x142.jpg 300w, https:\/\/charity-hafez.com\/de\/wp-content\/uploads\/2023\/01\/Charity-Hafez-e.-V-768x364.jpg 768w\" sizes=\"(max-width: 640px) 100vw, 640px\" \/>\t\t\t\t\t\t\t\t\t\t\t\t\t\t\t<\/div>\n\t\t\t\t<\/div>\n\t\t\t\t<div class=\"elementor-element elementor-element-7e76f2c elementor-widget elementor-widget-image\" data-id=\"7e76f2c\" data-element_type=\"widget\" data-widget_type=\"image.default\">\n\t\t\t\t<div class=\"elementor-widget-container\">\n\t\t\t\t\t\t\t\t\t\t\t\t\t\t\t<img decoding=\"async\" width=\"640\" height=\"321\" data-src=\"https:\/\/charity-hafez.com\/de\/wp-content\/uploads\/2023\/01\/Gescannte-Dokumente-2-1024x513.jpg\" class=\"attachment-large size-large wp-image-3857 lazyload\" alt=\"\" data-srcset=\"https:\/\/charity-hafez.com\/de\/wp-content\/uploads\/2023\/01\/Gescannte-Dokumente-2-1024x513.jpg 1024w, https:\/\/charity-hafez.com\/de\/wp-content\/uploads\/2023\/01\/Gescannte-Dokumente-2-300x150.jpg 300w, https:\/\/charity-hafez.com\/de\/wp-content\/uploads\/2023\/01\/Gescannte-Dokumente-2-768x384.jpg 768w, https:\/\/charity-hafez.com\/de\/wp-content\/uploads\/2023\/01\/Gescannte-Dokumente-2-1536x769.jpg 1536w, https:\/\/charity-hafez.com\/de\/wp-content\/uploads\/2023\/01\/Gescannte-Dokumente-2-2048x1025.jpg 2048w\" data-sizes=\"(max-width: 640px) 100vw, 640px\" src=\"data:image\/svg+xml;base64,PHN2ZyB3aWR0aD0iMSIgaGVpZ2h0PSIxIiB4bWxucz0iaHR0cDovL3d3dy53My5vcmcvMjAwMC9zdmciPjwvc3ZnPg==\" style=\"--smush-placeholder-width: 640px; --smush-placeholder-aspect-ratio: 640\/321;\" \/>\t\t\t\t\t\t\t\t\t\t\t\t\t\t\t<\/div>\n\t\t\t\t<\/div>\n\t\t\t\t\t<\/div>\n\t\t<\/div>\n\t\t\t\t\t<\/div>\n\t\t<\/section>\n\t\t\t\t<\/div>\n\t\t","protected":false},"excerpt":{"rendered":"<p>Der Charity Hafez e.V. \u00fcbernimmt es gerne, eine Beileidskarte in ihrem Namen zu erstellen. Auf diese Weise k\u00f6nnen Sie den [&hellip;]<\/p>\n","protected":false},"author":1,"featured_media":3864,"parent":0,"menu_order":0,"comment_status":"closed","ping_status":"closed","template":"elementor_header_footer","meta":{"footnotes":""},"categories":[24],"tags":[],"class_list":["post-3044","page","type-page","status-publish","has-post-thumbnail","hentry","category-unterstutzungsmoglichkeiten"],"_links":{"self":[{"href":"https:\/\/charity-hafez.com\/de\/wp-json\/wp\/v2\/pages\/3044","targetHints":{"allow":["GET"]}}],"collection":[{"href":"https:\/\/charity-hafez.com\/de\/wp-json\/wp\/v2\/pages"}],"about":[{"href":"https:\/\/charity-hafez.com\/de\/wp-json\/wp\/v2\/types\/page"}],"author":[{"embeddable":true,"href":"https:\/\/charity-hafez.com\/de\/wp-json\/wp\/v2\/users\/1"}],"replies":[{"embeddable":true,"href":"https:\/\/charity-hafez.com\/de\/wp-json\/wp\/v2\/comments?post=3044"}],"version-history":[{"count":17,"href":"https:\/\/charity-hafez.com\/de\/wp-json\/wp\/v2\/pages\/3044\/revisions"}],"predecessor-version":[{"id":4022,"href":"https:\/\/charity-hafez.com\/de\/wp-json\/wp\/v2\/pages\/3044\/revisions\/4022"}],"wp:featuredmedia":[{"embeddable":true,"href":"https:\/\/charity-hafez.com\/de\/wp-json\/wp\/v2\/media\/3864"}],"wp:attachment":[{"href":"https:\/\/charity-hafez.com\/de\/wp-json\/wp\/v2\/media?parent=3044"}],"wp:term":[{"taxonomy":"category","embeddable":true,"href":"https:\/\/charity-hafez.com\/de\/wp-json\/wp\/v2\/categories?post=3044"},{"taxonomy":"post_tag","embeddable":true,"href":"https:\/\/charity-hafez.com\/de\/wp-json\/wp\/v2\/tags?post=3044"}],"curies":[{"name":"wp","href":"https:\/\/api.w.org\/{rel}","templated":true}]}}