{"id":3333,"date":"2022-12-12T00:56:43","date_gmt":"2022-12-11T21:30:59","guid":{"rendered":"http:\/\/ha3ani.ir\/fa\/?page_id=3333"},"modified":"2024-07-11T09:20:56","modified_gmt":"2024-07-11T07:20:56","slug":"mentally-disabled-children","status":"publish","type":"page","link":"https:\/\/charity-hafez.com\/de\/mentally-disabled-children\/","title":{"rendered":"Unterst\u00fctzung von geistig behinderten Kindern"},"content":{"rendered":"\t\t<div data-elementor-type=\"wp-page\" data-elementor-id=\"3333\" class=\"elementor elementor-3333\">\n\t\t\t\t\t\t<section class=\"elementor-section elementor-top-section elementor-element elementor-element-dca0320 elementor-section-boxed elementor-section-height-default elementor-section-height-default\" data-id=\"dca0320\" data-element_type=\"section\">\n\t\t\t\t\t\t<div class=\"elementor-container elementor-column-gap-default\">\n\t\t\t\t\t<div class=\"elementor-column elementor-col-100 elementor-top-column elementor-element elementor-element-464ba4f\" data-id=\"464ba4f\" data-element_type=\"column\">\n\t\t\t<div class=\"elementor-widget-wrap elementor-element-populated\">\n\t\t\t\t\t\t<div class=\"elementor-element elementor-element-4eaaa16 elementor-widget elementor-widget-heading\" data-id=\"4eaaa16\" data-element_type=\"widget\" data-widget_type=\"heading.default\">\n\t\t\t\t<div class=\"elementor-widget-container\">\n\t\t\t\t\t<h2 class=\"elementor-heading-title elementor-size-default\">Finanzierung der Ausbildung und Rehabilitation geistig behinderter Jugendlicher<\/h2>\t\t\t\t<\/div>\n\t\t\t\t<\/div>\n\t\t\t\t<div class=\"elementor-element elementor-element-e31e61c elementor-widget elementor-widget-text-editor\" data-id=\"e31e61c\" data-element_type=\"widget\" data-widget_type=\"text-editor.default\">\n\t\t\t\t<div class=\"elementor-widget-container\">\n\t\t\t\t\t\t\t\t\t<p>Geistig behinderte Jugendliche werden an den Rand des gesellschaftlichen Lebens gedr\u00e4ngt. Dennoch haben auch sie Tr\u00e4ume und hoffen, ihrer Einsamkeit zu entkommen und w\u00fcnschen sich ein w\u00fcrdiges Leben. Dieses ist nur durch Bildung, Rehabilitation und Berufsausbildung realisierbar.<\/p><p>Da es in der Stadt Bam keine Einrichtung f\u00fcr diese Randgruppe gab, beschloss die Sepehr Charity Foundation, zwei Bildungs-, Rehabilitations- und Berufsbildungszentren f\u00fcr Jungen und M\u00e4dchen mit geistigen Behinderungen in der Stadt Bam zu errichten.<\/p><p>In diesen Zentren, die ihre T\u00e4tigkeit im Sommer 2017 aufgenommen haben, wird Alphabetisierung, Konzepttraining und Selbsthilfetraining betrieben. Die geschieht mit Hilfe von fachkundigen Experten aus den Bereichen P\u00e4dagogik, Logop\u00e4die, Ergotherapie, Psychologie und Rehabilitation. Durch die Vermittlung von Themen im Bereich der Sicherheit und der Vermittlung von individuellen und sozialen Aktivit\u00e4ten k\u00f6nnen geistig behinderte Jugendliche ein relativ unabh\u00e4ngiges Leben f\u00fchren. Dabei erm\u00f6glicht ihnen die Berufsausbildung in Werkst\u00e4tten im Bereich der Malerei, der Mosaikkunst, der Lederstickerei, des N\u00e4hens, der Handarbeiten, der Puppenstickerei und der Chilkweberei einer Arbeit nachzugehen.<\/p><p>Bisher wurde die Mehrzahl der geistig behinderten Jugendlichen in der Stadt Bam und der Vororte von der mobilen Gruppe der Sepehr Charity Foundation identifiziert und in Sepehr-Zentren aufgenommen.<\/p><p>Sie bieten einen Shuttle-Service an, veranstalten Freizeit- und Kulturcamps, nehmen an Kunsthandwerksausstellungen in der Stadt und der Provinz teil und arrangieren Verkaufsst\u00e4nde f\u00fcr die selbsthergestellten Produkte, organisieren Beratungsworkshops f\u00fcr die Familien der Bed\u00fcrftigen und veranstalten Feste sowie Trauerfeiern. Die Versorgung mit einem Imbiss und einer warmen Mahlzeit geh\u00f6rt ebenfalls zu den Dienstleistungen dieser Zentren.<\/p><p>Das Geb\u00e4ude des Bildungs-, Rehabilitations- und Berufsausbildungszentrums f\u00fcr geistig behinderte Jungen wurde vom <strong>Charity Hafez e.V.<\/strong> und dem deutschen Diakoniewerk gebaut, ausgestattet und der Sepehr Charity Foundation gespendet.<\/p><p>Das Geb\u00e4ude des Bildungs-, Rehabilitations- und Berufsbildungszentrums f\u00fcr geistig behinderte M\u00e4dchen wurde vom Verein Iranischer Ingenieure und Architekten in Hamburg gebaut und der Sepehr Charity Foundation gespendet, die es nach Fertigstellung und Ausstattung in Betrieb genommen hat.<\/p>\t\t\t\t\t\t\t\t<\/div>\n\t\t\t\t<\/div>\n\t\t\t\t<div class=\"elementor-element elementor-element-d00e2e0 elementor-widget elementor-widget-gallery\" data-id=\"d00e2e0\" data-element_type=\"widget\" data-settings=\"{&quot;overlay_title&quot;:&quot;title&quot;,&quot;lazyload&quot;:&quot;yes&quot;,&quot;gallery_layout&quot;:&quot;grid&quot;,&quot;columns&quot;:4,&quot;columns_tablet&quot;:2,&quot;columns_mobile&quot;:1,&quot;gap&quot;:{&quot;unit&quot;:&quot;px&quot;,&quot;size&quot;:10,&quot;sizes&quot;:[]},&quot;gap_tablet&quot;:{&quot;unit&quot;:&quot;px&quot;,&quot;size&quot;:10,&quot;sizes&quot;:[]},&quot;gap_mobile&quot;:{&quot;unit&quot;:&quot;px&quot;,&quot;size&quot;:10,&quot;sizes&quot;:[]},&quot;link_to&quot;:&quot;file&quot;,&quot;aspect_ratio&quot;:&quot;3:2&quot;,&quot;overlay_background&quot;:&quot;yes&quot;,&quot;content_hover_animation&quot;:&quot;fade-in&quot;}\" data-widget_type=\"gallery.default\">\n\t\t\t\t<div class=\"elementor-widget-container\">\n\t\t\t\t\t\t\t<div class=\"elementor-gallery__container\">\n\t\t\t\t\t\t\t<a class=\"e-gallery-item elementor-gallery-item elementor-animated-content\" href=\"https:\/\/charity-hafez.com\/de\/wp-content\/uploads\/2022\/12\/Picture1-1.jpg\" data-elementor-open-lightbox=\"yes\" data-elementor-lightbox-slideshow=\"all-d00e2e0\" data-elementor-lightbox-title=\"Bildungs-, Rehabilitations- und Berufsausbildungszentren f\u00fcr geistig behinderte Jugendliche\" data-e-action-hash=\"#elementor-action%3Aaction%3Dlightbox%26settings%3DeyJpZCI6MzMyNiwidXJsIjoiaHR0cHM6XC9cL2NoYXJpdHktaGFmZXouY29tXC9kZVwvd3AtY29udGVudFwvdXBsb2Fkc1wvMjAyMlwvMTJcL1BpY3R1cmUxLTEuanBnIiwic2xpZGVzaG93IjoiYWxsLWQwMGUyZTAifQ%3D%3D\">\n\t\t\t\t\t<div class=\"e-gallery-image elementor-gallery-item__image\" data-thumbnail=\"https:\/\/charity-hafez.com\/de\/wp-content\/uploads\/2022\/12\/Picture1-1-300x200.jpg\" data-width=\"300\" data-height=\"200\" alt=\"\" ><\/div>\n\t\t\t\t\t\t\t\t\t\t\t<div class=\"elementor-gallery-item__overlay\"><\/div>\n\t\t\t\t\t\t\t\t\t\t\t\t\t\t\t<div class=\"elementor-gallery-item__content\">\n\t\t\t\t\t\t\t\t\t\t\t\t\t\t<div class=\"elementor-gallery-item__title\">\n\t\t\t\t\t\t\t\t\t\t\t\t\t\t\t\t\t\tBildungs-, Rehabilitations- und Berufsausbildungszentren f\u00fcr geistig behinderte Jugendliche\t\t\t\t\t\t\t\t<\/div>\n\t\t\t\t\t\t\t\t\t\t\t\t<\/div>\n\t\t\t\t\t\t\t\t\t<\/a>\n\t\t\t\t\t\t\t<a class=\"e-gallery-item elementor-gallery-item elementor-animated-content\" href=\"https:\/\/charity-hafez.com\/de\/wp-content\/uploads\/2022\/12\/mentally2.jpg\" data-elementor-open-lightbox=\"yes\" data-elementor-lightbox-slideshow=\"all-d00e2e0\" data-elementor-lightbox-title=\"P\u00e4dagogisch, k\u00fcnstlerisch\" data-e-action-hash=\"#elementor-action%3Aaction%3Dlightbox%26settings%3DeyJpZCI6MzM0MiwidXJsIjoiaHR0cHM6XC9cL2NoYXJpdHktaGFmZXouY29tXC9kZVwvd3AtY29udGVudFwvdXBsb2Fkc1wvMjAyMlwvMTJcL21lbnRhbGx5Mi5qcGciLCJzbGlkZXNob3ciOiJhbGwtZDAwZTJlMCJ9\">\n\t\t\t\t\t<div class=\"e-gallery-image elementor-gallery-item__image\" data-thumbnail=\"https:\/\/charity-hafez.com\/de\/wp-content\/uploads\/2022\/12\/mentally2-300x224.jpg\" data-width=\"300\" data-height=\"224\" alt=\"\" ><\/div>\n\t\t\t\t\t\t\t\t\t\t\t<div class=\"elementor-gallery-item__overlay\"><\/div>\n\t\t\t\t\t\t\t\t\t\t\t\t\t\t\t<div class=\"elementor-gallery-item__content\">\n\t\t\t\t\t\t\t\t\t\t\t\t\t\t<div class=\"elementor-gallery-item__title\">\n\t\t\t\t\t\t\t\t\t\t\t\t\t\t\t\t\t\tP\u00e4dagogisch, k\u00fcnstlerisch\t\t\t\t\t\t\t\t<\/div>\n\t\t\t\t\t\t\t\t\t\t\t\t<\/div>\n\t\t\t\t\t\t\t\t\t<\/a>\n\t\t\t\t\t\t\t<a class=\"e-gallery-item elementor-gallery-item elementor-animated-content\" href=\"https:\/\/charity-hafez.com\/de\/wp-content\/uploads\/2022\/12\/mentally.jpg\" data-elementor-open-lightbox=\"yes\" data-elementor-lightbox-slideshow=\"all-d00e2e0\" data-elementor-lightbox-title=\"Berufsausbildung\" data-e-action-hash=\"#elementor-action%3Aaction%3Dlightbox%26settings%3DeyJpZCI6MzMzNSwidXJsIjoiaHR0cHM6XC9cL2NoYXJpdHktaGFmZXouY29tXC9kZVwvd3AtY29udGVudFwvdXBsb2Fkc1wvMjAyMlwvMTJcL21lbnRhbGx5LmpwZyIsInNsaWRlc2hvdyI6ImFsbC1kMDBlMmUwIn0%3D\">\n\t\t\t\t\t<div class=\"e-gallery-image elementor-gallery-item__image\" data-thumbnail=\"https:\/\/charity-hafez.com\/de\/wp-content\/uploads\/2022\/12\/mentally-300x224.jpg\" data-width=\"300\" data-height=\"224\" alt=\"\" ><\/div>\n\t\t\t\t\t\t\t\t\t\t\t<div class=\"elementor-gallery-item__overlay\"><\/div>\n\t\t\t\t\t\t\t\t\t\t\t\t\t\t\t<div class=\"elementor-gallery-item__content\">\n\t\t\t\t\t\t\t\t\t\t\t\t\t\t<div class=\"elementor-gallery-item__title\">\n\t\t\t\t\t\t\t\t\t\t\t\t\t\t\t\t\t\tBerufsausbildung\t\t\t\t\t\t\t\t<\/div>\n\t\t\t\t\t\t\t\t\t\t\t\t<\/div>\n\t\t\t\t\t\t\t\t\t<\/a>\n\t\t\t\t\t\t\t<a class=\"e-gallery-item elementor-gallery-item elementor-animated-content\" href=\"https:\/\/charity-hafez.com\/de\/wp-content\/uploads\/2022\/12\/IMG_3640.jpg\" data-elementor-open-lightbox=\"yes\" data-elementor-lightbox-slideshow=\"all-d00e2e0\" data-elementor-lightbox-title=\"Unterst\u00fctzung von geistig behinderten Kindern\" data-e-action-hash=\"#elementor-action%3Aaction%3Dlightbox%26settings%3DeyJpZCI6MzMzNCwidXJsIjoiaHR0cHM6XC9cL2NoYXJpdHktaGFmZXouY29tXC9kZVwvd3AtY29udGVudFwvdXBsb2Fkc1wvMjAyMlwvMTJcL0lNR18zNjQwLmpwZyIsInNsaWRlc2hvdyI6ImFsbC1kMDBlMmUwIn0%3D\">\n\t\t\t\t\t<div class=\"e-gallery-image elementor-gallery-item__image\" data-thumbnail=\"https:\/\/charity-hafez.com\/de\/wp-content\/uploads\/2022\/12\/IMG_3640-300x200.jpg\" data-width=\"300\" data-height=\"200\" alt=\"\" ><\/div>\n\t\t\t\t\t\t\t\t\t\t\t<div class=\"elementor-gallery-item__overlay\"><\/div>\n\t\t\t\t\t\t\t\t\t\t\t\t\t\t\t<div class=\"elementor-gallery-item__content\">\n\t\t\t\t\t\t\t\t\t\t\t\t\t\t<div class=\"elementor-gallery-item__title\">\n\t\t\t\t\t\t\t\t\t\t\t\t\t\t\t\t\t\tUnterst\u00fctzung von geistig behinderten Kindern\t\t\t\t\t\t\t\t<\/div>\n\t\t\t\t\t\t\t\t\t\t\t\t<\/div>\n\t\t\t\t\t\t\t\t\t<\/a>\n\t\t\t\t\t<\/div>\n\t\t\t\t\t<\/div>\n\t\t\t\t<\/div>\n\t\t\t\t\t<\/div>\n\t\t<\/div>\n\t\t\t\t\t<\/div>\n\t\t<\/section>\n\t\t\t\t<\/div>\n\t\t","protected":false},"excerpt":{"rendered":"<p>Finanzierung der Ausbildung und Rehabilitation geistig behinderter Jugendlicher Geistig behinderte Jugendliche werden an den Rand des gesellschaftlichen Lebens gedr\u00e4ngt. Dennoch [&hellip;]<\/p>\n","protected":false},"author":1,"featured_media":3334,"parent":0,"menu_order":0,"comment_status":"closed","ping_status":"closed","template":"elementor_header_footer","meta":{"footnotes":""},"categories":[26],"tags":[],"class_list":["post-3333","page","type-page","status-publish","has-post-thumbnail","hentry","category-zusammenarbeit-mit-der-sepehr-charity-foundation"],"_links":{"self":[{"href":"https:\/\/charity-hafez.com\/de\/wp-json\/wp\/v2\/pages\/3333","targetHints":{"allow":["GET"]}}],"collection":[{"href":"https:\/\/charity-hafez.com\/de\/wp-json\/wp\/v2\/pages"}],"about":[{"href":"https:\/\/charity-hafez.com\/de\/wp-json\/wp\/v2\/types\/page"}],"author":[{"embeddable":true,"href":"https:\/\/charity-hafez.com\/de\/wp-json\/wp\/v2\/users\/1"}],"replies":[{"embeddable":true,"href":"https:\/\/charity-hafez.com\/de\/wp-json\/wp\/v2\/comments?post=3333"}],"version-history":[{"count":20,"href":"https:\/\/charity-hafez.com\/de\/wp-json\/wp\/v2\/pages\/3333\/revisions"}],"predecessor-version":[{"id":4110,"href":"https:\/\/charity-hafez.com\/de\/wp-json\/wp\/v2\/pages\/3333\/revisions\/4110"}],"wp:featuredmedia":[{"embeddable":true,"href":"https:\/\/charity-hafez.com\/de\/wp-json\/wp\/v2\/media\/3334"}],"wp:attachment":[{"href":"https:\/\/charity-hafez.com\/de\/wp-json\/wp\/v2\/media?parent=3333"}],"wp:term":[{"taxonomy":"category","embeddable":true,"href":"https:\/\/charity-hafez.com\/de\/wp-json\/wp\/v2\/categories?post=3333"},{"taxonomy":"post_tag","embeddable":true,"href":"https:\/\/charity-hafez.com\/de\/wp-json\/wp\/v2\/tags?post=3333"}],"curies":[{"name":"wp","href":"https:\/\/api.w.org\/{rel}","templated":true}]}}