{"id":3388,"date":"2022-12-13T09:46:57","date_gmt":"2022-12-13T06:16:57","guid":{"rendered":"http:\/\/ha3ani.ir\/fa\/?page_id=3388"},"modified":"2024-07-11T09:29:32","modified_gmt":"2024-07-11T07:29:32","slug":"provision-of-subsistence-allowance","status":"publish","type":"page","link":"https:\/\/charity-hafez.com\/de\/provision-of-subsistence-allowance\/","title":{"rendered":"Zusammenstellung von Lebensmittelpaketen f\u00fcr Bed\u00fcrftige"},"content":{"rendered":"\t\t<div data-elementor-type=\"wp-page\" data-elementor-id=\"3388\" class=\"elementor elementor-3388\">\n\t\t\t\t\t\t<section class=\"elementor-section elementor-top-section elementor-element elementor-element-f93775b elementor-section-boxed elementor-section-height-default elementor-section-height-default\" data-id=\"f93775b\" data-element_type=\"section\">\n\t\t\t\t\t\t<div class=\"elementor-container elementor-column-gap-default\">\n\t\t\t\t\t<div class=\"elementor-column elementor-col-100 elementor-top-column elementor-element elementor-element-67d13f9\" data-id=\"67d13f9\" data-element_type=\"column\">\n\t\t\t<div class=\"elementor-widget-wrap elementor-element-populated\">\n\t\t\t\t\t\t<div class=\"elementor-element elementor-element-c56a1c4 elementor-widget elementor-widget-heading\" data-id=\"c56a1c4\" data-element_type=\"widget\" data-widget_type=\"heading.default\">\n\t\t\t\t<div class=\"elementor-widget-container\">\n\t\t\t\t\t<h2 class=\"elementor-heading-title elementor-size-default\">Finanzierung der Kosten f\u00fcr die Zusammenstellung von Lebensmittelpaketen zur Verteilung an Bed\u00fcrftige in der \u00f6stlichen Region der Provinz Kerman f\u00fcr Festtage <\/h2>\t\t\t\t<\/div>\n\t\t\t\t<\/div>\n\t\t\t\t<div class=\"elementor-element elementor-element-ec09969 elementor-widget elementor-widget-text-editor\" data-id=\"ec09969\" data-element_type=\"widget\" data-widget_type=\"text-editor.default\">\n\t\t\t\t<div class=\"elementor-widget-container\">\n\t\t\t\t\t\t\t\t\t<p>Verteilung von 1050 Lebensmittelpaketen in der Stadt und in den D\u00f6rfern im Osten der Provinz Kerman an die Familien von alleinversorgenden Frauen auf dem Lande und an Bed\u00fcrftige. Realisiert wurde dies durch die Bem\u00fchungen und Unterst\u00fctzung der Sepehr Charity Foundation und in Zusammenarbeit mit der Mehraneh Ghalbe Sepid Charity of Tehran, der Gesch\u00e4ftsleitung der Tyco Company, dem Ehsan Charity Center, der Tat Charity Foundation und dem <strong>Charity Hafez e.V.<\/strong><\/p><p>Ramadan ist der Fastenmonat. Der Monat, in dem der gesegnete Tisch der Gnade und Vergebung Gottes weit gedeckt ist und jeder entsprechend seinem Glauben und seiner Anstrengung von diesem Tisch profitiert. In diesem g\u00f6ttlichen Fest sind wir alle zu Liebe und Vergebung eingeladen. Der Monat, in dem der Herr die guten Taten vermehrt und die S\u00fcnden durch Reue reinigt. Dieser Monat ist sehr gesegnet. Aufgrund von Corona waren die schwachen und unterprivilegierten Teile der Gesellschaft in den letzten Jahren st\u00e4rker betroffen. Feiertage im Ramadan sind ein willkommener Anlass, W\u00fcrde und Freude zu schenken.<\/p><p>Eine der Aktivit\u00e4ten, die die Sepehr Charity Foundation in dieser Hinsicht unternommen hat, besteht darin, verletzte und bed\u00fcrftige Familien ausfindig zu machen und ihnen zu helfen. Wir glauben, dass Gott durch deine H\u00e4nde die in Not geratenen Menschen in seine H\u00e4nde nimmt. Wenn du einer zu Boden gefallenen Person die Hand reichst, wird deine andere Hand in Gottes Hand liegen.<\/p><p>In diesem Monat haben wir uns alle zusammengetan, um ein goldenes Blatt in das Buch der N\u00e4chstenliebe und des Mitgef\u00fchls einzutragen.<\/p>\t\t\t\t\t\t\t\t<\/div>\n\t\t\t\t<\/div>\n\t\t\t\t<div class=\"elementor-element elementor-element-12f69a1 elementor-widget elementor-widget-gallery\" data-id=\"12f69a1\" data-element_type=\"widget\" data-settings=\"{&quot;columns&quot;:3,&quot;lazyload&quot;:&quot;yes&quot;,&quot;gallery_layout&quot;:&quot;grid&quot;,&quot;columns_tablet&quot;:2,&quot;columns_mobile&quot;:1,&quot;gap&quot;:{&quot;unit&quot;:&quot;px&quot;,&quot;size&quot;:10,&quot;sizes&quot;:[]},&quot;gap_tablet&quot;:{&quot;unit&quot;:&quot;px&quot;,&quot;size&quot;:10,&quot;sizes&quot;:[]},&quot;gap_mobile&quot;:{&quot;unit&quot;:&quot;px&quot;,&quot;size&quot;:10,&quot;sizes&quot;:[]},&quot;link_to&quot;:&quot;file&quot;,&quot;aspect_ratio&quot;:&quot;3:2&quot;,&quot;overlay_background&quot;:&quot;yes&quot;,&quot;content_hover_animation&quot;:&quot;fade-in&quot;}\" data-widget_type=\"gallery.default\">\n\t\t\t\t<div class=\"elementor-widget-container\">\n\t\t\t\t\t\t\t<div class=\"elementor-gallery__container\">\n\t\t\t\t\t\t\t<a class=\"e-gallery-item elementor-gallery-item elementor-animated-content\" href=\"https:\/\/charity-hafez.com\/de\/wp-content\/uploads\/2022\/12\/DJI_0708-300x300-1.jpg\" data-elementor-open-lightbox=\"yes\" data-elementor-lightbox-slideshow=\"all-12f69a1\" data-elementor-lightbox-title=\"\u062a\u0647\u06cc\u0647 \u0633\u0628\u062f\u0647\u0627\u06cc \u0645\u0639\u06cc\u0634\u062a\u06cc \u0628\u0631\u0627\u06cc \u062a\u0648\u0632\u06cc\u0639 \u0628\u06cc\u0646 \u0646\u06cc\u0627\u0632\u0645\u0646\u062f\u0627\u0646 \u0645\u0646\u0637\u0642\u0647 \u0634\u0631\u0642 \u0627\u0633\u062a\u0627\u0646 \u06a9\u0631\u0645\u0627\u0646\" data-e-action-hash=\"#elementor-action%3Aaction%3Dlightbox%26settings%3DeyJpZCI6MzM5OSwidXJsIjoiaHR0cHM6XC9cL2NoYXJpdHktaGFmZXouY29tXC9kZVwvd3AtY29udGVudFwvdXBsb2Fkc1wvMjAyMlwvMTJcL0RKSV8wNzA4LTMwMHgzMDAtMS5qcGciLCJzbGlkZXNob3ciOiJhbGwtMTJmNjlhMSJ9\">\n\t\t\t\t\t<div class=\"e-gallery-image elementor-gallery-item__image\" data-thumbnail=\"https:\/\/charity-hafez.com\/de\/wp-content\/uploads\/2022\/12\/DJI_0708-300x300-1.jpg\" data-width=\"300\" data-height=\"300\" alt=\"\" ><\/div>\n\t\t\t\t\t\t\t\t\t\t\t<div class=\"elementor-gallery-item__overlay\"><\/div>\n\t\t\t\t\t\t\t\t\t\t\t\t\t\t<\/a>\n\t\t\t\t\t\t\t<a class=\"e-gallery-item elementor-gallery-item elementor-animated-content\" href=\"https:\/\/charity-hafez.com\/de\/wp-content\/uploads\/2022\/12\/IMG_6755-768x513-1.jpg\" data-elementor-open-lightbox=\"yes\" data-elementor-lightbox-slideshow=\"all-12f69a1\" data-elementor-lightbox-title=\"\u062a\u0647\u06cc\u0647 \u0633\u0628\u062f\u0647\u0627\u06cc \u0645\u0639\u06cc\u0634\u062a\u06cc \u0628\u0631\u0627\u06cc \u062a\u0648\u0632\u06cc\u0639 \u0628\u06cc\u0646 \u0646\u06cc\u0627\u0632\u0645\u0646\u062f\u0627\u0646 \u0645\u0646\u0637\u0642\u0647 \u0634\u0631\u0642 \u0627\u0633\u062a\u0627\u0646 \u06a9\u0631\u0645\u0627\u0646\" data-e-action-hash=\"#elementor-action%3Aaction%3Dlightbox%26settings%3DeyJpZCI6MzQwMCwidXJsIjoiaHR0cHM6XC9cL2NoYXJpdHktaGFmZXouY29tXC9kZVwvd3AtY29udGVudFwvdXBsb2Fkc1wvMjAyMlwvMTJcL0lNR182NzU1LTc2OHg1MTMtMS5qcGciLCJzbGlkZXNob3ciOiJhbGwtMTJmNjlhMSJ9\">\n\t\t\t\t\t<div class=\"e-gallery-image elementor-gallery-item__image\" data-thumbnail=\"https:\/\/charity-hafez.com\/de\/wp-content\/uploads\/2022\/12\/IMG_6755-768x513-1-300x200.jpg\" data-width=\"300\" data-height=\"200\" alt=\"\" ><\/div>\n\t\t\t\t\t\t\t\t\t\t\t<div class=\"elementor-gallery-item__overlay\"><\/div>\n\t\t\t\t\t\t\t\t\t\t\t\t\t\t<\/a>\n\t\t\t\t\t\t\t<a class=\"e-gallery-item elementor-gallery-item elementor-animated-content\" href=\"https:\/\/charity-hafez.com\/de\/wp-content\/uploads\/2022\/12\/IMG_6770-1.jpg\" data-elementor-open-lightbox=\"yes\" data-elementor-lightbox-slideshow=\"all-12f69a1\" data-elementor-lightbox-title=\"\u062a\u0647\u06cc\u0647 \u0633\u0628\u062f\u0647\u0627\u06cc \u0645\u0639\u06cc\u0634\u062a\u06cc \u0628\u0631\u0627\u06cc \u062a\u0648\u0632\u06cc\u0639 \u0628\u06cc\u0646 \u0646\u06cc\u0627\u0632\u0645\u0646\u062f\u0627\u0646 \u0645\u0646\u0637\u0642\u0647 \u0634\u0631\u0642 \u0627\u0633\u062a\u0627\u0646 \u06a9\u0631\u0645\u0627\u0646\" data-e-action-hash=\"#elementor-action%3Aaction%3Dlightbox%26settings%3DeyJpZCI6MzQwMSwidXJsIjoiaHR0cHM6XC9cL2NoYXJpdHktaGFmZXouY29tXC9kZVwvd3AtY29udGVudFwvdXBsb2Fkc1wvMjAyMlwvMTJcL0lNR182NzcwLTEuanBnIiwic2xpZGVzaG93IjoiYWxsLTEyZjY5YTEifQ%3D%3D\">\n\t\t\t\t\t<div class=\"e-gallery-image elementor-gallery-item__image\" data-thumbnail=\"https:\/\/charity-hafez.com\/de\/wp-content\/uploads\/2022\/12\/IMG_6770-1-300x200.jpg\" data-width=\"300\" data-height=\"200\" alt=\"\" ><\/div>\n\t\t\t\t\t\t\t\t\t\t\t<div class=\"elementor-gallery-item__overlay\"><\/div>\n\t\t\t\t\t\t\t\t\t\t\t\t\t\t<\/a>\n\t\t\t\t\t<\/div>\n\t\t\t\t\t<\/div>\n\t\t\t\t<\/div>\n\t\t\t\t\t<\/div>\n\t\t<\/div>\n\t\t\t\t\t<\/div>\n\t\t<\/section>\n\t\t\t\t<\/div>\n\t\t","protected":false},"excerpt":{"rendered":"<p>Finanzierung der Kosten f\u00fcr die Zusammenstellung von Lebensmittelpaketen zur Verteilung an Bed\u00fcrftige in der \u00f6stlichen Region der Provinz Kerman f\u00fcr [&hellip;]<\/p>\n","protected":false},"author":1,"featured_media":3401,"parent":0,"menu_order":0,"comment_status":"closed","ping_status":"closed","template":"elementor_header_footer","meta":{"footnotes":""},"categories":[26],"tags":[],"class_list":["post-3388","page","type-page","status-publish","has-post-thumbnail","hentry","category-zusammenarbeit-mit-der-sepehr-charity-foundation"],"_links":{"self":[{"href":"https:\/\/charity-hafez.com\/de\/wp-json\/wp\/v2\/pages\/3388","targetHints":{"allow":["GET"]}}],"collection":[{"href":"https:\/\/charity-hafez.com\/de\/wp-json\/wp\/v2\/pages"}],"about":[{"href":"https:\/\/charity-hafez.com\/de\/wp-json\/wp\/v2\/types\/page"}],"author":[{"embeddable":true,"href":"https:\/\/charity-hafez.com\/de\/wp-json\/wp\/v2\/users\/1"}],"replies":[{"embeddable":true,"href":"https:\/\/charity-hafez.com\/de\/wp-json\/wp\/v2\/comments?post=3388"}],"version-history":[{"count":20,"href":"https:\/\/charity-hafez.com\/de\/wp-json\/wp\/v2\/pages\/3388\/revisions"}],"predecessor-version":[{"id":4121,"href":"https:\/\/charity-hafez.com\/de\/wp-json\/wp\/v2\/pages\/3388\/revisions\/4121"}],"wp:featuredmedia":[{"embeddable":true,"href":"https:\/\/charity-hafez.com\/de\/wp-json\/wp\/v2\/media\/3401"}],"wp:attachment":[{"href":"https:\/\/charity-hafez.com\/de\/wp-json\/wp\/v2\/media?parent=3388"}],"wp:term":[{"taxonomy":"category","embeddable":true,"href":"https:\/\/charity-hafez.com\/de\/wp-json\/wp\/v2\/categories?post=3388"},{"taxonomy":"post_tag","embeddable":true,"href":"https:\/\/charity-hafez.com\/de\/wp-json\/wp\/v2\/tags?post=3388"}],"curies":[{"name":"wp","href":"https:\/\/api.w.org\/{rel}","templated":true}]}}