{"id":3507,"date":"2022-12-15T01:23:51","date_gmt":"2022-12-14T21:53:51","guid":{"rendered":"http:\/\/ha3ani.ir\/fa\/?page_id=3507"},"modified":"2024-11-04T16:00:40","modified_gmt":"2024-11-04T15:00:40","slug":"support-for-orphaned-children","status":"publish","type":"page","link":"https:\/\/charity-hafez.com\/de\/support-for-orphaned-children\/","title":{"rendered":"Unterst\u00fctzung von Waisenkindern"},"content":{"rendered":"\t\t<div data-elementor-type=\"wp-page\" data-elementor-id=\"3507\" class=\"elementor elementor-3507\">\n\t\t\t\t\t\t<section class=\"elementor-section elementor-top-section elementor-element elementor-element-c3d12c7 elementor-section-boxed elementor-section-height-default elementor-section-height-default\" data-id=\"c3d12c7\" data-element_type=\"section\">\n\t\t\t\t\t\t<div class=\"elementor-container elementor-column-gap-default\">\n\t\t\t\t\t<div class=\"elementor-column elementor-col-100 elementor-top-column elementor-element elementor-element-4e2cf0c\" data-id=\"4e2cf0c\" data-element_type=\"column\">\n\t\t\t<div class=\"elementor-widget-wrap elementor-element-populated\">\n\t\t\t\t\t\t<div class=\"elementor-element elementor-element-2ac71ac elementor-widget elementor-widget-heading\" data-id=\"2ac71ac\" data-element_type=\"widget\" data-widget_type=\"heading.default\">\n\t\t\t\t<div class=\"elementor-widget-container\">\n\t\t\t\t\t<h2 class=\"elementor-heading-title elementor-size-default\">Kindertagesst\u00e4tten f\u00fcr Sepehr-Kinder in der Stadt Bam<\/h2>\t\t\t\t<\/div>\n\t\t\t\t<\/div>\n\t\t\t\t<div class=\"elementor-element elementor-element-0dd62f8 elementor-widget elementor-widget-text-editor\" data-id=\"0dd62f8\" data-element_type=\"widget\" data-widget_type=\"text-editor.default\">\n\t\t\t\t<div class=\"elementor-widget-container\">\n\t\t\t\t\t\t\t\t\t<p>\u00a0Nach dem Erdbeben in der Stadt Bam verloren zahlreiche Kinder und Jugendliche ihr Zuhause und ihren Schutz. Die Sepehr Charity Foundation hat sich vorrangig um diese Bed\u00fcrftigen gek\u00fcmmert und f\u00fcnf Geb\u00e4ude in verschiedenen Stadtteilen von Bam errichten lassen. In jedem dieser Geb\u00e4ude k\u00f6nnen zwischen 25 und 30 Kinder und Jugendliche untergebracht werden. Die Unterbringung der Kinder von Sepehr in den genannten Zentren begann im Oktober 2006.<\/p><p>Die Sepehr Charity Foundation bietet den verwaisten und schlecht versorgten Kindern und Jugendlichen familien\u00e4hnliche Zentren an. Auf diese Weise k\u00f6nnen die betreuten Kinder und Jugendlichen ihre Kindheit und Jugend in einer vertrauten und famili\u00e4ren Atmosph\u00e4re verbringen. Es wurden Anstrengungen unternommen, um ihnen u.a. Bildungs-, Erziehungs-, Kultur-, Sport-, Freizeit-, Kunst- Angebote zur Verf\u00fcgung zu stellen, um ihre Entwicklung auf die beste Art und Weise zu f\u00f6rdern, ganz wie es in bestehenden Familien \u00fcblich ist.<\/p><p>Mit den unternommenen Bem\u00fchungen, verf\u00fcgen nun alle familien\u00e4hnlichen Zentren von Sepehr, je nach Alter, \u00fcber ein Spielzimmer, geeignete Schlafzimmer, eine Bibliothek, einen Computerraum, ein Wohnzimmer, eine Empfangshalle, ein Esszimmer und einen Spielbereich f\u00fcr Kinder und Jugendliche.<\/p><p>Zum Zeitpunkt der Ver\u00f6ffentlichung dieses Berichts sind seit dem Erdbeben in Bam mehr als 18 Jahre vergangen. Alle Kinder, die nach diesem Erdbeben in die Sepehr-Zentren aufgenommen wurden, haben die familien\u00e4hnlichen Zentren mittlerweilse verlassen, indem sie ein Universit\u00e4tsstudium aufgenommen, geheiratet oder einen Beruf ihrer Wahl ergriffen haben. Aber die Sepehr-Zentren sind f\u00fcr sie immer noch ge\u00f6ffnet und nehmen die bed\u00fcrftigen Kinder in ihre Arme.<\/p><p>In den letzten Jahren haben 59 Kinder von Sepehr die Schule abgeschlossen und 39 von ihnen haben die Universit\u00e4t besucht. Au\u00dferdem ist es 40 von Sepehrs Kindern gelungen, mit Unterst\u00fctzung der Stiftung, die Ehe zu schlie\u00dfen und eine Familie zu gr\u00fcnden.<\/p><p>Mit Gottes Hilfe unterst\u00fctzt die Sepehr Charity Foundation alle ihre Kinder, bis sie ihre Hochschulausbildung abgeschlossen haben, eine geeignete Arbeitsstelle finden und eine Familie gr\u00fcnden k\u00f6nnen. Eine betr\u00e4chtliche Anzahl von Sepehrs Kindern arbeitet derzeit in verschiedenen Abteilungen und Zentren der Stiftung, da die Stiftung versucht, unter den Kindern, die in Sepehrs Armen aufgewachsen sind und ihren Abschluss gemacht haben, Ersatz f\u00fcr ihre Mitarbeiter zu finden.<\/p><p>Die Kinder von Sepehr besuchen die besten Schulen der Stadt, sowohl staatliche als auch nicht-staatliche. Denjenigen Kindern, die vor ihrem Eintritt in die Sepehr-Familie keine angemessenen Bildungsm\u00f6glichkeiten hatten und deshalb unter akademischen R\u00fcckst\u00e4nden leiden, wird Privat- bzw. Nachhilfe-Unterricht erm\u00f6glicht, damit sie den Schulunterricht zusammen mit anderen Sch\u00fclern besuchen k\u00f6nnen.<\/p><p>In Anbetracht der Tatsache, dass der Prozess des \u00dcbergangs von der Kindheit und Jugend zum Erwachsenenalter eine wirksame Rolle bei der Bildung des menschlichen Verhaltens und der Pers\u00f6nlichkeit spielt, ist die Rolle der Betreuer der Sepehr-Zentren f\u00fcr die Erziehung und Bildung und damit f\u00fcr die Zukunft der Sepehr-Kinder sehr wichtig. Die Betreuer stehen in stetigem Austausch mit den Lehrern der Schulen, um die Leistung der Sch\u00fcler zu besprechen und bei Bedarf gemeinsam Ma\u00dfnahmen f\u00fcr die weitere Entwicklung zu treffen.<\/p><p>Kunst, Kultur und Sport: Um die Talente der Sepehr-Kinder zu erkennen und zu f\u00f6rdern, werden f\u00fcr sie fortlaufend Computerkurse, Mal- und Bastelkurse sowie Kurse im Aufsatzschreiben etc. angeboten. Auch das Lesen von B\u00fcchern und das Lesen von Gedichten geh\u00f6ren zu den \u00fcblichen Programmen f\u00fcr Sepehr-Kinder. Um die k\u00f6rperliche Fitness der Sepehr-Kinder zu f\u00f6rdern, nehmen die meisten von ihnen an Sportkursen wie Schwimmen, Basketball, Fu\u00dfball, Schach usw. teil.<\/p>\t\t\t\t\t\t\t\t<\/div>\n\t\t\t\t<\/div>\n\t\t\t\t<div class=\"elementor-element elementor-element-4e876f9 elementor-widget elementor-widget-heading\" data-id=\"4e876f9\" data-element_type=\"widget\" data-widget_type=\"heading.default\">\n\t\t\t\t<div class=\"elementor-widget-container\">\n\t\t\t\t\t<h2 class=\"elementor-heading-title elementor-size-default\">Patenschaften: Hilfe bei der Deckung der j\u00e4hrlichen Unterhaltskosten f\u00fcr verwaiste und schlecht versorgte Kinder<\/h2>\t\t\t\t<\/div>\n\t\t\t\t<\/div>\n\t\t\t\t<div class=\"elementor-element elementor-element-98c43d8 elementor-widget elementor-widget-text-editor\" data-id=\"98c43d8\" data-element_type=\"widget\" data-widget_type=\"text-editor.default\">\n\t\t\t\t<div class=\"elementor-widget-container\">\n\t\t\t\t\t\t\t\t\t<p style=\"font-weight: 400;\">Das Leben ist voll von Geschichten. Die Geschichten, die ohne uns geschrieben werden, und die Geschichten, die wir schreiben.<\/p><p style=\"font-weight: 400;\">Welch ein Gl\u00fcck, wenn wir eine warme Geschichte der Liebe und Zuwendung f\u00fcr Kinder schreiben, die im harten und kalten Winter ohne jemanden sind. Wir sagen ihnen, dass wir ihre Zuflucht sind, damit sie die S\u00fc\u00dfe der Sicherheit schmecken k\u00f6nnen. Wir halten ihre H\u00e4nde, damit sie die W\u00e4rme des Geliebtwerdens sp\u00fcren. Wir schenken ihnen mit Herz, damit die Freude in ihren Augen leuchtet. Wir sagen und schreiben ihre Namen und wiederholen sie, damit sie das freudige Schlagen unserer Herzen h\u00f6ren k\u00f6nnen.<\/p><p style=\"font-weight: 400;\">Gl\u00fccklich und selig werden wir morgen sein &#8211; rein mit unserem Gewissen. Welch vorz\u00fcgliche Anstrengung.<\/p><p style=\"font-weight: 400;\"><strong>Mit 800 Euro pro Jahr oder 70 Euro pro Monat k\u00f6nnen Sie ein Patenkind unterst\u00fctzen.<\/strong><\/p>\t\t\t\t\t\t\t\t<\/div>\n\t\t\t\t<\/div>\n\t\t\t\t<div class=\"elementor-element elementor-element-88e5a7f elementor-widget elementor-widget-gallery\" data-id=\"88e5a7f\" data-element_type=\"widget\" data-settings=\"{&quot;lazyload&quot;:&quot;yes&quot;,&quot;gallery_layout&quot;:&quot;grid&quot;,&quot;columns&quot;:4,&quot;columns_tablet&quot;:2,&quot;columns_mobile&quot;:1,&quot;gap&quot;:{&quot;unit&quot;:&quot;px&quot;,&quot;size&quot;:10,&quot;sizes&quot;:[]},&quot;gap_tablet&quot;:{&quot;unit&quot;:&quot;px&quot;,&quot;size&quot;:10,&quot;sizes&quot;:[]},&quot;gap_mobile&quot;:{&quot;unit&quot;:&quot;px&quot;,&quot;size&quot;:10,&quot;sizes&quot;:[]},&quot;link_to&quot;:&quot;file&quot;,&quot;aspect_ratio&quot;:&quot;3:2&quot;,&quot;overlay_background&quot;:&quot;yes&quot;,&quot;content_hover_animation&quot;:&quot;fade-in&quot;}\" data-widget_type=\"gallery.default\">\n\t\t\t\t<div class=\"elementor-widget-container\">\n\t\t\t\t\t\t\t<div class=\"elementor-gallery__container\">\n\t\t\t\t\t\t\t<a class=\"e-gallery-item elementor-gallery-item elementor-animated-content\" href=\"https:\/\/charity-hafez.com\/de\/wp-content\/uploads\/2022\/12\/Image-1-1.jpg\" data-elementor-open-lightbox=\"yes\" data-elementor-lightbox-slideshow=\"all-88e5a7f\" data-elementor-lightbox-title=\"Image-1-(1)\" data-e-action-hash=\"#elementor-action%3Aaction%3Dlightbox%26settings%3DeyJpZCI6MzYzNSwidXJsIjoiaHR0cHM6XC9cL2NoYXJpdHktaGFmZXouY29tXC9kZVwvd3AtY29udGVudFwvdXBsb2Fkc1wvMjAyMlwvMTJcL0ltYWdlLTEtMS5qcGciLCJzbGlkZXNob3ciOiJhbGwtODhlNWE3ZiJ9\">\n\t\t\t\t\t<div class=\"e-gallery-image elementor-gallery-item__image\" data-thumbnail=\"https:\/\/charity-hafez.com\/de\/wp-content\/uploads\/2022\/12\/Image-1-1-300x200.jpg\" data-width=\"300\" data-height=\"200\" alt=\"\" ><\/div>\n\t\t\t\t\t\t\t\t\t\t\t<div class=\"elementor-gallery-item__overlay\"><\/div>\n\t\t\t\t\t\t\t\t\t\t\t\t\t\t<\/a>\n\t\t\t\t\t\t\t<a class=\"e-gallery-item elementor-gallery-item elementor-animated-content\" href=\"https:\/\/charity-hafez.com\/de\/wp-content\/uploads\/2022\/12\/Image-2.jpg\" data-elementor-open-lightbox=\"yes\" data-elementor-lightbox-slideshow=\"all-88e5a7f\" data-elementor-lightbox-title=\"Image-2\" data-e-action-hash=\"#elementor-action%3Aaction%3Dlightbox%26settings%3DeyJpZCI6MzYzNiwidXJsIjoiaHR0cHM6XC9cL2NoYXJpdHktaGFmZXouY29tXC9kZVwvd3AtY29udGVudFwvdXBsb2Fkc1wvMjAyMlwvMTJcL0ltYWdlLTIuanBnIiwic2xpZGVzaG93IjoiYWxsLTg4ZTVhN2YifQ%3D%3D\">\n\t\t\t\t\t<div class=\"e-gallery-image elementor-gallery-item__image\" data-thumbnail=\"https:\/\/charity-hafez.com\/de\/wp-content\/uploads\/2022\/12\/Image-2-258x300.jpg\" data-width=\"258\" data-height=\"300\" alt=\"\" ><\/div>\n\t\t\t\t\t\t\t\t\t\t\t<div class=\"elementor-gallery-item__overlay\"><\/div>\n\t\t\t\t\t\t\t\t\t\t\t\t\t\t<\/a>\n\t\t\t\t\t\t\t<a class=\"e-gallery-item elementor-gallery-item elementor-animated-content\" href=\"https:\/\/charity-hafez.com\/de\/wp-content\/uploads\/2022\/12\/Image-3.jpg\" data-elementor-open-lightbox=\"yes\" data-elementor-lightbox-slideshow=\"all-88e5a7f\" data-elementor-lightbox-title=\"Image-3\" data-e-action-hash=\"#elementor-action%3Aaction%3Dlightbox%26settings%3DeyJpZCI6MzYzNywidXJsIjoiaHR0cHM6XC9cL2NoYXJpdHktaGFmZXouY29tXC9kZVwvd3AtY29udGVudFwvdXBsb2Fkc1wvMjAyMlwvMTJcL0ltYWdlLTMuanBnIiwic2xpZGVzaG93IjoiYWxsLTg4ZTVhN2YifQ%3D%3D\">\n\t\t\t\t\t<div class=\"e-gallery-image elementor-gallery-item__image\" data-thumbnail=\"https:\/\/charity-hafez.com\/de\/wp-content\/uploads\/2022\/12\/Image-3-300x200.jpg\" data-width=\"300\" data-height=\"200\" alt=\"\" ><\/div>\n\t\t\t\t\t\t\t\t\t\t\t<div class=\"elementor-gallery-item__overlay\"><\/div>\n\t\t\t\t\t\t\t\t\t\t\t\t\t\t<\/a>\n\t\t\t\t\t\t\t<a class=\"e-gallery-item elementor-gallery-item elementor-animated-content\" href=\"https:\/\/charity-hafez.com\/de\/wp-content\/uploads\/2022\/12\/Image-4.jpg\" data-elementor-open-lightbox=\"yes\" data-elementor-lightbox-slideshow=\"all-88e5a7f\" data-elementor-lightbox-title=\"Image-4\" data-e-action-hash=\"#elementor-action%3Aaction%3Dlightbox%26settings%3DeyJpZCI6MzYzOCwidXJsIjoiaHR0cHM6XC9cL2NoYXJpdHktaGFmZXouY29tXC9kZVwvd3AtY29udGVudFwvdXBsb2Fkc1wvMjAyMlwvMTJcL0ltYWdlLTQuanBnIiwic2xpZGVzaG93IjoiYWxsLTg4ZTVhN2YifQ%3D%3D\">\n\t\t\t\t\t<div class=\"e-gallery-image elementor-gallery-item__image\" data-thumbnail=\"https:\/\/charity-hafez.com\/de\/wp-content\/uploads\/2022\/12\/Image-4-300x225.jpg\" data-width=\"300\" data-height=\"225\" alt=\"\" ><\/div>\n\t\t\t\t\t\t\t\t\t\t\t<div class=\"elementor-gallery-item__overlay\"><\/div>\n\t\t\t\t\t\t\t\t\t\t\t\t\t\t<\/a>\n\t\t\t\t\t<\/div>\n\t\t\t\t\t<\/div>\n\t\t\t\t<\/div>\n\t\t\t\t\t<\/div>\n\t\t<\/div>\n\t\t\t\t\t<\/div>\n\t\t<\/section>\n\t\t\t\t<\/div>\n\t\t","protected":false},"excerpt":{"rendered":"<p>Kindertagesst\u00e4tten f\u00fcr Sepehr-Kinder in der Stadt Bam \u00a0Nach dem Erdbeben in der Stadt Bam verloren zahlreiche Kinder und Jugendliche ihr [&hellip;]<\/p>\n","protected":false},"author":1,"featured_media":3638,"parent":0,"menu_order":0,"comment_status":"closed","ping_status":"closed","template":"elementor_header_footer","meta":{"footnotes":""},"categories":[26],"tags":[],"class_list":["post-3507","page","type-page","status-publish","has-post-thumbnail","hentry","category-zusammenarbeit-mit-der-sepehr-charity-foundation"],"_links":{"self":[{"href":"https:\/\/charity-hafez.com\/de\/wp-json\/wp\/v2\/pages\/3507","targetHints":{"allow":["GET"]}}],"collection":[{"href":"https:\/\/charity-hafez.com\/de\/wp-json\/wp\/v2\/pages"}],"about":[{"href":"https:\/\/charity-hafez.com\/de\/wp-json\/wp\/v2\/types\/page"}],"author":[{"embeddable":true,"href":"https:\/\/charity-hafez.com\/de\/wp-json\/wp\/v2\/users\/1"}],"replies":[{"embeddable":true,"href":"https:\/\/charity-hafez.com\/de\/wp-json\/wp\/v2\/comments?post=3507"}],"version-history":[{"count":47,"href":"https:\/\/charity-hafez.com\/de\/wp-json\/wp\/v2\/pages\/3507\/revisions"}],"predecessor-version":[{"id":4228,"href":"https:\/\/charity-hafez.com\/de\/wp-json\/wp\/v2\/pages\/3507\/revisions\/4228"}],"wp:featuredmedia":[{"embeddable":true,"href":"https:\/\/charity-hafez.com\/de\/wp-json\/wp\/v2\/media\/3638"}],"wp:attachment":[{"href":"https:\/\/charity-hafez.com\/de\/wp-json\/wp\/v2\/media?parent=3507"}],"wp:term":[{"taxonomy":"category","embeddable":true,"href":"https:\/\/charity-hafez.com\/de\/wp-json\/wp\/v2\/categories?post=3507"},{"taxonomy":"post_tag","embeddable":true,"href":"https:\/\/charity-hafez.com\/de\/wp-json\/wp\/v2\/tags?post=3507"}],"curies":[{"name":"wp","href":"https:\/\/api.w.org\/{rel}","templated":true}]}}