{"id":3528,"date":"2022-12-15T12:01:54","date_gmt":"2022-12-15T08:31:54","guid":{"rendered":"http:\/\/ha3ani.ir\/fa\/?page_id=3528"},"modified":"2024-08-11T14:44:29","modified_gmt":"2024-08-11T12:44:29","slug":"hafez-iranian-school","status":"publish","type":"page","link":"https:\/\/charity-hafez.com\/de\/hafez-iranian-school\/","title":{"rendered":"Iranische Schule Hafez"},"content":{"rendered":"\t\t<div data-elementor-type=\"wp-page\" data-elementor-id=\"3528\" class=\"elementor elementor-3528\">\n\t\t\t\t\t\t<section class=\"elementor-section elementor-top-section elementor-element elementor-element-8b59114 elementor-section-boxed elementor-section-height-default elementor-section-height-default\" data-id=\"8b59114\" data-element_type=\"section\">\n\t\t\t\t\t\t<div class=\"elementor-container elementor-column-gap-default\">\n\t\t\t\t\t<div class=\"elementor-column elementor-col-100 elementor-top-column elementor-element elementor-element-a18a44d\" data-id=\"a18a44d\" data-element_type=\"column\">\n\t\t\t<div class=\"elementor-widget-wrap elementor-element-populated\">\n\t\t\t\t\t\t<div class=\"elementor-element elementor-element-bbddc1a elementor-widget elementor-widget-heading\" data-id=\"bbddc1a\" data-element_type=\"widget\" data-widget_type=\"heading.default\">\n\t\t\t\t<div class=\"elementor-widget-container\">\n\t\t\t\t\t<h2 class=\"elementor-heading-title elementor-size-default\">Einf\u00fchrung<\/h2>\t\t\t\t<\/div>\n\t\t\t\t<\/div>\n\t\t\t\t<div class=\"elementor-element elementor-element-a733c1f elementor-widget elementor-widget-text-editor\" data-id=\"a733c1f\" data-element_type=\"widget\" data-widget_type=\"text-editor.default\">\n\t\t\t\t<div class=\"elementor-widget-container\">\n\t\t\t\t\t\t\t\t\t<p>Die F\u00f6rderung und Erhaltung der reichen Kultur dieses Landes war immer ein Anliegen der iranischen Denker und Gelehrten. Die besondere Bedeutung dieses Anliegens f\u00fcr die im Ausland lebenden Iraner ist offensichtlich und wird f\u00fcr ihre zweite und dritte Generation als notwendig erachtet. Dies kann ohne das Erlernen der persischen Sprache (Farsi) nicht geschehen, denn die Sprache Farsi ist der Schl\u00fcssel zur Verbindung und zum Verst\u00e4ndnis der authentischen iranischen Kultur und das Geheimnis, um von ihren unersch\u00f6pflichen und wertvollen Sch\u00e4tzen zu profitieren.<\/p>\t\t\t\t\t\t\t\t<\/div>\n\t\t\t\t<\/div>\n\t\t\t\t<div class=\"elementor-element elementor-element-6ecdccb elementor-widget elementor-widget-heading\" data-id=\"6ecdccb\" data-element_type=\"widget\" data-widget_type=\"heading.default\">\n\t\t\t\t<div class=\"elementor-widget-container\">\n\t\t\t\t\t<h2 class=\"elementor-heading-title elementor-size-default\">Gr\u00fcndungsgeschichte der Schule<\/h2>\t\t\t\t<\/div>\n\t\t\t\t<\/div>\n\t\t\t\t<div class=\"elementor-element elementor-element-dd23d3e elementor-widget elementor-widget-text-editor\" data-id=\"dd23d3e\" data-element_type=\"widget\" data-widget_type=\"text-editor.default\">\n\t\t\t\t<div class=\"elementor-widget-container\">\n\t\t\t\t\t\t\t\t\t<p>Im September 1993 gr\u00fcndeten kulturinteressierte Iraner die <strong>Iranischen Schule Hamburg e.V.<\/strong>. Aus \u00dcberzeugung \u00fcbernahmen sie damit die Verantwortung zum Unterricht der Sprache Farsi f\u00fcr die Kinder der in Hamburg lebenden Iraner und persischsprachigen Community.<\/p><p>Dieser Verein wurde als gemeinn\u00fctzige Einrichtung nach den gesetzlichen Bestimmungen unter der Nummer 13757 im Vereinsregister Hamburg eingetragen.<\/p><p>Zu Ehren des ber\u00fchmten iranischen Gelehrten und Dichters <strong>Hafez<\/strong>, dessen Namen und Werke weit \u00fcber die Grenzen hinaus durch den West\u00f6stlichen Divan von <strong>Goethe<\/strong> auch hierzulande bekannt wurden, bekam die Schule Ende Mai 2005 den Namen &#8220;Iranische Schule Hamburg Hafez e.V.&#8221; und wurde sp\u00e4ter zu &#8220;Iranische Schule Hafez&#8221; ge\u00e4ndert.<\/p>\t\t\t\t\t\t\t\t<\/div>\n\t\t\t\t<\/div>\n\t\t\t\t<div class=\"elementor-element elementor-element-e96d3ad elementor-widget elementor-widget-heading\" data-id=\"e96d3ad\" data-element_type=\"widget\" data-widget_type=\"heading.default\">\n\t\t\t\t<div class=\"elementor-widget-container\">\n\t\t\t\t\t<h2 class=\"elementor-heading-title elementor-size-default\">Ziel<\/h2>\t\t\t\t<\/div>\n\t\t\t\t<\/div>\n\t\t\t\t<div class=\"elementor-element elementor-element-0fdf176 elementor-widget elementor-widget-text-editor\" data-id=\"0fdf176\" data-element_type=\"widget\" data-widget_type=\"text-editor.default\">\n\t\t\t\t<div class=\"elementor-widget-container\">\n\t\t\t\t\t\t\t\t\t<p>F\u00fcr die iranisch st\u00e4mmigen Kinder stellt die Beherrschung ihrer Muttersprache die M\u00f6glichkeit zur Verbindung zur Kultur und den Traditionen ihrer Eltern dar und kann ihnen damit eine wertvolle Bereicherung bieten. Demgem\u00e4\u00df richteten sich die Bem\u00fchungen der Lehrverantwortlichen in Bezug auf die Bildungsprogramme wie folgt:<\/p><ul><li>Schaffung einer geeigneten Lernumgebung f\u00fcr die Sprache Farsi f\u00fcr die Kinder von Iranern und der persischsprachigen Community.<\/li><li>Bekanntschaft der Sch\u00fcler mit der Sprache und Kultur<\/li><li>Kulturelle Veranstaltungen<\/li><li>Die freundschaftliche Beziehung und Verbindung zwischen den Lehrverantwortlichen und den Sch\u00fclern sowie zwischen den Lehrverantwortlichen und den Eltern<\/li><li>Die Auswahl eines qualifizierten Lehrpersonals, das mit den Problemen und der Mentalit\u00e4t der ans\u00e4ssigen Sch\u00fcler vertraut ist <br \/><br \/><\/li><\/ul><h5>Verbesserung des Bildungsniveaus durch:<\/h5><p>1. Untersuchung neuer Lehrmethoden und Zugang zu aktuellen Lehrmaterialien.<br \/>2. Reger Austauch der Lehrer mit den Eltern durch Elternabende und direkten Kontakt.<br \/>3. Durchf\u00fchrung von Koordinationssitzungen und Seminaren zur \u00dcberpr\u00fcfung geeigneter Lehrmethoden durch die Lehrkr\u00e4fte.<\/p>\t\t\t\t\t\t\t\t<\/div>\n\t\t\t\t<\/div>\n\t\t\t\t<div class=\"elementor-element elementor-element-8d9d291 elementor-widget elementor-widget-heading\" data-id=\"8d9d291\" data-element_type=\"widget\" data-widget_type=\"heading.default\">\n\t\t\t\t<div class=\"elementor-widget-container\">\n\t\t\t\t\t<h2 class=\"elementor-heading-title elementor-size-default\">Bildungsprogramme<\/h2>\t\t\t\t<\/div>\n\t\t\t\t<\/div>\n\t\t\t\t<div class=\"elementor-element elementor-element-eeecd0f elementor-widget elementor-widget-text-editor\" data-id=\"eeecd0f\" data-element_type=\"widget\" data-widget_type=\"text-editor.default\">\n\t\t\t\t<div class=\"elementor-widget-container\">\n\t\t\t\t\t\t\t\t\t<p><strong>A \u2013 Bildungsprogramm f\u00fcr Sch\u00fcler<\/strong><\/p><p><strong>Dieses Programm wird in drei Stufen durchgef\u00fchrt:<\/strong><\/p><ul><li>Grundstufe: f\u00fcnf Jahre<\/li><li>Mittelstufe: drei Jahre<\/li><li>Fortgeschrittenenstufe: drei Jahre<\/li><\/ul><p>Im Anfangsstadium wird durch die Verwendung persischer Lehrb\u00fccher der Klassen 1 bis 5 der Grundschule Lesen, Schreiben, Grammatik und Aufsatzschreiben gelernt.<\/p><p><br \/>In diesem Kurs werden den Sch\u00fclern Vokabeln und Ausdr\u00fccke aus den Bereichen der Wissenschaften und gesellschaftlicher Themen vermittelt. Dies geschieht durch \u00dcbungen im Textverst\u00e4ndnis auf verschiedenen Niveaus.<\/p><p>In der Mittelstufe wird \u00fcber verschiedene Projekte, wie beispielsweise dem Lesen von B\u00fcchern und Zeitschriften, dem Erstellen von Pr\u00e4sentationen \u00fcber gro\u00dfe Pers\u00f6nlichkeiten der persischen Literatur sowie durch das Kennenlernen der Geschichte und Geographie Irans, die Beherrschung der persischen Sprache und das Wissen der Sch\u00fcler vertieft.<\/p><p><br \/>In der Fortgeschrittenenstufe erg\u00e4nzt das Studium herausragender ausgew\u00e4hlter Werke ber\u00fchmter Pers\u00f6nlichkeiten und gro\u00dfer Literaten, die Bekanntschaft mit der Literaturgeschichte, das Verfassen von Berichten und die Erstellung von Pr\u00e4sentation und monatlichen Postern das Bildungsprogramm der Schule.<\/p><p>Die Unterrichtsstunden finden jede Woche freitagnachmittags bzw. samstags f\u00fcr vier Schulstunden statt. In der Mitte und am Ende jedes zehnmonatigen Schuljahres werden alle Sch\u00fcler m\u00fcndlich und schriftlich gepr\u00fcft und erhalten ein Zertifikat sowie einen Schulbericht.<\/p><p>Es ist erw\u00e4hnenswert, dass der Schulbetrieb im Schuljahr 1993 mit 60 Sch\u00fclern begonnen hat und in den letzten Jahren mit etwa 200 Sch\u00fclern fortgesetzt wird.<\/p><h5><strong>B \u2013 Viermonatige Farsi &#8211; Kurse f\u00fcr erwachsene Sch\u00fcler im Alter von 11 bis 15 Jahren<\/strong><\/h5>\t\t\t\t\t\t\t\t<\/div>\n\t\t\t\t<\/div>\n\t\t\t\t<div class=\"elementor-element elementor-element-7ba53e6 elementor-widget elementor-widget-heading\" data-id=\"7ba53e6\" data-element_type=\"widget\" data-widget_type=\"heading.default\">\n\t\t\t\t<div class=\"elementor-widget-container\">\n\t\t\t\t\t<h2 class=\"elementor-heading-title elementor-size-default\">Unterrichtsort<\/h2>\t\t\t\t<\/div>\n\t\t\t\t<\/div>\n\t\t\t\t<div class=\"elementor-element elementor-element-21c3ae7 elementor-widget elementor-widget-text-editor\" data-id=\"21c3ae7\" data-element_type=\"widget\" data-widget_type=\"text-editor.default\">\n\t\t\t\t<div class=\"elementor-widget-container\">\n\t\t\t\t\t\t\t\t\t<p>F\u00fcr die Durchf\u00fchrung der vielf\u00e4ltigen Programme der Hafez-Schule wurden zun\u00e4chst Klassenr\u00e4ume in verschiedenen Schulen angemietet. Das ging jedoch mit organisatorischen Einschr\u00e4nkungen einher. Daneben gab es eine erhebliche Zunahme der Sch\u00fclerschaft, so dass die Schulleitung zum Kauf eines Geb\u00e4udes veranlasst wurde. Auf diese Weise konnten die Bildungsaktivit\u00e4ten weiterhin fortgesetzt und ausgeweitet sowie die Unabh\u00e4ngigkeit dieser Bewegung gew\u00e4hrleistet werden. Ohne die Unterst\u00fctzung und die finanziellen Hilfen von wohlgesinnten und kulturfreundlichen Menschen w\u00e4re dieses nicht m\u00f6glich gewesen.<\/p><p>Trotz Hindernissen konnte im Jahr 2002, ein Geb\u00e4ude erworben und nach einer Nutzungs\u00e4nderung und grundlegenden Renovierungen im September 2005 in ein geeignetes zweigesch\u00f6ssiges Geb\u00e4ude mit einer Nutzfl\u00e4che von 585 qm umgewandelt werden.Die Schule befindet sich an einem sehr geeigneten Standort im Stadtzentrum von Hamburg, nur etwa 100 Meter von U- und S- Bahn-, Bus- und Taxistationen entfernt, was den Sch\u00fclern und Eltern eine gute Erreichbarkeit erm\u00f6glicht.<\/p><p><br \/>Das Schulgeb\u00e4ude und alle seine Verm\u00f6genswerte geh\u00f6ren laut den eingetragenen Urkunden der gemeinn\u00fctzigen Iranische Schule Hafez e.V.. Im Falle einer Einstellung der Schult\u00e4tigkeiten und der Aufl\u00f6sung des Vereins gehen alle beweglichen und unbeweglichen Verm\u00f6genswerte gem\u00e4\u00df der Satzung im Vereinsregister des Bundeslandes Hamburg in das Eigentum des Wohlt\u00e4tigkeitsvereins <strong>Charity Hafez e.V.<\/strong> \u00fcber<\/p>\t\t\t\t\t\t\t\t<\/div>\n\t\t\t\t<\/div>\n\t\t\t\t<div class=\"elementor-element elementor-element-d0fb476 elementor-widget elementor-widget-heading\" data-id=\"d0fb476\" data-element_type=\"widget\" data-widget_type=\"heading.default\">\n\t\t\t\t<div class=\"elementor-widget-container\">\n\t\t\t\t\t<h2 class=\"elementor-heading-title elementor-size-default\">Organigramm<\/h2>\t\t\t\t<\/div>\n\t\t\t\t<\/div>\n\t\t\t\t<div class=\"elementor-element elementor-element-3eb5898 elementor-widget elementor-widget-text-editor\" data-id=\"3eb5898\" data-element_type=\"widget\" data-widget_type=\"text-editor.default\">\n\t\t\t\t<div class=\"elementor-widget-container\">\n\t\t\t\t\t\t\t\t\t<p><strong>1. Schulleiter:<\/strong> Der Schulleiter entwirft und koordiniert die Bildungsrichtlinien und -programme und setzt sie mit Unterst\u00fctzung des Lehrpersonals um.<\/p><p>Die Verantwortung f\u00fcr die Kommunikation mit Sch\u00fclern, Eltern und dem Lehrpersonal liegt beim Schulleiter.<\/p><p><strong>2. Lehrpersonal:<\/strong> besteht aus 12 erfahrenen Lehrkr\u00e4ften, die auf verschiedenen Bildungsstufen unterrichten.<\/p><p><strong>3. Vorstand:<\/strong> besteht aus sechs Personen, von denen vier f\u00fcr die externen Kontakte und zwei f\u00fcr die finanziellen Angelegenheiten verantwortlich sind und offiziell im Vereinsregister des Bundeslandes eingetragen sind.<\/p><p><strong>Wir danken Gott f\u00fcr die Erm\u00f6glichung, den Kindern und Jugendlichen die Sprache Farsi und Kultur weitergeben zu k\u00f6nnen. Ebenfalls gilt unserer Dank allen, die uns bei diesem Ziel unterst\u00fctzt haben.<\/strong><\/p>\t\t\t\t\t\t\t\t<\/div>\n\t\t\t\t<\/div>\n\t\t\t\t<div class=\"elementor-element elementor-element-65d2ff0 elementor-widget elementor-widget-heading\" data-id=\"65d2ff0\" data-element_type=\"widget\" data-widget_type=\"heading.default\">\n\t\t\t\t<div class=\"elementor-widget-container\">\n\t\t\t\t\t<h2 class=\"elementor-heading-title elementor-size-default\">Kontakt zur Schule<\/h2>\t\t\t\t<\/div>\n\t\t\t\t<\/div>\n\t\t\t\t<div class=\"elementor-element elementor-element-533ef66 en-text elementor-widget elementor-widget-text-editor\" data-id=\"533ef66\" data-element_type=\"widget\" data-widget_type=\"text-editor.default\">\n\t\t\t\t<div class=\"elementor-widget-container\">\n\t\t\t\t\t\t\t\t\t<p>Iranische Schule Hafez<br \/>Menckesallee 7-9 , 22089 Hamburg<br \/>Tel. : 0049 40 401 4010<br \/>Mobil: 0175 2 401 401<br \/>E-Mail: Info@iranische-schule.de<\/p>\t\t\t\t\t\t\t\t<\/div>\n\t\t\t\t<\/div>\n\t\t\t\t\t<\/div>\n\t\t<\/div>\n\t\t\t\t\t<\/div>\n\t\t<\/section>\n\t\t\t\t<\/div>\n\t\t","protected":false},"excerpt":{"rendered":"<p>Einf\u00fchrung Die F\u00f6rderung und Erhaltung der reichen Kultur dieses Landes war immer ein Anliegen der iranischen Denker und Gelehrten. Die [&hellip;]<\/p>\n","protected":false},"author":1,"featured_media":3734,"parent":0,"menu_order":0,"comment_status":"closed","ping_status":"closed","template":"elementor_header_footer","meta":{"footnotes":""},"categories":[22],"tags":[],"class_list":["post-3528","page","type-page","status-publish","has-post-thumbnail","hentry","category-projekte"],"_links":{"self":[{"href":"https:\/\/charity-hafez.com\/de\/wp-json\/wp\/v2\/pages\/3528","targetHints":{"allow":["GET"]}}],"collection":[{"href":"https:\/\/charity-hafez.com\/de\/wp-json\/wp\/v2\/pages"}],"about":[{"href":"https:\/\/charity-hafez.com\/de\/wp-json\/wp\/v2\/types\/page"}],"author":[{"embeddable":true,"href":"https:\/\/charity-hafez.com\/de\/wp-json\/wp\/v2\/users\/1"}],"replies":[{"embeddable":true,"href":"https:\/\/charity-hafez.com\/de\/wp-json\/wp\/v2\/comments?post=3528"}],"version-history":[{"count":47,"href":"https:\/\/charity-hafez.com\/de\/wp-json\/wp\/v2\/pages\/3528\/revisions"}],"predecessor-version":[{"id":4158,"href":"https:\/\/charity-hafez.com\/de\/wp-json\/wp\/v2\/pages\/3528\/revisions\/4158"}],"wp:featuredmedia":[{"embeddable":true,"href":"https:\/\/charity-hafez.com\/de\/wp-json\/wp\/v2\/media\/3734"}],"wp:attachment":[{"href":"https:\/\/charity-hafez.com\/de\/wp-json\/wp\/v2\/media?parent=3528"}],"wp:term":[{"taxonomy":"category","embeddable":true,"href":"https:\/\/charity-hafez.com\/de\/wp-json\/wp\/v2\/categories?post=3528"},{"taxonomy":"post_tag","embeddable":true,"href":"https:\/\/charity-hafez.com\/de\/wp-json\/wp\/v2\/tags?post=3528"}],"curies":[{"name":"wp","href":"https:\/\/api.w.org\/{rel}","templated":true}]}}