{"id":3649,"date":"2022-12-19T00:05:30","date_gmt":"2022-12-18T20:35:30","guid":{"rendered":"http:\/\/ha3ani.ir\/fa\/?page_id=3649"},"modified":"2024-10-25T22:52:58","modified_gmt":"2024-10-25T20:52:58","slug":"vahdat-special-patients","status":"publish","type":"page","link":"https:\/\/charity-hafez.com\/de\/vahdat-special-patients\/","title":{"rendered":"Unterst\u00fctzung von Patienten mit spezifischen Krankheiten"},"content":{"rendered":"\t\t<div data-elementor-type=\"wp-page\" data-elementor-id=\"3649\" class=\"elementor elementor-3649\">\n\t\t\t\t\t\t<section class=\"elementor-section elementor-top-section elementor-element elementor-element-f2b4faf elementor-section-boxed elementor-section-height-default elementor-section-height-default\" data-id=\"f2b4faf\" data-element_type=\"section\">\n\t\t\t\t\t\t<div class=\"elementor-container elementor-column-gap-default\">\n\t\t\t\t\t<div class=\"elementor-column elementor-col-100 elementor-top-column elementor-element elementor-element-7021cd0\" data-id=\"7021cd0\" data-element_type=\"column\">\n\t\t\t<div class=\"elementor-widget-wrap elementor-element-populated\">\n\t\t\t\t\t\t<div class=\"elementor-element elementor-element-2b39830 elementor-widget elementor-widget-heading\" data-id=\"2b39830\" data-element_type=\"widget\" data-widget_type=\"heading.default\">\n\t\t\t\t<div class=\"elementor-widget-container\">\n\t\t\t\t\t<h2 class=\"elementor-heading-title elementor-size-default\">Kauf und Spende von medizinischen Ger\u00e4ten f\u00fcr das Shariati Krankenhaus<\/h2>\t\t\t\t<\/div>\n\t\t\t\t<\/div>\n\t\t\t\t<div class=\"elementor-element elementor-element-bd063bd elementor-widget elementor-widget-text-editor\" data-id=\"bd063bd\" data-element_type=\"widget\" data-widget_type=\"text-editor.default\">\n\t\t\t\t<div class=\"elementor-widget-container\">\n\t\t\t\t\t\t\t\t\t<p>Der Duft von Blumen, der Duft von Rosenwasser, der Duft von Menschlichkeit<\/p><p>Anstatt mit meinen Spielsachen zu spielen, starre ich in diesen Tagen st\u00e4ndig auf die Medikamententropfen, die in meinen K\u00f6rper gelangen<\/p><p>Anstatt dem Schlaflied meiner Mutter zu lauschen, denke ich in diesen Tagen \u00fcber meine Knochenmarktransplantation nach&#8230;<\/p>\t\t\t\t\t\t\t\t<\/div>\n\t\t\t\t<\/div>\n\t\t\t\t<div class=\"elementor-element elementor-element-fd66875 elementor-widget elementor-widget-text-editor\" data-id=\"fd66875\" data-element_type=\"widget\" data-widget_type=\"text-editor.default\">\n\t\t\t\t<div class=\"elementor-widget-container\">\n\t\t\t\t\t\t\t\t\t<p><strong> Im Rahmen ihrer wohlwollenden Ziele hat die Wohlt\u00e4tigkeitsorganisation Nikokaran Vahdat mit Hilfe des Charity Hafez e.V. die in der H\u00e4matologie- und Onkologieabteilung des Shariati Krankenhauses ben\u00f6tigten medizinischen Ger\u00e4te angeschafft und gespendet.<\/strong><\/p><p>1 &#8211;\u00a0 Spende des kardiopulmonalen Monitorings am 21.09.2013 an die Abteilung BMT 3 des Forschungszentrums f\u00fcr H\u00e4matologie und Onkologie<\/p><p>2-\u00a0 Spende von zwei Heiz- und K\u00fchlsystemen am 28.07.2013 f\u00fcr die H\u00e4matologische Notaufnahme<\/p><p>3- Spende von sechs Wasserk\u00fchlern am 03.08.2014<\/p><p>4- Spende eines Geldak-Ger\u00e4ts am 26.05.2015 an das Labor f\u00fcr H\u00e4matologie und Onkologie<\/p><p>5-Spende eines kardiopulmonalen \u00dcberwachungsger\u00e4ts samt Drucker und Abstellwagen am 12.01.2016<\/p><p>6- Spende einer Zentrifuge am 02.01.2017 an das Labor f\u00fcr H\u00e4matologie und Onkologie<\/p><p>7-\u00a0 Spende einer medizinischen Standtiefk\u00fchltruhe am 06.08.2017 zur Aufrechterhaltung der Blutbank an das Labor f\u00fcr H\u00e4matologie und Onkologie<\/p><p>8-Spende von 12 ATOM-Infusionspumpen am 07.01.2018 an die H\u00e4matologie- und Onkologieabteilung f\u00fcr Patienten mit Leuk\u00e4mie<\/p>\t\t\t\t\t\t\t\t<\/div>\n\t\t\t\t<\/div>\n\t\t\t\t<div class=\"elementor-element elementor-element-3455dec elementor-widget elementor-widget-gallery\" data-id=\"3455dec\" data-element_type=\"widget\" data-settings=\"{&quot;lazyload&quot;:&quot;yes&quot;,&quot;gallery_layout&quot;:&quot;grid&quot;,&quot;columns&quot;:4,&quot;columns_tablet&quot;:2,&quot;columns_mobile&quot;:1,&quot;gap&quot;:{&quot;unit&quot;:&quot;px&quot;,&quot;size&quot;:10,&quot;sizes&quot;:[]},&quot;gap_tablet&quot;:{&quot;unit&quot;:&quot;px&quot;,&quot;size&quot;:10,&quot;sizes&quot;:[]},&quot;gap_mobile&quot;:{&quot;unit&quot;:&quot;px&quot;,&quot;size&quot;:10,&quot;sizes&quot;:[]},&quot;link_to&quot;:&quot;file&quot;,&quot;aspect_ratio&quot;:&quot;3:2&quot;,&quot;overlay_background&quot;:&quot;yes&quot;,&quot;content_hover_animation&quot;:&quot;fade-in&quot;}\" data-widget_type=\"gallery.default\">\n\t\t\t\t<div class=\"elementor-widget-container\">\n\t\t\t\t\t\t\t<div class=\"elementor-gallery__container\">\n\t\t\t\t\t\t\t<a class=\"e-gallery-item elementor-gallery-item elementor-animated-content\" href=\"https:\/\/charity-hafez.com\/de\/wp-content\/uploads\/2022\/12\/bksoclorvhvfgmfhdv29c-0x0-1.jpg\" data-elementor-open-lightbox=\"yes\" data-elementor-lightbox-slideshow=\"all-3455dec\" data-elementor-lightbox-title=\"bksoclorvhvfgmfhdv29c-0x0\" data-e-action-hash=\"#elementor-action%3Aaction%3Dlightbox%26settings%3DeyJpZCI6MzY2NCwidXJsIjoiaHR0cHM6XC9cL2NoYXJpdHktaGFmZXouY29tXC9kZVwvd3AtY29udGVudFwvdXBsb2Fkc1wvMjAyMlwvMTJcL2Jrc29jbG9ydmh2ZmdtZmhkdjI5Yy0weDAtMS5qcGciLCJzbGlkZXNob3ciOiJhbGwtMzQ1NWRlYyJ9\">\n\t\t\t\t\t<div class=\"e-gallery-image elementor-gallery-item__image\" data-thumbnail=\"https:\/\/charity-hafez.com\/de\/wp-content\/uploads\/2022\/12\/bksoclorvhvfgmfhdv29c-0x0-1-300x240.jpg\" data-width=\"300\" data-height=\"240\" alt=\"\u062e\u0631\u06cc\u062f \u0648 \u0627\u0647\u062f\u0627\u0621 \u062f\u0633\u062a\u06af\u0627\u0647\u0647\u0627\u06cc \u067e\u0632\u0634\u06a9\u06cc \u0628\u0647 \u0628\u06cc\u0645\u0627\u0631\u0633\u062a\u0627\u0646 \u0634\u0631\u06cc\u0639\u062a\u06cc\" ><\/div>\n\t\t\t\t\t\t\t\t\t\t\t<div class=\"elementor-gallery-item__overlay\"><\/div>\n\t\t\t\t\t\t\t\t\t\t\t\t\t\t<\/a>\n\t\t\t\t\t\t\t<a class=\"e-gallery-item elementor-gallery-item elementor-animated-content\" href=\"https:\/\/charity-hafez.com\/de\/wp-content\/uploads\/2022\/12\/gibwx4txkut7paegb6ysy-0x0-1.jpg\" data-elementor-open-lightbox=\"yes\" data-elementor-lightbox-slideshow=\"all-3455dec\" data-elementor-lightbox-title=\"gibwx4txkut7paegb6ysy-0x0\" data-e-action-hash=\"#elementor-action%3Aaction%3Dlightbox%26settings%3DeyJpZCI6MzY2NSwidXJsIjoiaHR0cHM6XC9cL2NoYXJpdHktaGFmZXouY29tXC9kZVwvd3AtY29udGVudFwvdXBsb2Fkc1wvMjAyMlwvMTJcL2dpYnd4NHR4a3V0N3BhZWdiNnlzeS0weDAtMS5qcGciLCJzbGlkZXNob3ciOiJhbGwtMzQ1NWRlYyJ9\">\n\t\t\t\t\t<div class=\"e-gallery-image elementor-gallery-item__image\" data-thumbnail=\"https:\/\/charity-hafez.com\/de\/wp-content\/uploads\/2022\/12\/gibwx4txkut7paegb6ysy-0x0-1.jpg\" data-width=\"300\" data-height=\"145\" alt=\"\u062e\u0631\u06cc\u062f \u0648 \u0627\u0647\u062f\u0627\u0621 \u062f\u0633\u062a\u06af\u0627\u0647\u0647\u0627\u06cc \u067e\u0632\u0634\u06a9\u06cc \u0628\u0647 \u0628\u06cc\u0645\u0627\u0631\u0633\u062a\u0627\u0646 \u0634\u0631\u06cc\u0639\u062a\u06cc\" ><\/div>\n\t\t\t\t\t\t\t\t\t\t\t<div class=\"elementor-gallery-item__overlay\"><\/div>\n\t\t\t\t\t\t\t\t\t\t\t\t\t\t<\/a>\n\t\t\t\t\t\t\t<a class=\"e-gallery-item elementor-gallery-item elementor-animated-content\" href=\"https:\/\/charity-hafez.com\/de\/wp-content\/uploads\/2022\/12\/mkraqbxdko8izh3kesgh5-0x0-1.jpg\" data-elementor-open-lightbox=\"yes\" data-elementor-lightbox-slideshow=\"all-3455dec\" data-elementor-lightbox-title=\"mkraqbxdko8izh3kesgh5-0x0\" data-e-action-hash=\"#elementor-action%3Aaction%3Dlightbox%26settings%3DeyJpZCI6MzY2NiwidXJsIjoiaHR0cHM6XC9cL2NoYXJpdHktaGFmZXouY29tXC9kZVwvd3AtY29udGVudFwvdXBsb2Fkc1wvMjAyMlwvMTJcL21rcmFxYnhka284aXpoM2tlc2doNS0weDAtMS5qcGciLCJzbGlkZXNob3ciOiJhbGwtMzQ1NWRlYyJ9\">\n\t\t\t\t\t<div class=\"e-gallery-image elementor-gallery-item__image\" data-thumbnail=\"https:\/\/charity-hafez.com\/de\/wp-content\/uploads\/2022\/12\/mkraqbxdko8izh3kesgh5-0x0-1-300x225.jpg\" data-width=\"300\" data-height=\"225\" alt=\"\u062e\u0631\u06cc\u062f \u0648 \u0627\u0647\u062f\u0627\u0621 \u062f\u0633\u062a\u06af\u0627\u0647\u0647\u0627\u06cc \u067e\u0632\u0634\u06a9\u06cc \u0628\u0647 \u0628\u06cc\u0645\u0627\u0631\u0633\u062a\u0627\u0646 \u0634\u0631\u06cc\u0639\u062a\u06cc\" ><\/div>\n\t\t\t\t\t\t\t\t\t\t\t<div class=\"elementor-gallery-item__overlay\"><\/div>\n\t\t\t\t\t\t\t\t\t\t\t\t\t\t<\/a>\n\t\t\t\t\t\t\t<a class=\"e-gallery-item elementor-gallery-item elementor-animated-content\" href=\"https:\/\/charity-hafez.com\/de\/wp-content\/uploads\/2022\/12\/omyjbm62tsddxbplqajli-0x0-1.jpg\" data-elementor-open-lightbox=\"yes\" data-elementor-lightbox-slideshow=\"all-3455dec\" data-elementor-lightbox-title=\"omyjbm62tsddxbplqajli-0x0\" data-e-action-hash=\"#elementor-action%3Aaction%3Dlightbox%26settings%3DeyJpZCI6MzY2NywidXJsIjoiaHR0cHM6XC9cL2NoYXJpdHktaGFmZXouY29tXC9kZVwvd3AtY29udGVudFwvdXBsb2Fkc1wvMjAyMlwvMTJcL29teWpibTYydHNkZHhicGxxYWpsaS0weDAtMS5qcGciLCJzbGlkZXNob3ciOiJhbGwtMzQ1NWRlYyJ9\">\n\t\t\t\t\t<div class=\"e-gallery-image elementor-gallery-item__image\" data-thumbnail=\"https:\/\/charity-hafez.com\/de\/wp-content\/uploads\/2022\/12\/omyjbm62tsddxbplqajli-0x0-1-300x197.jpg\" data-width=\"300\" data-height=\"197\" alt=\"\u062e\u0631\u06cc\u062f \u0648 \u0627\u0647\u062f\u0627\u0621 \u062f\u0633\u062a\u06af\u0627\u0647\u0647\u0627\u06cc \u067e\u0632\u0634\u06a9\u06cc \u0628\u0647 \u0628\u06cc\u0645\u0627\u0631\u0633\u062a\u0627\u0646 \u0634\u0631\u06cc\u0639\u062a\u06cc\" ><\/div>\n\t\t\t\t\t\t\t\t\t\t\t<div class=\"elementor-gallery-item__overlay\"><\/div>\n\t\t\t\t\t\t\t\t\t\t\t\t\t\t<\/a>\n\t\t\t\t\t\t\t<a class=\"e-gallery-item elementor-gallery-item elementor-animated-content\" href=\"https:\/\/charity-hafez.com\/de\/wp-content\/uploads\/2022\/12\/qw7neijn5eimxuvgg4l1g-0x0-1.jpg\" data-elementor-open-lightbox=\"yes\" data-elementor-lightbox-slideshow=\"all-3455dec\" data-elementor-lightbox-title=\"qw7neijn5eimxuvgg4l1g-0x0\" data-e-action-hash=\"#elementor-action%3Aaction%3Dlightbox%26settings%3DeyJpZCI6MzY2OCwidXJsIjoiaHR0cHM6XC9cL2NoYXJpdHktaGFmZXouY29tXC9kZVwvd3AtY29udGVudFwvdXBsb2Fkc1wvMjAyMlwvMTJcL3F3N25laWpuNWVpbXh1dmdnNGwxZy0weDAtMS5qcGciLCJzbGlkZXNob3ciOiJhbGwtMzQ1NWRlYyJ9\">\n\t\t\t\t\t<div class=\"e-gallery-image elementor-gallery-item__image\" data-thumbnail=\"https:\/\/charity-hafez.com\/de\/wp-content\/uploads\/2022\/12\/qw7neijn5eimxuvgg4l1g-0x0-1-300x168.jpg\" data-width=\"300\" data-height=\"168\" alt=\"\u062e\u0631\u06cc\u062f \u0648 \u0627\u0647\u062f\u0627\u0621 \u062f\u0633\u062a\u06af\u0627\u0647\u0647\u0627\u06cc \u067e\u0632\u0634\u06a9\u06cc \u0628\u0647 \u0628\u06cc\u0645\u0627\u0631\u0633\u062a\u0627\u0646 \u0634\u0631\u06cc\u0639\u062a\u06cc\" ><\/div>\n\t\t\t\t\t\t\t\t\t\t\t<div class=\"elementor-gallery-item__overlay\"><\/div>\n\t\t\t\t\t\t\t\t\t\t\t\t\t\t<\/a>\n\t\t\t\t\t\t\t<a class=\"e-gallery-item elementor-gallery-item elementor-animated-content\" href=\"https:\/\/charity-hafez.com\/de\/wp-content\/uploads\/2022\/12\/taefpuc9iogoqwrrretoq-0x0-1.jpg\" data-elementor-open-lightbox=\"yes\" data-elementor-lightbox-slideshow=\"all-3455dec\" data-elementor-lightbox-title=\"taefpuc9iogoqwrrretoq-0x0\" data-e-action-hash=\"#elementor-action%3Aaction%3Dlightbox%26settings%3DeyJpZCI6MzY2OSwidXJsIjoiaHR0cHM6XC9cL2NoYXJpdHktaGFmZXouY29tXC9kZVwvd3AtY29udGVudFwvdXBsb2Fkc1wvMjAyMlwvMTJcL3RhZWZwdWM5aW9nb3F3cnJyZXRvcS0weDAtMS5qcGciLCJzbGlkZXNob3ciOiJhbGwtMzQ1NWRlYyJ9\">\n\t\t\t\t\t<div class=\"e-gallery-image elementor-gallery-item__image\" data-thumbnail=\"https:\/\/charity-hafez.com\/de\/wp-content\/uploads\/2022\/12\/taefpuc9iogoqwrrretoq-0x0-1-300x168.jpg\" data-width=\"300\" data-height=\"168\" alt=\"\u062e\u0631\u06cc\u062f \u0648 \u0627\u0647\u062f\u0627\u0621 \u062f\u0633\u062a\u06af\u0627\u0647\u0647\u0627\u06cc \u067e\u0632\u0634\u06a9\u06cc \u0628\u0647 \u0628\u06cc\u0645\u0627\u0631\u0633\u062a\u0627\u0646 \u0634\u0631\u06cc\u0639\u062a\u06cc\" ><\/div>\n\t\t\t\t\t\t\t\t\t\t\t<div class=\"elementor-gallery-item__overlay\"><\/div>\n\t\t\t\t\t\t\t\t\t\t\t\t\t\t<\/a>\n\t\t\t\t\t\t\t<a class=\"e-gallery-item elementor-gallery-item elementor-animated-content\" href=\"https:\/\/charity-hafez.com\/de\/wp-content\/uploads\/2022\/12\/wfzbrohmfkiuxvwpdtz99-0x0-1.jpg\" data-elementor-open-lightbox=\"yes\" data-elementor-lightbox-slideshow=\"all-3455dec\" data-elementor-lightbox-title=\"wfzbrohmfkiuxvwpdtz99-0x0\" data-e-action-hash=\"#elementor-action%3Aaction%3Dlightbox%26settings%3DeyJpZCI6MzY3MCwidXJsIjoiaHR0cHM6XC9cL2NoYXJpdHktaGFmZXouY29tXC9kZVwvd3AtY29udGVudFwvdXBsb2Fkc1wvMjAyMlwvMTJcL3dmemJyb2htZmtpdXh2d3BkdHo5OS0weDAtMS5qcGciLCJzbGlkZXNob3ciOiJhbGwtMzQ1NWRlYyJ9\">\n\t\t\t\t\t<div class=\"e-gallery-image elementor-gallery-item__image\" data-thumbnail=\"https:\/\/charity-hafez.com\/de\/wp-content\/uploads\/2022\/12\/wfzbrohmfkiuxvwpdtz99-0x0-1-300x240.jpg\" data-width=\"300\" data-height=\"240\" alt=\"\u062e\u0631\u06cc\u062f \u0648 \u0627\u0647\u062f\u0627\u0621 \u062f\u0633\u062a\u06af\u0627\u0647\u0647\u0627\u06cc \u067e\u0632\u0634\u06a9\u06cc \u0628\u0647 \u0628\u06cc\u0645\u0627\u0631\u0633\u062a\u0627\u0646 \u0634\u0631\u06cc\u0639\u062a\u06cc\" ><\/div>\n\t\t\t\t\t\t\t\t\t\t\t<div class=\"elementor-gallery-item__overlay\"><\/div>\n\t\t\t\t\t\t\t\t\t\t\t\t\t\t<\/a>\n\t\t\t\t\t\t\t<a class=\"e-gallery-item elementor-gallery-item elementor-animated-content\" href=\"https:\/\/charity-hafez.com\/de\/wp-content\/uploads\/2022\/12\/xbwuxpwpesabjctnqw6dw-0x0-1.jpg\" data-elementor-open-lightbox=\"yes\" data-elementor-lightbox-slideshow=\"all-3455dec\" data-elementor-lightbox-title=\"xbwuxpwpesabjctnqw6dw-0x0\" data-e-action-hash=\"#elementor-action%3Aaction%3Dlightbox%26settings%3DeyJpZCI6MzY3MSwidXJsIjoiaHR0cHM6XC9cL2NoYXJpdHktaGFmZXouY29tXC9kZVwvd3AtY29udGVudFwvdXBsb2Fkc1wvMjAyMlwvMTJcL3hid3V4cHdwZXNhYmpjdG5xdzZkdy0weDAtMS5qcGciLCJzbGlkZXNob3ciOiJhbGwtMzQ1NWRlYyJ9\">\n\t\t\t\t\t<div class=\"e-gallery-image elementor-gallery-item__image\" data-thumbnail=\"https:\/\/charity-hafez.com\/de\/wp-content\/uploads\/2022\/12\/xbwuxpwpesabjctnqw6dw-0x0-1-300x240.jpg\" data-width=\"300\" data-height=\"240\" alt=\"\u062e\u0631\u06cc\u062f \u0648 \u0627\u0647\u062f\u0627\u0621 \u062f\u0633\u062a\u06af\u0627\u0647\u0647\u0627\u06cc \u067e\u0632\u0634\u06a9\u06cc \u0628\u0647 \u0628\u06cc\u0645\u0627\u0631\u0633\u062a\u0627\u0646 \u0634\u0631\u06cc\u0639\u062a\u06cc\" ><\/div>\n\t\t\t\t\t\t\t\t\t\t\t<div class=\"elementor-gallery-item__overlay\"><\/div>\n\t\t\t\t\t\t\t\t\t\t\t\t\t\t<\/a>\n\t\t\t\t\t\t\t<a class=\"e-gallery-item elementor-gallery-item elementor-animated-content\" href=\"https:\/\/charity-hafez.com\/de\/wp-content\/uploads\/2022\/12\/ydmut5efm8cpyofc2uok4-0x0-1.jpg\" data-elementor-open-lightbox=\"yes\" data-elementor-lightbox-slideshow=\"all-3455dec\" data-elementor-lightbox-title=\"ydmut5efm8cpyofc2uok4-0x0\" data-e-action-hash=\"#elementor-action%3Aaction%3Dlightbox%26settings%3DeyJpZCI6MzY3MiwidXJsIjoiaHR0cHM6XC9cL2NoYXJpdHktaGFmZXouY29tXC9kZVwvd3AtY29udGVudFwvdXBsb2Fkc1wvMjAyMlwvMTJcL3lkbXV0NWVmbThjcHlvZmMydW9rNC0weDAtMS5qcGciLCJzbGlkZXNob3ciOiJhbGwtMzQ1NWRlYyJ9\">\n\t\t\t\t\t<div class=\"e-gallery-image elementor-gallery-item__image\" data-thumbnail=\"https:\/\/charity-hafez.com\/de\/wp-content\/uploads\/2022\/12\/ydmut5efm8cpyofc2uok4-0x0-1-300x240.jpg\" data-width=\"300\" data-height=\"240\" alt=\"\u062e\u0631\u06cc\u062f \u0648 \u0627\u0647\u062f\u0627\u0621 \u062f\u0633\u062a\u06af\u0627\u0647\u0647\u0627\u06cc \u067e\u0632\u0634\u06a9\u06cc \u0628\u0647 \u0628\u06cc\u0645\u0627\u0631\u0633\u062a\u0627\u0646 \u0634\u0631\u06cc\u0639\u062a\u06cc\" ><\/div>\n\t\t\t\t\t\t\t\t\t\t\t<div class=\"elementor-gallery-item__overlay\"><\/div>\n\t\t\t\t\t\t\t\t\t\t\t\t\t\t<\/a>\n\t\t\t\t\t<\/div>\n\t\t\t\t\t<\/div>\n\t\t\t\t<\/div>\n\t\t\t\t\t<\/div>\n\t\t<\/div>\n\t\t\t\t\t<\/div>\n\t\t<\/section>\n\t\t\t\t<\/div>\n\t\t","protected":false},"excerpt":{"rendered":"<p>Kauf und Spende von medizinischen Ger\u00e4ten f\u00fcr das Shariati Krankenhaus Der Duft von Blumen, der Duft von Rosenwasser, der Duft [&hellip;]<\/p>\n","protected":false},"author":1,"featured_media":3680,"parent":0,"menu_order":0,"comment_status":"closed","ping_status":"closed","template":"elementor_header_footer","meta":{"footnotes":""},"categories":[36],"tags":[],"class_list":["post-3649","page","type-page","status-publish","has-post-thumbnail","hentry","category-cooperation-with-vahdat-charity"],"_links":{"self":[{"href":"https:\/\/charity-hafez.com\/de\/wp-json\/wp\/v2\/pages\/3649","targetHints":{"allow":["GET"]}}],"collection":[{"href":"https:\/\/charity-hafez.com\/de\/wp-json\/wp\/v2\/pages"}],"about":[{"href":"https:\/\/charity-hafez.com\/de\/wp-json\/wp\/v2\/types\/page"}],"author":[{"embeddable":true,"href":"https:\/\/charity-hafez.com\/de\/wp-json\/wp\/v2\/users\/1"}],"replies":[{"embeddable":true,"href":"https:\/\/charity-hafez.com\/de\/wp-json\/wp\/v2\/comments?post=3649"}],"version-history":[{"count":29,"href":"https:\/\/charity-hafez.com\/de\/wp-json\/wp\/v2\/pages\/3649\/revisions"}],"predecessor-version":[{"id":4210,"href":"https:\/\/charity-hafez.com\/de\/wp-json\/wp\/v2\/pages\/3649\/revisions\/4210"}],"wp:featuredmedia":[{"embeddable":true,"href":"https:\/\/charity-hafez.com\/de\/wp-json\/wp\/v2\/media\/3680"}],"wp:attachment":[{"href":"https:\/\/charity-hafez.com\/de\/wp-json\/wp\/v2\/media?parent=3649"}],"wp:term":[{"taxonomy":"category","embeddable":true,"href":"https:\/\/charity-hafez.com\/de\/wp-json\/wp\/v2\/categories?post=3649"},{"taxonomy":"post_tag","embeddable":true,"href":"https:\/\/charity-hafez.com\/de\/wp-json\/wp\/v2\/tags?post=3649"}],"curies":[{"name":"wp","href":"https:\/\/api.w.org\/{rel}","templated":true}]}}