{"id":3684,"date":"2022-12-19T17:43:13","date_gmt":"2022-12-19T14:13:13","guid":{"rendered":"http:\/\/ha3ani.ir\/fa\/?page_id=3684"},"modified":"2024-07-11T09:34:24","modified_gmt":"2024-07-11T07:34:24","slug":"vahdat-rehabilitation-and-treatment","status":"publish","type":"page","link":"https:\/\/charity-hafez.com\/de\/vahdat-rehabilitation-and-treatment\/","title":{"rendered":"Hilfe zur Rehabilitation und Behandlung"},"content":{"rendered":"\t\t<div data-elementor-type=\"wp-page\" data-elementor-id=\"3684\" class=\"elementor elementor-3684\">\n\t\t\t\t\t\t<section class=\"elementor-section elementor-top-section elementor-element elementor-element-69e38e4 elementor-section-boxed elementor-section-height-default elementor-section-height-default\" data-id=\"69e38e4\" data-element_type=\"section\">\n\t\t\t\t\t\t<div class=\"elementor-container elementor-column-gap-default\">\n\t\t\t\t\t<div class=\"elementor-column elementor-col-100 elementor-top-column elementor-element elementor-element-1bffa72\" data-id=\"1bffa72\" data-element_type=\"column\">\n\t\t\t<div class=\"elementor-widget-wrap elementor-element-populated\">\n\t\t\t\t\t\t<div class=\"elementor-element elementor-element-466fe67 elementor-widget elementor-widget-heading\" data-id=\"466fe67\" data-element_type=\"widget\" data-widget_type=\"heading.default\">\n\t\t\t\t<div class=\"elementor-widget-container\">\n\t\t\t\t\t<h2 class=\"elementor-heading-title elementor-size-default\">Geschichte<\/h2>\t\t\t\t<\/div>\n\t\t\t\t<\/div>\n\t\t\t\t<div class=\"elementor-element elementor-element-33469ab elementor-widget elementor-widget-text-editor\" data-id=\"33469ab\" data-element_type=\"widget\" data-widget_type=\"text-editor.default\">\n\t\t\t\t<div class=\"elementor-widget-container\">\n\t\t\t\t\t\t\t\t\t<p>Die Wohlt\u00e4tigkeitsorganisation Nikokaran Vahdat wurde im Juni 2013 durch die gemeinsamen Bem\u00fchungen von wohlwollenden Menschen mit langj\u00e4hriger Erfahrung in karitativen Angelegenheiten und der Mitgliedschaft im Kuratorium der beiden Wohlfahrtszentren f\u00fcr Behinderte, Narmak und Vahdat Welfare, gegr\u00fcndet. Am 05.06.2002 erfolgte die Eintragung ins Vereinsregister als nichtstaatliche Non-Profit Wohlfahrtsorganisation.<\/p>\t\t\t\t\t\t\t\t<\/div>\n\t\t\t\t<\/div>\n\t\t\t\t<div class=\"elementor-element elementor-element-d8263b5 elementor-widget elementor-widget-gallery\" data-id=\"d8263b5\" data-element_type=\"widget\" data-settings=\"{&quot;lazyload&quot;:&quot;yes&quot;,&quot;gallery_layout&quot;:&quot;grid&quot;,&quot;columns&quot;:4,&quot;columns_tablet&quot;:2,&quot;columns_mobile&quot;:1,&quot;gap&quot;:{&quot;unit&quot;:&quot;px&quot;,&quot;size&quot;:10,&quot;sizes&quot;:[]},&quot;gap_tablet&quot;:{&quot;unit&quot;:&quot;px&quot;,&quot;size&quot;:10,&quot;sizes&quot;:[]},&quot;gap_mobile&quot;:{&quot;unit&quot;:&quot;px&quot;,&quot;size&quot;:10,&quot;sizes&quot;:[]},&quot;link_to&quot;:&quot;file&quot;,&quot;aspect_ratio&quot;:&quot;3:2&quot;,&quot;overlay_background&quot;:&quot;yes&quot;,&quot;content_hover_animation&quot;:&quot;fade-in&quot;}\" data-widget_type=\"gallery.default\">\n\t\t\t\t<div class=\"elementor-widget-container\">\n\t\t\t\t\t\t\t<div class=\"elementor-gallery__container\">\n\t\t\t\t\t\t\t<a class=\"e-gallery-item elementor-gallery-item elementor-animated-content\" href=\"https:\/\/charity-hafez.com\/de\/wp-content\/uploads\/2022\/12\/Image-1.jpg\" data-elementor-open-lightbox=\"yes\" data-elementor-lightbox-slideshow=\"all-d8263b5\" data-elementor-lightbox-title=\"Image-1\" data-e-action-hash=\"#elementor-action%3Aaction%3Dlightbox%26settings%3DeyJpZCI6MzY5NiwidXJsIjoiaHR0cHM6XC9cL2NoYXJpdHktaGFmZXouY29tXC9kZVwvd3AtY29udGVudFwvdXBsb2Fkc1wvMjAyMlwvMTJcL0ltYWdlLTEuanBnIiwic2xpZGVzaG93IjoiYWxsLWQ4MjYzYjUifQ%3D%3D\">\n\t\t\t\t\t<div class=\"e-gallery-image elementor-gallery-item__image\" data-thumbnail=\"https:\/\/charity-hafez.com\/de\/wp-content\/uploads\/2022\/12\/Image-1-300x225.jpg\" data-width=\"300\" data-height=\"225\" alt=\"\" ><\/div>\n\t\t\t\t\t\t\t\t\t\t\t<div class=\"elementor-gallery-item__overlay\"><\/div>\n\t\t\t\t\t\t\t\t\t\t\t\t\t\t<\/a>\n\t\t\t\t\t\t\t<a class=\"e-gallery-item elementor-gallery-item elementor-animated-content\" href=\"https:\/\/charity-hafez.com\/de\/wp-content\/uploads\/2022\/12\/Image-2-1.jpg\" data-elementor-open-lightbox=\"yes\" data-elementor-lightbox-slideshow=\"all-d8263b5\" data-elementor-lightbox-title=\"Image-2\" data-e-action-hash=\"#elementor-action%3Aaction%3Dlightbox%26settings%3DeyJpZCI6MzY5NywidXJsIjoiaHR0cHM6XC9cL2NoYXJpdHktaGFmZXouY29tXC9kZVwvd3AtY29udGVudFwvdXBsb2Fkc1wvMjAyMlwvMTJcL0ltYWdlLTItMS5qcGciLCJzbGlkZXNob3ciOiJhbGwtZDgyNjNiNSJ9\">\n\t\t\t\t\t<div class=\"e-gallery-image elementor-gallery-item__image\" data-thumbnail=\"https:\/\/charity-hafez.com\/de\/wp-content\/uploads\/2022\/12\/Image-2-1-300x225.jpg\" data-width=\"300\" data-height=\"225\" alt=\"\" ><\/div>\n\t\t\t\t\t\t\t\t\t\t\t<div class=\"elementor-gallery-item__overlay\"><\/div>\n\t\t\t\t\t\t\t\t\t\t\t\t\t\t<\/a>\n\t\t\t\t\t\t\t<a class=\"e-gallery-item elementor-gallery-item elementor-animated-content\" href=\"https:\/\/charity-hafez.com\/de\/wp-content\/uploads\/2022\/12\/Image-3-1.jpg\" data-elementor-open-lightbox=\"yes\" data-elementor-lightbox-slideshow=\"all-d8263b5\" data-elementor-lightbox-title=\"Image-3\" data-e-action-hash=\"#elementor-action%3Aaction%3Dlightbox%26settings%3DeyJpZCI6MzY5OCwidXJsIjoiaHR0cHM6XC9cL2NoYXJpdHktaGFmZXouY29tXC9kZVwvd3AtY29udGVudFwvdXBsb2Fkc1wvMjAyMlwvMTJcL0ltYWdlLTMtMS5qcGciLCJzbGlkZXNob3ciOiJhbGwtZDgyNjNiNSJ9\">\n\t\t\t\t\t<div class=\"e-gallery-image elementor-gallery-item__image\" data-thumbnail=\"https:\/\/charity-hafez.com\/de\/wp-content\/uploads\/2022\/12\/Image-3-1-300x225.jpg\" data-width=\"300\" data-height=\"225\" alt=\"\" ><\/div>\n\t\t\t\t\t\t\t\t\t\t\t<div class=\"elementor-gallery-item__overlay\"><\/div>\n\t\t\t\t\t\t\t\t\t\t\t\t\t\t<\/a>\n\t\t\t\t\t\t\t<a class=\"e-gallery-item elementor-gallery-item elementor-animated-content\" href=\"https:\/\/charity-hafez.com\/de\/wp-content\/uploads\/2022\/12\/Image-4-1.jpg\" data-elementor-open-lightbox=\"yes\" data-elementor-lightbox-slideshow=\"all-d8263b5\" data-elementor-lightbox-title=\"Image-4\" data-e-action-hash=\"#elementor-action%3Aaction%3Dlightbox%26settings%3DeyJpZCI6MzY5OSwidXJsIjoiaHR0cHM6XC9cL2NoYXJpdHktaGFmZXouY29tXC9kZVwvd3AtY29udGVudFwvdXBsb2Fkc1wvMjAyMlwvMTJcL0ltYWdlLTQtMS5qcGciLCJzbGlkZXNob3ciOiJhbGwtZDgyNjNiNSJ9\">\n\t\t\t\t\t<div class=\"e-gallery-image elementor-gallery-item__image\" data-thumbnail=\"https:\/\/charity-hafez.com\/de\/wp-content\/uploads\/2022\/12\/Image-4-1-300x225.jpg\" data-width=\"300\" data-height=\"225\" alt=\"\" ><\/div>\n\t\t\t\t\t\t\t\t\t\t\t<div class=\"elementor-gallery-item__overlay\"><\/div>\n\t\t\t\t\t\t\t\t\t\t\t\t\t\t<\/a>\n\t\t\t\t\t<\/div>\n\t\t\t\t\t<\/div>\n\t\t\t\t<\/div>\n\t\t\t\t<div class=\"elementor-element elementor-element-76f6535 elementor-widget elementor-widget-heading\" data-id=\"76f6535\" data-element_type=\"widget\" data-widget_type=\"heading.default\">\n\t\t\t\t<div class=\"elementor-widget-container\">\n\t\t\t\t\t<h2 class=\"elementor-heading-title elementor-size-default\">Ziel<\/h2>\t\t\t\t<\/div>\n\t\t\t\t<\/div>\n\t\t\t\t<div class=\"elementor-element elementor-element-fd52178 elementor-widget elementor-widget-text-editor\" data-id=\"fd52178\" data-element_type=\"widget\" data-widget_type=\"text-editor.default\">\n\t\t\t\t<div class=\"elementor-widget-container\">\n\t\t\t\t\t\t\t\t\t<p>Die Wohlt\u00e4tigkeitsorganisation Nikokaran Vahdat hat ihre T\u00e4tigkeit fortgesetzt, indem sie den Bed\u00fcrftigen der Gesellschaft, einschlie\u00dflich auf sich selbst gestellten und alleinversorgenden M\u00fcttern und Frauen, Waisen und Patienten mit spezifischen Krankheiten, geholfen hat und auf diese Weise wirksame Schritte unternehmen konnte.<\/p><p>Erbringung von Dienstleistungen jeglicher Art, wie beispielsweise medizinische, gesundheitliche und kulturelle Dienstleistungen f\u00fcr die Familien von Behinderten (geistig und k\u00f6rperlich), \u00e4lteren Menschen, alleinversorgenden Frauen, insbesondere f\u00fcr Waisen mit spezifischen Krankheiten (Diabetes, Hepatitis, Krebs) sowie Nachhilfeunterricht f\u00fcr die betroffenen Kinder, sind die Ziele der Einrichtung.<\/p>\t\t\t\t\t\t\t\t<\/div>\n\t\t\t\t<\/div>\n\t\t\t\t<div class=\"elementor-element elementor-element-6c45ca6 elementor-widget elementor-widget-heading\" data-id=\"6c45ca6\" data-element_type=\"widget\" data-widget_type=\"heading.default\">\n\t\t\t\t<div class=\"elementor-widget-container\">\n\t\t\t\t\t<h2 class=\"elementor-heading-title elementor-size-default\">Abteilung f\u00fcr Physiotherapie und Zahnmedizin von Pardis<\/h2>\t\t\t\t<\/div>\n\t\t\t\t<\/div>\n\t\t\t\t<div class=\"elementor-element elementor-element-4e5a618 elementor-widget elementor-widget-gallery\" data-id=\"4e5a618\" data-element_type=\"widget\" data-settings=\"{&quot;overlay_title&quot;:&quot;title&quot;,&quot;lazyload&quot;:&quot;yes&quot;,&quot;gallery_layout&quot;:&quot;grid&quot;,&quot;columns&quot;:4,&quot;columns_tablet&quot;:2,&quot;columns_mobile&quot;:1,&quot;gap&quot;:{&quot;unit&quot;:&quot;px&quot;,&quot;size&quot;:10,&quot;sizes&quot;:[]},&quot;gap_tablet&quot;:{&quot;unit&quot;:&quot;px&quot;,&quot;size&quot;:10,&quot;sizes&quot;:[]},&quot;gap_mobile&quot;:{&quot;unit&quot;:&quot;px&quot;,&quot;size&quot;:10,&quot;sizes&quot;:[]},&quot;link_to&quot;:&quot;file&quot;,&quot;aspect_ratio&quot;:&quot;3:2&quot;,&quot;overlay_background&quot;:&quot;yes&quot;,&quot;content_hover_animation&quot;:&quot;fade-in&quot;}\" data-widget_type=\"gallery.default\">\n\t\t\t\t<div class=\"elementor-widget-container\">\n\t\t\t\t\t\t\t<div class=\"elementor-gallery__container\">\n\t\t\t\t\t\t\t<a class=\"e-gallery-item elementor-gallery-item elementor-animated-content\" href=\"https:\/\/charity-hafez.com\/de\/wp-content\/uploads\/2022\/12\/Image-5.jpg\" data-elementor-open-lightbox=\"yes\" data-elementor-lightbox-slideshow=\"all-4e5a618\" data-elementor-lightbox-title=\"Zahn\u00e4rztliche Abteilung\" data-e-action-hash=\"#elementor-action%3Aaction%3Dlightbox%26settings%3DeyJpZCI6MzY4OSwidXJsIjoiaHR0cHM6XC9cL2NoYXJpdHktaGFmZXouY29tXC9kZVwvd3AtY29udGVudFwvdXBsb2Fkc1wvMjAyMlwvMTJcL0ltYWdlLTUuanBnIiwic2xpZGVzaG93IjoiYWxsLTRlNWE2MTgifQ%3D%3D\">\n\t\t\t\t\t<div class=\"e-gallery-image elementor-gallery-item__image\" data-thumbnail=\"https:\/\/charity-hafez.com\/de\/wp-content\/uploads\/2022\/12\/Image-5-225x300.jpg\" data-width=\"225\" data-height=\"300\" alt=\"Zahn\u00e4rztliche Abteilung\" ><\/div>\n\t\t\t\t\t\t\t\t\t\t\t<div class=\"elementor-gallery-item__overlay\"><\/div>\n\t\t\t\t\t\t\t\t\t\t\t\t\t\t\t<div class=\"elementor-gallery-item__content\">\n\t\t\t\t\t\t\t\t\t\t\t\t\t\t<div class=\"elementor-gallery-item__title\">\n\t\t\t\t\t\t\t\t\t\t\t\t\t\t\t\t\t\tZahn\u00e4rztliche Abteilung\t\t\t\t\t\t\t\t<\/div>\n\t\t\t\t\t\t\t\t\t\t\t\t<\/div>\n\t\t\t\t\t\t\t\t\t<\/a>\n\t\t\t\t\t\t\t<a class=\"e-gallery-item elementor-gallery-item elementor-animated-content\" href=\"https:\/\/charity-hafez.com\/de\/wp-content\/uploads\/2022\/12\/Image-6.jpg\" data-elementor-open-lightbox=\"yes\" data-elementor-lightbox-slideshow=\"all-4e5a618\" data-elementor-lightbox-title=\"Zahn\u00e4rztliche Abteilung\" data-e-action-hash=\"#elementor-action%3Aaction%3Dlightbox%26settings%3DeyJpZCI6MzY5MCwidXJsIjoiaHR0cHM6XC9cL2NoYXJpdHktaGFmZXouY29tXC9kZVwvd3AtY29udGVudFwvdXBsb2Fkc1wvMjAyMlwvMTJcL0ltYWdlLTYuanBnIiwic2xpZGVzaG93IjoiYWxsLTRlNWE2MTgifQ%3D%3D\">\n\t\t\t\t\t<div class=\"e-gallery-image elementor-gallery-item__image\" data-thumbnail=\"https:\/\/charity-hafez.com\/de\/wp-content\/uploads\/2022\/12\/Image-6-225x300.jpg\" data-width=\"225\" data-height=\"300\" alt=\"Zahn\u00e4rztliche Abteilung\" ><\/div>\n\t\t\t\t\t\t\t\t\t\t\t<div class=\"elementor-gallery-item__overlay\"><\/div>\n\t\t\t\t\t\t\t\t\t\t\t\t\t\t\t<div class=\"elementor-gallery-item__content\">\n\t\t\t\t\t\t\t\t\t\t\t\t\t\t<div class=\"elementor-gallery-item__title\">\n\t\t\t\t\t\t\t\t\t\t\t\t\t\t\t\t\t\tZahn\u00e4rztliche Abteilung\t\t\t\t\t\t\t\t<\/div>\n\t\t\t\t\t\t\t\t\t\t\t\t<\/div>\n\t\t\t\t\t\t\t\t\t<\/a>\n\t\t\t\t\t\t\t<a class=\"e-gallery-item elementor-gallery-item elementor-animated-content\" href=\"https:\/\/charity-hafez.com\/de\/wp-content\/uploads\/2022\/12\/Image-7.jpg\" data-elementor-open-lightbox=\"yes\" data-elementor-lightbox-slideshow=\"all-4e5a618\" data-elementor-lightbox-title=\"Abteilung f\u00fcr Physiotherapie\" data-e-action-hash=\"#elementor-action%3Aaction%3Dlightbox%26settings%3DeyJpZCI6MzY5MSwidXJsIjoiaHR0cHM6XC9cL2NoYXJpdHktaGFmZXouY29tXC9kZVwvd3AtY29udGVudFwvdXBsb2Fkc1wvMjAyMlwvMTJcL0ltYWdlLTcuanBnIiwic2xpZGVzaG93IjoiYWxsLTRlNWE2MTgifQ%3D%3D\">\n\t\t\t\t\t<div class=\"e-gallery-image elementor-gallery-item__image\" data-thumbnail=\"https:\/\/charity-hafez.com\/de\/wp-content\/uploads\/2022\/12\/Image-7-300x223.jpg\" data-width=\"300\" data-height=\"223\" alt=\"Abteilung f\u00fcr Physiotherapie\" ><\/div>\n\t\t\t\t\t\t\t\t\t\t\t<div class=\"elementor-gallery-item__overlay\"><\/div>\n\t\t\t\t\t\t\t\t\t\t\t\t\t\t\t<div class=\"elementor-gallery-item__content\">\n\t\t\t\t\t\t\t\t\t\t\t\t\t\t<div class=\"elementor-gallery-item__title\">\n\t\t\t\t\t\t\t\t\t\t\t\t\t\t\t\t\t\tAbteilung f\u00fcr Physiotherapie\t\t\t\t\t\t\t\t<\/div>\n\t\t\t\t\t\t\t\t\t\t\t\t<\/div>\n\t\t\t\t\t\t\t\t\t<\/a>\n\t\t\t\t\t\t\t<a class=\"e-gallery-item elementor-gallery-item elementor-animated-content\" href=\"https:\/\/charity-hafez.com\/de\/wp-content\/uploads\/2022\/12\/Image-8.jpg\" data-elementor-open-lightbox=\"yes\" data-elementor-lightbox-slideshow=\"all-4e5a618\" data-elementor-lightbox-title=\"Abteilung f\u00fcr Physiotherapie\" data-e-action-hash=\"#elementor-action%3Aaction%3Dlightbox%26settings%3DeyJpZCI6MzY5MiwidXJsIjoiaHR0cHM6XC9cL2NoYXJpdHktaGFmZXouY29tXC9kZVwvd3AtY29udGVudFwvdXBsb2Fkc1wvMjAyMlwvMTJcL0ltYWdlLTguanBnIiwic2xpZGVzaG93IjoiYWxsLTRlNWE2MTgifQ%3D%3D\">\n\t\t\t\t\t<div class=\"e-gallery-image elementor-gallery-item__image\" data-thumbnail=\"https:\/\/charity-hafez.com\/de\/wp-content\/uploads\/2022\/12\/Image-8-300x227.jpg\" data-width=\"300\" data-height=\"227\" alt=\"Abteilung f\u00fcr Physiotherapie\" ><\/div>\n\t\t\t\t\t\t\t\t\t\t\t<div class=\"elementor-gallery-item__overlay\"><\/div>\n\t\t\t\t\t\t\t\t\t\t\t\t\t\t\t<div class=\"elementor-gallery-item__content\">\n\t\t\t\t\t\t\t\t\t\t\t\t\t\t<div class=\"elementor-gallery-item__title\">\n\t\t\t\t\t\t\t\t\t\t\t\t\t\t\t\t\t\tAbteilung f\u00fcr Physiotherapie\t\t\t\t\t\t\t\t<\/div>\n\t\t\t\t\t\t\t\t\t\t\t\t<\/div>\n\t\t\t\t\t\t\t\t\t<\/a>\n\t\t\t\t\t<\/div>\n\t\t\t\t\t<\/div>\n\t\t\t\t<\/div>\n\t\t\t\t\t<\/div>\n\t\t<\/div>\n\t\t\t\t\t<\/div>\n\t\t<\/section>\n\t\t\t\t<\/div>\n\t\t","protected":false},"excerpt":{"rendered":"<p>Geschichte Die Wohlt\u00e4tigkeitsorganisation Nikokaran Vahdat wurde im Juni 2013 durch die gemeinsamen Bem\u00fchungen von wohlwollenden Menschen mit langj\u00e4hriger Erfahrung in [&hellip;]<\/p>\n","protected":false},"author":1,"featured_media":3696,"parent":0,"menu_order":0,"comment_status":"closed","ping_status":"closed","template":"elementor_header_footer","meta":{"footnotes":""},"categories":[36],"tags":[],"class_list":["post-3684","page","type-page","status-publish","has-post-thumbnail","hentry","category-cooperation-with-vahdat-charity"],"_links":{"self":[{"href":"https:\/\/charity-hafez.com\/de\/wp-json\/wp\/v2\/pages\/3684","targetHints":{"allow":["GET"]}}],"collection":[{"href":"https:\/\/charity-hafez.com\/de\/wp-json\/wp\/v2\/pages"}],"about":[{"href":"https:\/\/charity-hafez.com\/de\/wp-json\/wp\/v2\/types\/page"}],"author":[{"embeddable":true,"href":"https:\/\/charity-hafez.com\/de\/wp-json\/wp\/v2\/users\/1"}],"replies":[{"embeddable":true,"href":"https:\/\/charity-hafez.com\/de\/wp-json\/wp\/v2\/comments?post=3684"}],"version-history":[{"count":17,"href":"https:\/\/charity-hafez.com\/de\/wp-json\/wp\/v2\/pages\/3684\/revisions"}],"predecessor-version":[{"id":4127,"href":"https:\/\/charity-hafez.com\/de\/wp-json\/wp\/v2\/pages\/3684\/revisions\/4127"}],"wp:featuredmedia":[{"embeddable":true,"href":"https:\/\/charity-hafez.com\/de\/wp-json\/wp\/v2\/media\/3696"}],"wp:attachment":[{"href":"https:\/\/charity-hafez.com\/de\/wp-json\/wp\/v2\/media?parent=3684"}],"wp:term":[{"taxonomy":"category","embeddable":true,"href":"https:\/\/charity-hafez.com\/de\/wp-json\/wp\/v2\/categories?post=3684"},{"taxonomy":"post_tag","embeddable":true,"href":"https:\/\/charity-hafez.com\/de\/wp-json\/wp\/v2\/tags?post=3684"}],"curies":[{"name":"wp","href":"https:\/\/api.w.org\/{rel}","templated":true}]}}