{"id":3792,"date":"2023-01-01T18:04:42","date_gmt":"2023-01-01T14:34:42","guid":{"rendered":"https:\/\/charity-hafez.com\/fa\/?page_id=3792"},"modified":"2024-10-25T22:44:30","modified_gmt":"2024-10-25T20:44:30","slug":"contribute-facility-fund","status":"publish","type":"page","link":"https:\/\/charity-hafez.com\/de\/contribute-facility-fund\/","title":{"rendered":"Unterst\u00fctzung des Fonds f\u00fcr Kleinstunternehmen f\u00fcr alleinversorgende Frauen im l\u00e4ndlichen Raum"},"content":{"rendered":"\t\t<div data-elementor-type=\"wp-page\" data-elementor-id=\"3792\" class=\"elementor elementor-3792\">\n\t\t\t\t\t\t<section class=\"elementor-section elementor-top-section elementor-element elementor-element-45583fe1 elementor-section-boxed elementor-section-height-default elementor-section-height-default\" data-id=\"45583fe1\" data-element_type=\"section\">\n\t\t\t\t\t\t<div class=\"elementor-container elementor-column-gap-default\">\n\t\t\t\t\t<div class=\"elementor-column elementor-col-100 elementor-top-column elementor-element elementor-element-673e6b9c\" data-id=\"673e6b9c\" data-element_type=\"column\">\n\t\t\t<div class=\"elementor-widget-wrap elementor-element-populated\">\n\t\t\t\t\t\t<div class=\"elementor-element elementor-element-6e0782ed elementor-widget elementor-widget-text-editor\" data-id=\"6e0782ed\" data-element_type=\"widget\" data-widget_type=\"text-editor.default\">\n\t\t\t\t<div class=\"elementor-widget-container\">\n\t\t\t\t\t\t\t\t\t<p>Die Berufsausbildung und Besch\u00e4ftigung von alleinversorgenden Frauen und M\u00e4dchen ist eines der Ziele der Sepehr Charity Foundation. Die Stiftung hat beschlossen, in den umliegenden \u00e4rmlichen D\u00f6rfern Produktionswerkst\u00e4tten entsprechend der Produktionskapazit\u00e4t der alleinversorgenden Frauen und M\u00e4dchen dieser D\u00f6rfer einzurichten. Wie in der Stadt Bam, wurde eine Genossenschaft f\u00fcr die Besch\u00e4ftigten dieser Werkst\u00e4tten gegr\u00fcndet, damit sie mit finanzieller und verwaltungstechnischer Unterst\u00fctzung der Sepehr unabh\u00e4ngig arbeiten k\u00f6nnen.<\/p><p>Leider hat die Erfahrung der Kooperative Wafai Sepehr, die mit finanzieller und verwaltungstechnischer Unterst\u00fctzung der Stiftung in Bam gegr\u00fcndet wurde, gezeigt, dass solche Kooperativen trotz der Zeit und vieler Bem\u00fchungen aufgrund des physischen und psychischen Zustands ihrer Mitglieder und Angestellten nicht in der Lage sind, Arbeitsauftr\u00e4ge zu erhalten und ihre Produkte zu vermarkten. Dar\u00fcber hinaus erfordert die Organisation der Besch\u00e4ftigung von Landfrauen in Form einer Genossenschaft als juristische Person die Auseinandersetzung mit der B\u00fcrokratie der Arbeits-, Steuer-, Sozial\u00e4mter usw. die aus verschiedenen Gr\u00fcnden au\u00dferhalb der Kapazit\u00e4t der Mitglieder und Angestellten dieser Genossenschaften liegt und zeitaufwendig ist. Aus diesem Grund wurde beschlossen, das Stiftungsziel der Berufsausbildung und Besch\u00e4ftigung von sich selbstversorgenden Frauen und M\u00e4dchen durch die Unterst\u00fctzung der Einrichtung von Mikrokreditfonds f\u00fcr benachteiligte Landfrauen zu verfolgen.<\/p><p>In vielen benachteiligten D\u00f6rfern des Landes ist eine betr\u00e4chtliche Anzahl von Frauen auf dem Lande f\u00fcr ihre Familien verantwortlich f\u00fcr den Lebensunterhalt. Sie stehen jedoch vor dem Problem, die notwendigen finanziellen Mittel f\u00fcr ihre Produktions- und Dienstleistungst\u00e4tigkeiten aufzubringen. Um diesen flei\u00dfigen und engagierten Frauen zu helfen, hat die Sepehr Charity Foundation beschlossen, unter Beteiligung der Landfrauen und in Zusammenarbeit mit den Stadtgouverneuren, Pr\u00e4fekten, Dorfbewohnern, den B\u00fcros f\u00fcr l\u00e4ndliche und nomadische Frauenangelegenheiten des Ministeriums f\u00fcr Landwirtschaft und den islamischen R\u00e4ten der unterentwickelten D\u00f6rfer Mikrokreditfonds einzurichten.<\/p><p><strong>Die Ziele der Sepehr Charity Foundation bei der Einrichtung von Mikrokreditfonds sind:<\/strong><\/p><ul><li>St\u00e4rkung der Rolle der Landfrauen durch ihre kollektive und freiwillige Beteiligung, damit sie kontinuierlich sparen, Erhalten der Mikrokredite und Schaffung nachhaltiger Arbeitspl\u00e4tze, <br \/>Verbesserung der individuellen und sozialen F\u00e4higkeiten von Landfrauen durch Bildungsprogramme,<br \/>Bildung von Kleinsparguthaben zur Finanzierung von einkommensschaffenden Ma\u00dfnahmen,<br \/>F\u00f6rderung der Arbeits- und Anstrengungskultur sowie der kooperativen und gruppenbezogenen Zusammenarbeit,<br \/>Erh\u00f6hung des Einkommens von Frauen auf dem Land, vorrangig von alleinversorgenden Frauen und M\u00e4dchen, durch die Zahlung von Qarz Al-Hasna (Zinslosen Darlehen) zur Durchf\u00fchrung von einkommensschaffenden Produktions- und Dienstleistungst\u00e4tigkeiten,<br \/>St\u00e4rkung des Selbstbewusstseins der Frauen auf dem Land, so dass sie sich selbst und ihre Familien unterst\u00fctzen k\u00f6nnen, indem sie sich auf ihre Menschenw\u00fcrde verlassen.<\/li><\/ul><p><strong>Qarz al-Hasna (zinslosen Darlehen)-Fazilit\u00e4ten werden ohne Schuldscheine, Schecks und Sicherheiten gew\u00e4hrt, und nur die &#8220;kollektive W\u00fcrde&#8221; b\u00fcrgt f\u00fcr die R\u00fcckzahlung der erhaltenen Darlehen.<\/strong><\/p><p><strong>F\u00fcr die Gr\u00fcndung von Fonds wurde ein Verfahren ausgearbeitet, das eingehalten werden muss. Die Etappen der Gr\u00fcndung und des Betriebs jedes Fonds sind wie folgt:<\/strong><\/p><ul><li>Identifizierung und Auswahl von D\u00f6rfern und Personen, die in der Lage sind, einen Mikrokreditfonds zu gr\u00fcnden<\/li><li>Kommunikation mit interessierten Frauen aus dem l\u00e4ndlichen Raum und Rechtfertigung ihrer Teilnahme an dem Fonds<\/li><li>Organisation von Informationssitzungen, um die Mitglieder f\u00fcr das Sparen zu gewinnen<\/li><li>Erstellung eines Arbeitsberichts \u00fcber jedes Mitglied des Fonds. In diesen Berichten spiegeln sich der wirtschaftliche Status des Haushalts, der physische, psychische und psychische Gesundheitszustand der Mitglieder sowie ihr Interesse an der Aus\u00fcbung einer einkommensschaffenden T\u00e4tigkeit wider.<\/li><li>Sammeln von Informationen, die f\u00fcr die Planung von einkommensschaffenden Ma\u00dfnahmen erforderlich sind<\/li><li>Wahl des Verwaltungsrats f\u00fcr jeden Fond<\/li><li>Erstellung von Gesch\u00e4ftsb\u00fcchern und Sparb\u00fcchern bei einer der offiziellen Banken des Landes<\/li><\/ul><p><strong>Damit die Mitglieder der Fonds und die gew\u00e4hlten Verwaltungsr\u00e4te der einzelnen Fonds die Angelegenheiten der Fonds optimal verwalten k\u00f6nnen, werden f\u00fcr sie allgemeine und spezielle Schulungsworkshops veranstaltet.<\/strong><\/p><p>Bis Ende September 2022 haben 110 Fonds mit insgesamt 3500 selbstversorgenden Landfrauen in den Provinzen Kerman (D\u00f6rfer der Bezirke Bam, Narmashir und Qalaganj) und Lorestan (D\u00f6rfer Borujerd, Drood, Khorramabad, Pol Dokhtar, Doreh, Kohdasht, Azna) ihre T\u00e4tigkeit aufgenommen. Die Frauen dieser D\u00f6rfer, die mit Unterst\u00fctzung der Sepehr Charity Foundation Kredite aus den von ihnen selbst verwalteten Fonds erhalten, sind mit der Arbeit und Besch\u00e4ftigung in den Bereichen Viehzucht, Gefl\u00fcgelzucht, Landwirtschaft, Heilpflanzenanbau, Schneiderei, Teppichweberei, Kunsthandwerk usw. mit finanziellem Einkommen besch\u00e4ftigt.<\/p>\t\t\t\t\t\t\t\t<\/div>\n\t\t\t\t<\/div>\n\t\t\t\t<div class=\"elementor-element elementor-element-ef9093f elementor-widget elementor-widget-gallery\" data-id=\"ef9093f\" data-element_type=\"widget\" data-settings=\"{&quot;columns&quot;:5,&quot;lazyload&quot;:&quot;yes&quot;,&quot;gallery_layout&quot;:&quot;grid&quot;,&quot;columns_tablet&quot;:2,&quot;columns_mobile&quot;:1,&quot;gap&quot;:{&quot;unit&quot;:&quot;px&quot;,&quot;size&quot;:10,&quot;sizes&quot;:[]},&quot;gap_tablet&quot;:{&quot;unit&quot;:&quot;px&quot;,&quot;size&quot;:10,&quot;sizes&quot;:[]},&quot;gap_mobile&quot;:{&quot;unit&quot;:&quot;px&quot;,&quot;size&quot;:10,&quot;sizes&quot;:[]},&quot;link_to&quot;:&quot;file&quot;,&quot;aspect_ratio&quot;:&quot;3:2&quot;,&quot;overlay_background&quot;:&quot;yes&quot;,&quot;content_hover_animation&quot;:&quot;fade-in&quot;}\" data-widget_type=\"gallery.default\">\n\t\t\t\t<div class=\"elementor-widget-container\">\n\t\t\t\t\t\t\t<div class=\"elementor-gallery__container\">\n\t\t\t\t\t\t\t<a class=\"e-gallery-item elementor-gallery-item elementor-animated-content\" href=\"https:\/\/charity-hafez.com\/de\/wp-content\/uploads\/2023\/01\/slider1.jpg\" data-elementor-open-lightbox=\"yes\" data-elementor-lightbox-slideshow=\"all-ef9093f\" data-elementor-lightbox-title=\"slider1\" data-e-action-hash=\"#elementor-action%3Aaction%3Dlightbox%26settings%3DeyJpZCI6MzgyMSwidXJsIjoiaHR0cHM6XC9cL2NoYXJpdHktaGFmZXouY29tXC9kZVwvd3AtY29udGVudFwvdXBsb2Fkc1wvMjAyM1wvMDFcL3NsaWRlcjEuanBnIiwic2xpZGVzaG93IjoiYWxsLWVmOTA5M2YifQ%3D%3D\">\n\t\t\t\t\t<div class=\"e-gallery-image elementor-gallery-item__image\" data-thumbnail=\"https:\/\/charity-hafez.com\/de\/wp-content\/uploads\/2023\/01\/slider1-300x198.jpg\" data-width=\"300\" data-height=\"198\" alt=\"\" ><\/div>\n\t\t\t\t\t\t\t\t\t\t\t<div class=\"elementor-gallery-item__overlay\"><\/div>\n\t\t\t\t\t\t\t\t\t\t\t\t\t\t<\/a>\n\t\t\t\t\t\t\t<a class=\"e-gallery-item elementor-gallery-item elementor-animated-content\" href=\"https:\/\/charity-hafez.com\/de\/wp-content\/uploads\/2023\/01\/slider4-1.jpg\" data-elementor-open-lightbox=\"yes\" data-elementor-lightbox-slideshow=\"all-ef9093f\" data-elementor-lightbox-title=\"slider4\" data-e-action-hash=\"#elementor-action%3Aaction%3Dlightbox%26settings%3DeyJpZCI6MzgyMiwidXJsIjoiaHR0cHM6XC9cL2NoYXJpdHktaGFmZXouY29tXC9kZVwvd3AtY29udGVudFwvdXBsb2Fkc1wvMjAyM1wvMDFcL3NsaWRlcjQtMS5qcGciLCJzbGlkZXNob3ciOiJhbGwtZWY5MDkzZiJ9\">\n\t\t\t\t\t<div class=\"e-gallery-image elementor-gallery-item__image\" data-thumbnail=\"https:\/\/charity-hafez.com\/de\/wp-content\/uploads\/2023\/01\/slider4-1-300x198.jpg\" data-width=\"300\" data-height=\"198\" alt=\"\" ><\/div>\n\t\t\t\t\t\t\t\t\t\t\t<div class=\"elementor-gallery-item__overlay\"><\/div>\n\t\t\t\t\t\t\t\t\t\t\t\t\t\t<\/a>\n\t\t\t\t\t\t\t<a class=\"e-gallery-item elementor-gallery-item elementor-animated-content\" href=\"https:\/\/charity-hafez.com\/de\/wp-content\/uploads\/2023\/01\/\u0635\u0646\u062f\u0648\u0642.jpg\" data-elementor-open-lightbox=\"yes\" data-elementor-lightbox-slideshow=\"all-ef9093f\" data-elementor-lightbox-title=\"\u0635\u0646\u062f\u0648\u0642\" data-e-action-hash=\"#elementor-action%3Aaction%3Dlightbox%26settings%3DeyJpZCI6MzgyMywidXJsIjoiaHR0cHM6XC9cL2NoYXJpdHktaGFmZXouY29tXC9kZVwvd3AtY29udGVudFwvdXBsb2Fkc1wvMjAyM1wvMDFcL1x1MDYzNVx1MDY0Nlx1MDYyZlx1MDY0OFx1MDY0Mi5qcGciLCJzbGlkZXNob3ciOiJhbGwtZWY5MDkzZiJ9\">\n\t\t\t\t\t<div class=\"e-gallery-image elementor-gallery-item__image\" data-thumbnail=\"https:\/\/charity-hafez.com\/de\/wp-content\/uploads\/2023\/01\/\u0635\u0646\u062f\u0648\u0642-300x223.jpg\" data-width=\"300\" data-height=\"223\" alt=\"\" ><\/div>\n\t\t\t\t\t\t\t\t\t\t\t<div class=\"elementor-gallery-item__overlay\"><\/div>\n\t\t\t\t\t\t\t\t\t\t\t\t\t\t<\/a>\n\t\t\t\t\t\t\t<a class=\"e-gallery-item elementor-gallery-item elementor-animated-content\" href=\"https:\/\/charity-hafez.com\/de\/wp-content\/uploads\/2023\/01\/\u0635\u0646\u062f\u0648\u06422.jpg\" data-elementor-open-lightbox=\"yes\" data-elementor-lightbox-slideshow=\"all-ef9093f\" data-elementor-lightbox-title=\"\u0635\u0646\u062f\u0648\u06422\" data-e-action-hash=\"#elementor-action%3Aaction%3Dlightbox%26settings%3DeyJpZCI6MzgyNCwidXJsIjoiaHR0cHM6XC9cL2NoYXJpdHktaGFmZXouY29tXC9kZVwvd3AtY29udGVudFwvdXBsb2Fkc1wvMjAyM1wvMDFcL1x1MDYzNVx1MDY0Nlx1MDYyZlx1MDY0OFx1MDY0MjIuanBnIiwic2xpZGVzaG93IjoiYWxsLWVmOTA5M2YifQ%3D%3D\">\n\t\t\t\t\t<div class=\"e-gallery-image elementor-gallery-item__image\" data-thumbnail=\"https:\/\/charity-hafez.com\/de\/wp-content\/uploads\/2023\/01\/\u0635\u0646\u062f\u0648\u06422-300x223.jpg\" data-width=\"300\" data-height=\"223\" alt=\"\" ><\/div>\n\t\t\t\t\t\t\t\t\t\t\t<div class=\"elementor-gallery-item__overlay\"><\/div>\n\t\t\t\t\t\t\t\t\t\t\t\t\t\t<\/a>\n\t\t\t\t\t\t\t<a class=\"e-gallery-item elementor-gallery-item elementor-animated-content\" href=\"https:\/\/charity-hafez.com\/de\/wp-content\/uploads\/2023\/01\/\u0635\u0646\u062f\u0648\u06423.jpg\" data-elementor-open-lightbox=\"yes\" data-elementor-lightbox-slideshow=\"all-ef9093f\" data-elementor-lightbox-title=\"\u0635\u0646\u062f\u0648\u06423\" data-e-action-hash=\"#elementor-action%3Aaction%3Dlightbox%26settings%3DeyJpZCI6MzgyNSwidXJsIjoiaHR0cHM6XC9cL2NoYXJpdHktaGFmZXouY29tXC9kZVwvd3AtY29udGVudFwvdXBsb2Fkc1wvMjAyM1wvMDFcL1x1MDYzNVx1MDY0Nlx1MDYyZlx1MDY0OFx1MDY0MjMuanBnIiwic2xpZGVzaG93IjoiYWxsLWVmOTA5M2YifQ%3D%3D\">\n\t\t\t\t\t<div class=\"e-gallery-image elementor-gallery-item__image\" data-thumbnail=\"https:\/\/charity-hafez.com\/de\/wp-content\/uploads\/2023\/01\/\u0635\u0646\u062f\u0648\u06423-300x223.jpg\" data-width=\"300\" data-height=\"223\" alt=\"\" ><\/div>\n\t\t\t\t\t\t\t\t\t\t\t<div class=\"elementor-gallery-item__overlay\"><\/div>\n\t\t\t\t\t\t\t\t\t\t\t\t\t\t<\/a>\n\t\t\t\t\t<\/div>\n\t\t\t\t\t<\/div>\n\t\t\t\t<\/div>\n\t\t\t\t\t<\/div>\n\t\t<\/div>\n\t\t\t\t\t<\/div>\n\t\t<\/section>\n\t\t\t\t<\/div>\n\t\t","protected":false},"excerpt":{"rendered":"<p>Die Berufsausbildung und Besch\u00e4ftigung von alleinversorgenden Frauen und M\u00e4dchen ist eines der Ziele der Sepehr Charity Foundation. Die Stiftung hat [&hellip;]<\/p>\n","protected":false},"author":1,"featured_media":3794,"parent":0,"menu_order":0,"comment_status":"closed","ping_status":"closed","template":"elementor_header_footer","meta":{"footnotes":""},"categories":[26],"tags":[],"class_list":["post-3792","page","type-page","status-publish","has-post-thumbnail","hentry","category-zusammenarbeit-mit-der-sepehr-charity-foundation"],"_links":{"self":[{"href":"https:\/\/charity-hafez.com\/de\/wp-json\/wp\/v2\/pages\/3792","targetHints":{"allow":["GET"]}}],"collection":[{"href":"https:\/\/charity-hafez.com\/de\/wp-json\/wp\/v2\/pages"}],"about":[{"href":"https:\/\/charity-hafez.com\/de\/wp-json\/wp\/v2\/types\/page"}],"author":[{"embeddable":true,"href":"https:\/\/charity-hafez.com\/de\/wp-json\/wp\/v2\/users\/1"}],"replies":[{"embeddable":true,"href":"https:\/\/charity-hafez.com\/de\/wp-json\/wp\/v2\/comments?post=3792"}],"version-history":[{"count":18,"href":"https:\/\/charity-hafez.com\/de\/wp-json\/wp\/v2\/pages\/3792\/revisions"}],"predecessor-version":[{"id":4201,"href":"https:\/\/charity-hafez.com\/de\/wp-json\/wp\/v2\/pages\/3792\/revisions\/4201"}],"wp:featuredmedia":[{"embeddable":true,"href":"https:\/\/charity-hafez.com\/de\/wp-json\/wp\/v2\/media\/3794"}],"wp:attachment":[{"href":"https:\/\/charity-hafez.com\/de\/wp-json\/wp\/v2\/media?parent=3792"}],"wp:term":[{"taxonomy":"category","embeddable":true,"href":"https:\/\/charity-hafez.com\/de\/wp-json\/wp\/v2\/categories?post=3792"},{"taxonomy":"post_tag","embeddable":true,"href":"https:\/\/charity-hafez.com\/de\/wp-json\/wp\/v2\/tags?post=3792"}],"curies":[{"name":"wp","href":"https:\/\/api.w.org\/{rel}","templated":true}]}}