{"id":671,"date":"2021-06-15T03:45:19","date_gmt":"2021-06-15T00:19:35","guid":{"rendered":"https:\/\/sepehrcharity.com\/hafez?page_id=671"},"modified":"2024-10-25T22:02:03","modified_gmt":"2024-10-25T20:02:03","slug":"history","status":"publish","type":"page","link":"https:\/\/charity-hafez.com\/de\/history\/","title":{"rendered":"Geschichte und Gr\u00fcndung"},"content":{"rendered":"\t\t<div data-elementor-type=\"wp-page\" data-elementor-id=\"671\" class=\"elementor elementor-671\">\n\t\t\t\t\t\t<section class=\"elementor-section elementor-top-section elementor-element elementor-element-a858888 elementor-section-full_width elementor-section-height-default elementor-section-height-default\" data-id=\"a858888\" data-element_type=\"section\">\n\t\t\t\t\t\t<div class=\"elementor-container elementor-column-gap-no\">\n\t\t\t\t\t<div class=\"elementor-column elementor-col-100 elementor-top-column elementor-element elementor-element-f709831\" data-id=\"f709831\" data-element_type=\"column\">\n\t\t\t<div class=\"elementor-widget-wrap elementor-element-populated\">\n\t\t\t\t\t\t<div class=\"elementor-element elementor-element-b6d7e00 elementor-widget elementor-widget-loveicon_about_two\" data-id=\"b6d7e00\" data-element_type=\"widget\" data-widget_type=\"loveicon_about_two.default\">\n\t\t\t\t<div class=\"elementor-widget-container\">\n\t\t\t\t\t\t\t<!--Start About Style2 Area-->\r\n\t\t<section class=\"about-style2-area pd120-0-0\">\r\n\t\t\t<div class=\"container\">\r\n\t\t\t\t<div class=\"row\">\r\n\t\t\t\t\t<div class=\"col-xl-7 text-right-rtl\">\r\n\t\t\t\t\t\t<div class=\"about-style2_content-box\">\r\n\t\t\t\t\t\t\t<div class=\"thm-shape1 wow slideInLeft\" data-wow-delay=\"0ms\" data-wow-duration=\"3500ms\">\r\n\t\t\t\t\t\t\t\t<img decoding=\"async\" class=\"rotate-me lazyload\" data-src=\"https:\/\/charity-hafez.com\/de\/wp-content\/uploads\/2021\/06\/thm-shape-1.png\" alt=\"loveicon\" src=\"data:image\/svg+xml;base64,PHN2ZyB3aWR0aD0iMSIgaGVpZ2h0PSIxIiB4bWxucz0iaHR0cDovL3d3dy53My5vcmcvMjAwMC9zdmciPjwvc3ZnPg==\" style=\"--smush-placeholder-width: 234px; --smush-placeholder-aspect-ratio: 234\/257;\">\r\n\t\t\t\t\t\t\t<\/div>\r\n\t\t\t\t\t\t\t<div class=\"sec-title\">\r\n\t\t\t\t\t\t\t\t<div class=\"sub-title martop0\">\r\n\t\t\t\t\t\t\t\t\t<div class=\"inner\">\r\n\t\t\t\t\t\t\t\t\t\t<h3>Geschichte<\/h3>\r\n\t\t\t\t\t\t\t\t\t<\/div>\r\n\t\t\t\t\t\t\t\t<\/div>\r\n\t\t\t\t\t\t\t\t<h2>Erfahren Sie mehr \u00fcber den Charity Hafez e.V.<\/h2>\r\n\t\t\t\t\t\t\t<\/div>\r\n\t\t\t\t\t\t\t<div class=\"inner-content\">\r\n\t\t\t\t\t\t\t\t<p>Die <strong>Iranische Schule Hafez<\/strong> in Hamburg wurde 1993 gegr\u00fcndet und hat seit Anbeginn ihrer T\u00e4tigkeiten, neben der Lehre der iranischen Sprache in Wort und Schrift, einen wichtigen p\u00e4dagogischen Beitrag zum Erhalt der Kultur und der Traditionen des Irans geleistet.<br>\nDurch die Veranstaltung von Nowruz-Feiern und Fr\u00fchlingsfesten konnten die sch\u00f6nen Seiten der iranischen Kultur, n\u00e4mlich N\u00e4chstenliebe, Wohlt\u00e4tigkeit und Altruismus, n\u00e4her gebracht werden.<br>\nDie <strong>Iranische Schule Hafez<\/strong> hat seit 1993 unter Einbeziehung  wohlwollender Eltern, Lehrer und Freunde ihre Wohlt\u00e4tigkeitsatktivit\u00e4ten durch die Organisation von Festen realisiert.<br><br>\n<strong>Im Rahmen dieser Aktivit\u00e4t, die j\u00e4hrlich quantitative und qualitative Fortschritte machte, konnten Spenden an die folgenden Zentren gemacht werden.\n<\/strong><br\/>\n -  Sepehr Charity Foundation\n<br>\n -  Vahdat Charity Verein\n<br>\n -  Gemeinn\u00fctziger Verein zur Unterst\u00fctzung krebskranker Kinder (Mahak)\n<br>\n - Bildungszentrum f\u00fcr Behinderte 1 und 2\n<br>\n -  F\u00f6rderverein f\u00fcr geistig und k\u00f6rperlich Behinderte 7.Tir\n<br>\n -  Unterst\u00fctzung der benachteiligten und bed\u00fcrftigen Kinder von Qarchak  Varamin\n<br><\/p>\r\n\t\t\t\t\t\t\t\t<ul>\r\n\r\n\t\t\t\t\t\t\t\t\t\t\t\t\t\t\t\t\t\t\t<li class=\"\">\r\n\t\t\t\t\t\t\t\t\t\t\t<div class=\"left\">\r\n\t\t\t\t\t\t\t\t\t\t\t\t<div class=\"icon\">\r\n\t\t\t\t\t\t\t\t\t\t\t\t\t\t\t\t\t\t\t\t\t\t\t\t\t<\/div>\r\n\t\t\t\t\t\t\t\t\t\t\t\t<div class=\"count-outer count-box style4\">\r\n\t\t\t\t\t\t\t\t\t\t\t\t\t<span class=\"count-text\" data-speed=\"3000\" data-stop=\"30\">30<\/span><span>Jahre<\/span>\r\n\t\t\t\t\t\t\t\t\t\t\t\t\t<h5><\/h5>\r\n\t\t\t\t\t\t\t\t\t\t\t\t<\/div>\r\n\t\t\t\t\t\t\t\t\t\t\t<\/div>\r\n\t\t\t\t\t\t\t\t\t\t\t<div class=\"right\">\r\n\t\t\t\t\t\t\t\t\t\t\t\t<div class=\"text\">\r\n\t\t\t\t\t\t\t\t\t\t\t\t\t<p>Erfolg im Dienste<\/p>\r\n\t\t\t\t\t\t\t\t\t\t\t\t<\/div>\r\n\t\t\t\t\t\t\t\t\t\t\t<\/div>\r\n\t\t\t\t\t\t\t\t\t\t<\/li>\r\n\t\t\t\t\t\t\t\t\t\r\n\t\t\t\t\t\t\t\t<\/ul>\r\n\t\t\t\t\t\t\t<\/div>\r\n\t\t\t\t\t\t<\/div>\r\n\t\t\t\t\t<\/div>\r\n\r\n\t\t\t\t\t<div class=\"col-xl-5\">\r\n\t\t\t\t\t\t<div class=\"about-style2_image-box\">\r\n\t\t\t\t\t\t\t<img fetchpriority=\"high\" decoding=\"async\" width=\"485\" height=\"530\" src=\"https:\/\/charity-hafez.com\/de\/wp-content\/uploads\/2022\/12\/\u062a\u0627\u0631\u06cc\u062e\u0686\u0647.jpg\" class=\"attachment-full size-full\" alt=\"\" \/>\t\t\t\t\t\t<\/div>\r\n\t\t\t\t\t<\/div>\r\n\r\n\t\t\t\t<\/div>\r\n\t\t\t<\/div>\r\n\t\t<\/section>\r\n\t\t<!--End About Style2 Area-->\r\n\t\t\t\t<\/div>\n\t\t\t\t<\/div>\n\t\t\t\t\t<\/div>\n\t\t<\/div>\n\t\t\t\t\t<\/div>\n\t\t<\/section>\n\t\t\t\t<section class=\"elementor-section elementor-top-section elementor-element elementor-element-180e53f elementor-section-full_width elementor-section-height-default elementor-section-height-default\" data-id=\"180e53f\" data-element_type=\"section\">\n\t\t\t\t\t\t<div class=\"elementor-container elementor-column-gap-default\">\n\t\t\t\t\t<div class=\"elementor-column elementor-col-100 elementor-top-column elementor-element elementor-element-ff52e97\" data-id=\"ff52e97\" data-element_type=\"column\">\n\t\t\t<div class=\"elementor-widget-wrap\">\n\t\t\t\t\t\t\t<\/div>\n\t\t<\/div>\n\t\t\t\t\t<\/div>\n\t\t<\/section>\n\t\t\t\t<section class=\"elementor-section elementor-top-section elementor-element elementor-element-4a28add elementor-section-boxed elementor-section-height-default elementor-section-height-default\" data-id=\"4a28add\" data-element_type=\"section\">\n\t\t\t\t\t\t<div class=\"elementor-container elementor-column-gap-default\">\n\t\t\t\t\t<div class=\"elementor-column elementor-col-100 elementor-top-column elementor-element elementor-element-6b9b252\" data-id=\"6b9b252\" data-element_type=\"column\">\n\t\t\t<div class=\"elementor-widget-wrap elementor-element-populated\">\n\t\t\t\t\t\t<div class=\"elementor-element elementor-element-e5071a0 elementor-widget elementor-widget-text-editor\" data-id=\"e5071a0\" data-element_type=\"widget\" data-widget_type=\"text-editor.default\">\n\t\t\t\t<div class=\"elementor-widget-container\">\n\t\t\t\t\t\t\t\t\t<h3 style=\"text-align: left;\"><strong>Gr\u00fcndung des Charity Hafez e.V.<\/strong> :<\/h3><p style=\"text-align: left;\">Die langj\u00e4hrigen Bem\u00fchungen der wohlwollenden Eltern der <strong>Iranischen Schule Hafez<\/strong>, um Spenden f\u00fcr die humanit\u00e4re Hilfe und Unterst\u00fctzung der hilfsbed\u00fcrftigen Kinder und Jugendlichen im Iran bereitzustellen, m\u00fcndeten in der Vereinsgr\u00fcndung des <strong>Charity Hafez e.V.<\/strong> am 20.06.2011 und der Eintragung in das Vereinsregister der Stadt Hamburg unter der Nummer VR 21142. Auf diese Weise konnten die guten Absichten und hohen Ziele weiter vorangetrieben werden.<\/p>\t\t\t\t\t\t\t\t<\/div>\n\t\t\t\t<\/div>\n\t\t\t\t\t<\/div>\n\t\t<\/div>\n\t\t\t\t\t<\/div>\n\t\t<\/section>\n\t\t\t\t<\/div>\n\t\t","protected":false},"excerpt":{"rendered":"<p>Geschichte Erfahren Sie mehr \u00fcber den Charity Hafez e.V. Die Iranische Schule Hafez in Hamburg wurde 1993 gegr\u00fcndet und hat [&hellip;]<\/p>\n","protected":false},"author":1,"featured_media":2598,"parent":0,"menu_order":0,"comment_status":"closed","ping_status":"closed","template":"elementor_header_footer","meta":{"footnotes":""},"categories":[],"tags":[],"class_list":["post-671","page","type-page","status-publish","has-post-thumbnail","hentry"],"_links":{"self":[{"href":"https:\/\/charity-hafez.com\/de\/wp-json\/wp\/v2\/pages\/671","targetHints":{"allow":["GET"]}}],"collection":[{"href":"https:\/\/charity-hafez.com\/de\/wp-json\/wp\/v2\/pages"}],"about":[{"href":"https:\/\/charity-hafez.com\/de\/wp-json\/wp\/v2\/types\/page"}],"author":[{"embeddable":true,"href":"https:\/\/charity-hafez.com\/de\/wp-json\/wp\/v2\/users\/1"}],"replies":[{"embeddable":true,"href":"https:\/\/charity-hafez.com\/de\/wp-json\/wp\/v2\/comments?post=671"}],"version-history":[{"count":129,"href":"https:\/\/charity-hafez.com\/de\/wp-json\/wp\/v2\/pages\/671\/revisions"}],"predecessor-version":[{"id":4180,"href":"https:\/\/charity-hafez.com\/de\/wp-json\/wp\/v2\/pages\/671\/revisions\/4180"}],"wp:featuredmedia":[{"embeddable":true,"href":"https:\/\/charity-hafez.com\/de\/wp-json\/wp\/v2\/media\/2598"}],"wp:attachment":[{"href":"https:\/\/charity-hafez.com\/de\/wp-json\/wp\/v2\/media?parent=671"}],"wp:term":[{"taxonomy":"category","embeddable":true,"href":"https:\/\/charity-hafez.com\/de\/wp-json\/wp\/v2\/categories?post=671"},{"taxonomy":"post_tag","embeddable":true,"href":"https:\/\/charity-hafez.com\/de\/wp-json\/wp\/v2\/tags?post=671"}],"curies":[{"name":"wp","href":"https:\/\/api.w.org\/{rel}","templated":true}]}}