{"id":768,"date":"2021-06-15T07:05:30","date_gmt":"2021-06-15T03:39:46","guid":{"rendered":"https:\/\/sepehrcharity.com\/hafez?page_id=768"},"modified":"2024-10-25T22:12:49","modified_gmt":"2024-10-25T20:12:49","slug":"our-team","status":"publish","type":"page","link":"https:\/\/charity-hafez.com\/de\/our-team\/","title":{"rendered":"Vorstand"},"content":{"rendered":"\t\t<div data-elementor-type=\"wp-page\" data-elementor-id=\"768\" class=\"elementor elementor-768\">\n\t\t\t\t\t\t<section class=\"elementor-section elementor-top-section elementor-element elementor-element-9a921c8 elementor-section-boxed elementor-section-height-default elementor-section-height-default\" data-id=\"9a921c8\" data-element_type=\"section\">\n\t\t\t\t\t\t<div class=\"elementor-container elementor-column-gap-default\">\n\t\t\t\t\t<div class=\"elementor-column elementor-col-100 elementor-top-column elementor-element elementor-element-f9432d9\" data-id=\"f9432d9\" data-element_type=\"column\">\n\t\t\t<div class=\"elementor-widget-wrap elementor-element-populated\">\n\t\t\t\t\t\t<div class=\"elementor-element elementor-element-484607c elementor-widget elementor-widget-heading\" data-id=\"484607c\" data-element_type=\"widget\" data-widget_type=\"heading.default\">\n\t\t\t\t<div class=\"elementor-widget-container\">\n\t\t\t\t\t<h2 class=\"elementor-heading-title elementor-size-default\">Die Gesch\u00e4fte des Charity Hafez e.V. werden von einem Vorstand gef\u00fchrt, der aus sechs Mitgliedern besteht:<\/h2>\t\t\t\t<\/div>\n\t\t\t\t<\/div>\n\t\t\t\t<div class=\"elementor-element elementor-element-6863c61 elementor-widget elementor-widget-text-editor\" data-id=\"6863c61\" data-element_type=\"widget\" data-widget_type=\"text-editor.default\">\n\t\t\t\t<div class=\"elementor-widget-container\">\n\t\t\t\t\t\t\t\t\t<p style=\"text-align: left;\">Der Vorstand besteht aus einem Vorstandsvorsitzenden, drei Vorstandsmitgliedern und zwei Schatzmeistern. Au\u00dferdem werden zwei Finanzpr\u00fcfer gew\u00e4hlt.<\/p>\t\t\t\t\t\t\t\t<\/div>\n\t\t\t\t<\/div>\n\t\t\t\t\t<\/div>\n\t\t<\/div>\n\t\t\t\t\t<\/div>\n\t\t<\/section>\n\t\t\t\t<section class=\"elementor-section elementor-top-section elementor-element elementor-element-3efc5f0 elementor-section-full_width elementor-section-height-default elementor-section-height-default\" data-id=\"3efc5f0\" data-element_type=\"section\">\n\t\t\t\t\t\t<div class=\"elementor-container elementor-column-gap-no\">\n\t\t\t\t\t<div class=\"elementor-column elementor-col-100 elementor-top-column elementor-element elementor-element-4975353\" data-id=\"4975353\" data-element_type=\"column\">\n\t\t\t<div class=\"elementor-widget-wrap elementor-element-populated\">\n\t\t\t\t\t\t<div class=\"elementor-element elementor-element-ee19d83 elementor-widget elementor-widget-loveicon_team_two\" data-id=\"ee19d83\" data-element_type=\"widget\" data-widget_type=\"loveicon_team_two.default\">\n\t\t\t\t<div class=\"elementor-widget-container\">\n\t\t\t\t\t        <!--Start Team Style2 Area-->\r\n        <section class=\"team-style2-area\">\r\n            <div class=\"container\">\r\n                <div class=\"row\">\r\n                                            <div class=\"col-xl-3 col-lg-4\">\r\n                            <div class=\"single-team-style2\">\r\n                                <div class=\"img-holder\">\r\n                                    <div class=\"inner\">\r\n                                        <img fetchpriority=\"high\" decoding=\"async\" width=\"1524\" height=\"976\" src=\"https:\/\/charity-hafez.com\/de\/wp-content\/uploads\/2022\/11\/l60Hf.png\" class=\"attachment-full size-full\" alt=\"\" \/>                                    <\/div>\r\n                                <\/div>\r\n                                <div class=\"title-holder\">\r\n                                    <h4>Vorstandsvorsitzender <\/h4>\r\n                                    <p><\/p>\r\n                                    <ul class=\"social-icon\">\r\n                                                                            <\/ul>\r\n                                <\/div>\r\n                            <\/div>\r\n                        <\/div>\r\n                                            <div class=\"col-xl-3 col-lg-4\">\r\n                            <div class=\"single-team-style2\">\r\n                                <div class=\"img-holder\">\r\n                                    <div class=\"inner\">\r\n                                        <img fetchpriority=\"high\" decoding=\"async\" width=\"1524\" height=\"976\" src=\"https:\/\/charity-hafez.com\/de\/wp-content\/uploads\/2022\/11\/l60Hf.png\" class=\"attachment-full size-full\" alt=\"\" \/>                                    <\/div>\r\n                                <\/div>\r\n                                <div class=\"title-holder\">\r\n                                    <h4>Stellvertreter des Vorstandsvorsitzenden <\/h4>\r\n                                    <p><\/p>\r\n                                    <ul class=\"social-icon\">\r\n                                                                            <\/ul>\r\n                                <\/div>\r\n                            <\/div>\r\n                        <\/div>\r\n                                            <div class=\"col-xl-3 col-lg-4\">\r\n                            <div class=\"single-team-style2\">\r\n                                <div class=\"img-holder\">\r\n                                    <div class=\"inner\">\r\n                                        <img fetchpriority=\"high\" decoding=\"async\" width=\"1524\" height=\"976\" src=\"https:\/\/charity-hafez.com\/de\/wp-content\/uploads\/2022\/11\/l60Hf.png\" class=\"attachment-full size-full\" alt=\"\" \/>                                    <\/div>\r\n                                <\/div>\r\n                                <div class=\"title-holder\">\r\n                                    <h4>Vorstandsmitglieder<\/h4>\r\n                                    <p><\/p>\r\n                                    <ul class=\"social-icon\">\r\n                                                                            <\/ul>\r\n                                <\/div>\r\n                            <\/div>\r\n                        <\/div>\r\n                                            <div class=\"col-xl-3 col-lg-4\">\r\n                            <div class=\"single-team-style2\">\r\n                                <div class=\"img-holder\">\r\n                                    <div class=\"inner\">\r\n                                        <img fetchpriority=\"high\" decoding=\"async\" width=\"1524\" height=\"976\" src=\"https:\/\/charity-hafez.com\/de\/wp-content\/uploads\/2022\/11\/l60Hf.png\" class=\"attachment-full size-full\" alt=\"\" \/>                                    <\/div>\r\n                                <\/div>\r\n                                <div class=\"title-holder\">\r\n                                    <h4>Schatzmeister <\/h4>\r\n                                    <p><\/p>\r\n                                    <ul class=\"social-icon\">\r\n                                                                            <\/ul>\r\n                                <\/div>\r\n                            <\/div>\r\n                        <\/div>\r\n                                    <\/div>\r\n            <\/div>\r\n        <\/section>\r\n\t\t\t\t<\/div>\n\t\t\t\t<\/div>\n\t\t\t\t\t<\/div>\n\t\t<\/div>\n\t\t\t\t\t<\/div>\n\t\t<\/section>\n\t\t\t\t<section class=\"elementor-section elementor-top-section elementor-element elementor-element-7bae3ea elementor-section-boxed elementor-section-height-default elementor-section-height-default\" data-id=\"7bae3ea\" data-element_type=\"section\">\n\t\t\t\t\t\t<div class=\"elementor-container elementor-column-gap-default\">\n\t\t\t\t\t<div class=\"elementor-column elementor-col-100 elementor-top-column elementor-element elementor-element-f848914\" data-id=\"f848914\" data-element_type=\"column\">\n\t\t\t<div class=\"elementor-widget-wrap elementor-element-populated\">\n\t\t\t\t\t\t<div class=\"elementor-element elementor-element-17c5956 elementor-widget elementor-widget-text-editor\" data-id=\"17c5956\" data-element_type=\"widget\" data-widget_type=\"text-editor.default\">\n\t\t\t\t<div class=\"elementor-widget-container\">\n\t\t\t\t\t\t\t\t\t<p style=\"text-align: left;\">Nach dem deutschen Gesetz, \u00a7 26, sind zwei Vorstandsmitglieder gemeinsam zur Vertretung des Vereins berechtigt. Die Vorstandsmitglieder werden alle drei Jahre von der Mitgliederversammlung gew\u00e4hlt.<\/p>\t\t\t\t\t\t\t\t<\/div>\n\t\t\t\t<\/div>\n\t\t\t\t\t<\/div>\n\t\t<\/div>\n\t\t\t\t\t<\/div>\n\t\t<\/section>\n\t\t\t\t<\/div>\n\t\t","protected":false},"excerpt":{"rendered":"<p>Die Gesch\u00e4fte des Charity Hafez e.V. werden von einem Vorstand gef\u00fchrt, der aus sechs Mitgliedern besteht: Der Vorstand besteht aus [&hellip;]<\/p>\n","protected":false},"author":1,"featured_media":3720,"parent":0,"menu_order":0,"comment_status":"closed","ping_status":"closed","template":"elementor_header_footer","meta":{"footnotes":""},"categories":[2],"tags":[],"class_list":["post-768","page","type-page","status-publish","has-post-thumbnail","hentry","category-uber-den-charity-hafez-e-v"],"_links":{"self":[{"href":"https:\/\/charity-hafez.com\/de\/wp-json\/wp\/v2\/pages\/768","targetHints":{"allow":["GET"]}}],"collection":[{"href":"https:\/\/charity-hafez.com\/de\/wp-json\/wp\/v2\/pages"}],"about":[{"href":"https:\/\/charity-hafez.com\/de\/wp-json\/wp\/v2\/types\/page"}],"author":[{"embeddable":true,"href":"https:\/\/charity-hafez.com\/de\/wp-json\/wp\/v2\/users\/1"}],"replies":[{"embeddable":true,"href":"https:\/\/charity-hafez.com\/de\/wp-json\/wp\/v2\/comments?post=768"}],"version-history":[{"count":45,"href":"https:\/\/charity-hafez.com\/de\/wp-json\/wp\/v2\/pages\/768\/revisions"}],"predecessor-version":[{"id":4187,"href":"https:\/\/charity-hafez.com\/de\/wp-json\/wp\/v2\/pages\/768\/revisions\/4187"}],"wp:featuredmedia":[{"embeddable":true,"href":"https:\/\/charity-hafez.com\/de\/wp-json\/wp\/v2\/media\/3720"}],"wp:attachment":[{"href":"https:\/\/charity-hafez.com\/de\/wp-json\/wp\/v2\/media?parent=768"}],"wp:term":[{"taxonomy":"category","embeddable":true,"href":"https:\/\/charity-hafez.com\/de\/wp-json\/wp\/v2\/categories?post=768"},{"taxonomy":"post_tag","embeddable":true,"href":"https:\/\/charity-hafez.com\/de\/wp-json\/wp\/v2\/tags?post=768"}],"curies":[{"name":"wp","href":"https:\/\/api.w.org\/{rel}","templated":true}]}}